{"id":78,"date":"2025-02-28T10:00:17","date_gmt":"2025-02-28T16:00:17","guid":{"rendered":"http:\/\/web2.uqi.edu.mx\/?page_id=78"},"modified":"2026-03-18T17:45:59","modified_gmt":"2026-03-18T17:45:59","slug":"universidad","status":"publish","type":"page","link":"https:\/\/uqi.edu.mx\/?page_id=78","title":{"rendered":"Semestral"},"content":{"rendered":"\n<div class=\"wp-block-columns alignfull has-base-color has-custom-color-1-background-color has-text-color has-background has-link-color wp-elements-776fd6cde0d486cf8fcff61ca3fff11e is-layout-flex wp-container-core-columns-is-layout-4bd44da7 wp-block-columns-is-layout-flex\" style=\"margin-top:0;margin-bottom:0;padding-top:0;padding-right:0;padding-bottom:0;padding-left:0\">\n<div class=\"wp-block-column is-vertically-aligned-center is-layout-flow wp-block-column-is-layout-flow\" style=\"flex-basis:50%\">\n<figure class=\"wp-block-image size-full\"><img decoding=\"async\" src=\"http:\/\/uqi.edu.mx\/wp-content\/uploads\/2025\/03\/1-2.jpg\" alt=\"\" class=\"wp-image-230\"\/><\/figure>\n<\/div>\n\n\n\n<div class=\"wp-block-column is-vertically-aligned-center is-layout-flow wp-block-column-is-layout-flow\" style=\"padding-top:0;padding-right:0;padding-bottom:0;padding-left:0;flex-basis:50%\">\n<div class=\"wp-block-group has-global-padding is-layout-constrained wp-container-core-group-is-layout-b04b017e wp-block-group-is-layout-constrained\" style=\"padding-top:var(--wp--preset--spacing--70);padding-right:10%;padding-bottom:var(--wp--preset--spacing--70);padding-left:10%\">\n<h2 class=\"wp-block-heading has-x-large-font-size\">ARQUITECTURA<\/h2>\n\n\n\n<p class=\"has-text-align-justify has-small-font-size\">Estudiar Arquitectura en la UQI brinda a los alumnos los conocimientos para planear, gestionar y desarrollar proyectos de arquitectura, con las m\u00e1s recientes t\u00e9cnicas en construcci\u00f3n y dise\u00f1o, considerando los elementos m\u00e1s importantes como el urbanismo y la sustentabilidad, con la combinaci\u00f3n de la gesti\u00f3n y administraci\u00f3n de proyectos.<\/p>\n\n\n\n<p class=\"has-x-small-font-size\">Acuerdo ante la S.E.P. 962115 30 de agosto de 1996<\/p>\n\n\n\n<div class=\"wp-block-buttons is-layout-flex wp-block-buttons-is-layout-flex\">\n<div class=\"wp-block-button is-style-outline is-style-outline--1\"><a class=\"wp-block-button__link has-background-color has-text-color has-background has-link-color has-border-color has-base-border-color wp-element-button\" href=\"http:\/\/uqi.edu.mx\/?page_id=374\" style=\"border-width:2px;background-color:#f39b0d\">Leer m\u00e1s<\/a><\/div>\n<\/div>\n<\/div>\n<\/div>\n<\/div>\n\n\n\n<div class=\"wp-block-columns alignfull has-base-color has-text-color has-background has-link-color wp-elements-764aee15d4b2c6399977491362587aea is-layout-flex wp-container-core-columns-is-layout-6962f912 wp-block-columns-is-layout-flex\" style=\"background-color:#f39b0d;margin-top:0;margin-bottom:0;padding-top:0;padding-right:0;padding-bottom:0;padding-left:0\">\n<div class=\"wp-block-column is-vertically-aligned-center is-layout-flow wp-block-column-is-layout-flow\" style=\"flex-basis:50%\">\n<figure class=\"wp-block-image size-full\"><img loading=\"lazy\" decoding=\"async\" width=\"2560\" height=\"1707\" src=\"https:\/\/uqi.edu.mx\/wp-content\/uploads\/2025\/05\/3-5-scaled.jpg\" alt=\"\" class=\"wp-image-856\" srcset=\"https:\/\/uqi.edu.mx\/wp-content\/uploads\/2025\/05\/3-5-scaled.jpg 2560w, https:\/\/uqi.edu.mx\/wp-content\/uploads\/2025\/05\/3-5-300x200.jpg 300w, https:\/\/uqi.edu.mx\/wp-content\/uploads\/2025\/05\/3-5-1024x683.jpg 1024w, https:\/\/uqi.edu.mx\/wp-content\/uploads\/2025\/05\/3-5-768x512.jpg 768w, https:\/\/uqi.edu.mx\/wp-content\/uploads\/2025\/05\/3-5-1536x1024.jpg 1536w, https:\/\/uqi.edu.mx\/wp-content\/uploads\/2025\/05\/3-5-2048x1365.jpg 2048w\" sizes=\"auto, (max-width: 2560px) 100vw, 2560px\" \/><\/figure>\n<\/div>\n\n\n\n<div class=\"wp-block-column is-vertically-aligned-center is-layout-flow wp-block-column-is-layout-flow\" style=\"padding-top:0;padding-right:0;padding-bottom:0;padding-left:0;flex-basis:50%\">\n<div class=\"wp-block-group has-global-padding is-layout-constrained wp-container-core-group-is-layout-b04b017e wp-block-group-is-layout-constrained\" style=\"padding-top:var(--wp--preset--spacing--70);padding-right:10%;padding-bottom:var(--wp--preset--spacing--70);padding-left:10%\">\n<h2 class=\"wp-block-heading has-x-large-font-size\">CIENCIAS DE LA <strong>COMUNICACI\u00d3N <\/strong><\/h2>\n\n\n\n<p class=\"has-text-align-justify has-small-font-size\">Emplear los principales y m\u00e1s novedosos enfoques, instrumentos metodolog\u00edas, tecnolog\u00edas y estrategias actuales en el \u00e1rea de la comunicaci\u00f3n de manera creativa a fin de optimizar los procesos de producci\u00f3n radiof\u00f3nica, televisiva, cinematogr\u00e1fica y publicitaria, y as\u00ed visualizarlos en beneficio de la sociedad; todo ello a trav\u00e9s de la reflexi\u00f3n cr\u00edtica y anal\u00edtica del entorno social y mundial, y con un comportamiento profesional apegado a la \u00e9tica y a la b\u00fasqueda de la verdad.<\/p>\n\n\n\n<p class=\"has-x-small-font-size\">Acuerdo ante la S.E.P. 2022111 junio 28 del 2002<\/p>\n\n\n\n<div class=\"wp-block-buttons is-layout-flex wp-block-buttons-is-layout-flex\">\n<div class=\"wp-block-button is-style-outline is-style-outline--2\"><a class=\"wp-block-button__link has-background-color has-custom-color-1-background-color has-text-color has-background has-link-color has-border-color has-base-border-color wp-element-button\" href=\"https:\/\/uqi.edu.mx\/?page_id=338\" style=\"border-width:2px\">Leer m\u00e1s<\/a><\/div>\n<\/div>\n<\/div>\n<\/div>\n<\/div>\n\n\n\n<div class=\"wp-block-columns alignfull has-base-color has-custom-color-1-background-color has-text-color has-background has-link-color wp-elements-46e5aefa2ba4299363fe128ce745a039 is-layout-flex wp-container-core-columns-is-layout-4bd44da7 wp-block-columns-is-layout-flex\" style=\"margin-top:0;margin-bottom:0;padding-top:0;padding-right:0;padding-bottom:0;padding-left:0\">\n<div class=\"wp-block-column is-vertically-aligned-center is-layout-flow wp-block-column-is-layout-flow\" style=\"flex-basis:50%\">\n<figure class=\"wp-block-image size-full\"><img decoding=\"async\" src=\"http:\/\/uqi.edu.mx\/wp-content\/uploads\/2025\/03\/3-16.jpg\" alt=\"\" class=\"wp-image-351\"\/><\/figure>\n<\/div>\n\n\n\n<div class=\"wp-block-column is-vertically-aligned-center is-layout-flow wp-block-column-is-layout-flow\" style=\"padding-top:0;padding-right:0;padding-bottom:0;padding-left:0;flex-basis:50%\">\n<div class=\"wp-block-group has-global-padding is-layout-constrained wp-container-core-group-is-layout-b04b017e wp-block-group-is-layout-constrained\" style=\"padding-top:var(--wp--preset--spacing--70);padding-right:10%;padding-bottom:var(--wp--preset--spacing--70);padding-left:10%\">\n<h2 class=\"wp-block-heading has-x-large-font-size\">INGENIER\u00cdA CIVIL<\/h2>\n\n\n\n<p class=\"has-text-align-justify has-small-font-size\">Formar profesionistas proactivos con un alto grado de compromiso social, \u00e9tico y profesional que tengan las habilidades y conocimientos b\u00e1sicos indispensables para planear, dise\u00f1ar, construir y operar los sistemas que demandan las diferentes \u00e1reas que conforman el ejercicio profesional de la ingenier\u00eda civil: carreteras, aeropuertos, v\u00edas f\u00e9rreas, puentes, estructuras, redes de agua potable, drenaje, rellenos sanitarios, plantas de tratamiento, proyectos ambientales etc.<\/p>\n\n\n\n<p class=\"has-x-small-font-size\">Acuerdo ante la S.E.P. 20254489 16 de diciembre de 2025<\/p>\n\n\n\n<div class=\"wp-block-buttons is-layout-flex wp-block-buttons-is-layout-flex\">\n<div class=\"wp-block-button is-style-outline is-style-outline--3\"><a class=\"wp-block-button__link has-background-color has-text-color has-background has-link-color has-border-color has-base-border-color wp-element-button\" href=\"http:\/\/uqi.edu.mx\/?page_id=367\" style=\"border-width:2px;background-color:#f39b0d\">Leer m\u00e1s<\/a><\/div>\n<\/div>\n<\/div>\n<\/div>\n<\/div>\n\n\n\n<div class=\"wp-block-columns alignfull has-base-color has-text-color has-background has-link-color wp-elements-b331cfd732d23622088861627554718a is-layout-flex wp-container-core-columns-is-layout-4bd44da7 wp-block-columns-is-layout-flex\" style=\"background-color:#27a2ea;margin-top:0;margin-bottom:0;padding-top:0;padding-right:0;padding-bottom:0;padding-left:0\">\n<div class=\"wp-block-column is-vertically-aligned-center is-layout-flow wp-block-column-is-layout-flow\" style=\"flex-basis:50%\">\n<figure class=\"wp-block-image size-full\"><img decoding=\"async\" src=\"http:\/\/uqi.edu.mx\/wp-content\/uploads\/2025\/03\/2-1.jpg\" alt=\"\" class=\"wp-image-233\"\/><\/figure>\n<\/div>\n\n\n\n<div class=\"wp-block-column is-vertically-aligned-center is-layout-flow wp-block-column-is-layout-flow\" style=\"padding-top:0;padding-right:0;padding-bottom:0;padding-left:0;flex-basis:50%\">\n<div class=\"wp-block-group has-global-padding is-layout-constrained wp-container-core-group-is-layout-b04b017e wp-block-group-is-layout-constrained\" style=\"padding-top:var(--wp--preset--spacing--70);padding-right:10%;padding-bottom:var(--wp--preset--spacing--70);padding-left:10%\">\n<h2 class=\"wp-block-heading has-x-large-font-size\">MEDICINA<\/h2>\n\n\n\n<p class=\"has-text-align-justify has-small-font-size\">Desde el primer d\u00eda, nuestros estudiantes se sumergen en un entorno acad\u00e9mico riguroso y din\u00e1mico, que les permite desarrollar habilidades cient\u00edficas y t\u00e9cnicas necesarias para ofrecer un cuidado de salud de alta calidad. A lo largo de los a\u00f1os de estudio, tendr\u00e1s la oportunidad de conocer la anatom\u00eda, la fisiolog\u00eda, la farmacolog\u00eda, la patolog\u00eda, entre otras \u00e1reas fundamentales, todo mientras desarrollas una profunda comprensi\u00f3n \u00e9tica y humanista de la medicina.<\/p>\n\n\n\n<p class=\"has-x-small-font-size\">Acuerdo ante la S.E.P. 20100580 mayo 31 de 2010 \/ reacreditada por COMAEM&nbsp; 2018<\/p>\n\n\n\n<div class=\"wp-block-buttons is-layout-flex wp-block-buttons-is-layout-flex\">\n<div class=\"wp-block-button is-style-outline is-style-outline--4\"><a class=\"wp-block-button__link has-background-color has-text-color has-link-color has-border-color has-base-border-color wp-element-button\" href=\"http:\/\/uqi.edu.mx\/?page_id=474\" style=\"border-width:2px\">Leer m\u00e1s<\/a><\/div>\n<\/div>\n<\/div>\n<\/div>\n<\/div>\n\n\n\n<div class=\"wp-block-columns alignfull has-base-color has-text-color has-background has-link-color wp-elements-1a547b2cd9bbb6dcd5e9105436eef2cc is-layout-flex wp-container-core-columns-is-layout-4bd44da7 wp-block-columns-is-layout-flex\" style=\"background-color:#20b3f5;margin-top:0;margin-bottom:0;padding-top:0;padding-right:0;padding-bottom:0;padding-left:0\">\n<div class=\"wp-block-column is-vertically-aligned-center is-layout-flow wp-block-column-is-layout-flow\" style=\"flex-basis:50%\">\n<figure class=\"wp-block-image size-full\"><img decoding=\"async\" src=\"http:\/\/uqi.edu.mx\/wp-content\/uploads\/2025\/03\/2-15.jpg\" alt=\"\" class=\"wp-image-350\"\/><\/figure>\n<\/div>\n\n\n\n<div class=\"wp-block-column is-vertically-aligned-center is-layout-flow wp-block-column-is-layout-flow\" style=\"padding-top:0;padding-right:0;padding-bottom:0;padding-left:0;flex-basis:50%\">\n<div class=\"wp-block-group has-global-padding is-layout-constrained wp-container-core-group-is-layout-b04b017e wp-block-group-is-layout-constrained\" style=\"padding-top:var(--wp--preset--spacing--70);padding-right:10%;padding-bottom:var(--wp--preset--spacing--70);padding-left:10%\">\n<h2 class=\"wp-block-heading has-x-large-font-size\">ODONTOLOG\u00cdA<\/h2>\n\n\n\n<p class=\"has-text-align-justify has-small-font-size\">La Licenciatura en Odontolog\u00eda tiene como principal objetivo formar profesionales con adecuados conocimientos, habilidades, actitudes y competencias que sean capaces de mantener y proporcionar la calidad de vida de los pacientes, mediante la prevenci\u00f3n de las enfermedades bucales, para que puedan prevenir, diagnosticar y brindar tratamientos de la salud bucal a la poblaci\u00f3n demandante de diversos rangos de edad de un modo \u00e9tico con eficiencia y seguridad.<\/p>\n\n\n\n<p class=\"has-x-small-font-size\">Acuerdo ante la S.E.P. 20253030 11 de septiembre de 2025<\/p>\n\n\n\n<div class=\"wp-block-buttons is-layout-flex wp-block-buttons-is-layout-flex\">\n<div class=\"wp-block-button is-style-outline is-style-outline--5\"><a class=\"wp-block-button__link has-background-color has-text-color has-link-color has-border-color has-base-border-color wp-element-button\" href=\"http:\/\/uqi.edu.mx\/?page_id=468\" style=\"border-width:2px\">Leer m\u00e1s<\/a><\/div>\n<\/div>\n<\/div>\n<\/div>\n<\/div>\n\n\n\n<div class=\"wp-block-columns alignfull has-base-color has-custom-color-1-background-color has-text-color has-background has-link-color wp-elements-ed57030de5123b5a507bbd2c02fa991c is-layout-flex wp-container-core-columns-is-layout-4bd44da7 wp-block-columns-is-layout-flex\" style=\"margin-top:0;margin-bottom:0;padding-top:0;padding-right:0;padding-bottom:0;padding-left:0\">\n<div class=\"wp-block-column is-vertically-aligned-center is-layout-flow wp-block-column-is-layout-flow\" style=\"flex-basis:50%\">\n<figure class=\"wp-block-image size-full\"><img decoding=\"async\" src=\"http:\/\/uqi.edu.mx\/wp-content\/uploads\/2025\/03\/2-3.jpg\" alt=\"\" class=\"wp-image-235\"\/><\/figure>\n<\/div>\n\n\n\n<div class=\"wp-block-column is-vertically-aligned-center is-layout-flow wp-block-column-is-layout-flow\" style=\"padding-top:0;padding-right:0;padding-bottom:0;padding-left:0;flex-basis:50%\">\n<div class=\"wp-block-group has-global-padding is-layout-constrained wp-container-core-group-is-layout-b04b017e wp-block-group-is-layout-constrained\" style=\"padding-top:var(--wp--preset--spacing--70);padding-right:10%;padding-bottom:var(--wp--preset--spacing--70);padding-left:10%\">\n<h2 class=\"wp-block-heading has-x-large-font-size\">PSICOLOG\u00cdA<\/h2>\n\n\n\n<p class=\"has-text-align-justify has-small-font-size\">En la Licenciatura de Psicolog\u00eda, nuestro objetivo principal es formarte como profesionista l\u00edder, con calidad, integridad, proactividad y dinamismo; para que seas capaz de afrontar las necesidades de los pacientes, empresarios y alumnos con integridad y \u00e9tica, teniendo como resultado la salud mental y la calidad de vida.<\/p>\n\n\n\n<p class=\"has-x-small-font-size\">Acuerdo ante la SEP 962120 agosto 30 de 1996<\/p>\n\n\n\n<div class=\"wp-block-buttons is-layout-flex wp-block-buttons-is-layout-flex\">\n<div class=\"wp-block-button is-style-outline is-style-outline--6\"><a class=\"wp-block-button__link has-background-color has-text-color has-background has-link-color has-border-color has-base-border-color wp-element-button\" href=\"http:\/\/uqi.edu.mx\/?page_id=358\" style=\"border-width:2px;background-color:#f39b0d\">Leer m\u00e1s<\/a><\/div>\n<\/div>\n<\/div>\n<\/div>\n<\/div>\n","protected":false},"excerpt":{"rendered":"<p>ARQUITECTURA Estudiar Arquitectura en la UQI brinda a los alumnos los conocimientos para planear, gestionar y desarrollar proyectos de arquitectura, con las m\u00e1s recientes t\u00e9cnicas en construcci\u00f3n y dise\u00f1o, considerando los elementos m\u00e1s importantes como el urbanismo y la sustentabilidad, con la combinaci\u00f3n de la gesti\u00f3n y administraci\u00f3n de proyectos. Acuerdo ante la S.E.P. 962115 [&hellip;]<\/p>\n","protected":false},"author":1,"featured_media":0,"parent":0,"menu_order":2,"comment_status":"closed","ping_status":"closed","template":"","meta":{"_coblocks_attr":"","_coblocks_dimensions":"","_coblocks_responsive_height":"","_coblocks_accordion_ie_support":"","footnotes":""},"class_list":["post-78","page","type-page","status-publish","hentry"],"_links":{"self":[{"href":"https:\/\/uqi.edu.mx\/index.php?rest_route=\/wp\/v2\/pages\/78","targetHints":{"allow":["GET"]}}],"collection":[{"href":"https:\/\/uqi.edu.mx\/index.php?rest_route=\/wp\/v2\/pages"}],"about":[{"href":"https:\/\/uqi.edu.mx\/index.php?rest_route=\/wp\/v2\/types\/page"}],"author":[{"embeddable":true,"href":"https:\/\/uqi.edu.mx\/index.php?rest_route=\/wp\/v2\/users\/1"}],"replies":[{"embeddable":true,"href":"https:\/\/uqi.edu.mx\/index.php?rest_route=%2Fwp%2Fv2%2Fcomments&post=78"}],"version-history":[{"count":8,"href":"https:\/\/uqi.edu.mx\/index.php?rest_route=\/wp\/v2\/pages\/78\/revisions"}],"predecessor-version":[{"id":1554,"href":"https:\/\/uqi.edu.mx\/index.php?rest_route=\/wp\/v2\/pages\/78\/revisions\/1554"}],"wp:attachment":[{"href":"https:\/\/uqi.edu.mx\/index.php?rest_route=%2Fwp%2Fv2%2Fmedia&parent=78"}],"curies":[{"name":"wp","href":"https:\/\/api.w.org\/{rel}","templated":true}]}}