{"id":538,"date":"2025-04-07T10:59:13","date_gmt":"2025-04-07T16:59:13","guid":{"rendered":"http:\/\/web2.uqi.edu.mx\/?page_id=538"},"modified":"2026-03-23T17:11:17","modified_gmt":"2026-03-23T17:11:17","slug":"clinica-dental","status":"publish","type":"page","link":"https:\/\/uqi.edu.mx\/?page_id=538","title":{"rendered":"Servicios UQI"},"content":{"rendered":"\n<div class=\"wp-block-group alignwide has-base-color has-text-color has-background has-link-color wp-elements-8cbf2d43787af247a893886fa2a5b4b8 has-global-padding is-layout-constrained wp-container-core-group-is-layout-db32e940 wp-block-group-is-layout-constrained\" style=\"border-radius:28px;background-color:#27a2ea;padding-top:var(--wp--preset--spacing--60);padding-right:var(--wp--preset--spacing--60);padding-bottom:var(--wp--preset--spacing--60);padding-left:var(--wp--preset--spacing--60)\">\n<h2 class=\"wp-block-heading has-xx-large-font-size\">Cl\u00ednica Dental<\/h2>\n\n\n\n<p>Tratamientos Profesionales en Universidad Quetzalc\u00f3atl<\/p>\n\n\n\n<p class=\"has-text-align-justify\" id=\"u138284-2\">Te invitamos a conocer nuestra Cl\u00ednica Dental dentro de las instalaciones de la Universidad, un espacio dedicado a ofrecer atenci\u00f3n integral de calidad a la comunidad universitaria y poblaci\u00f3n general. Los tratamientos son realizados por estudiantes de odontolog\u00eda, quienes siempre cuentan con la supervisi\u00f3n de profesionistas especializados. Este servicio no solo permite que nuestros estudiantes adquieran valiosa experiencia pr\u00e1ctica, sino que tambi\u00e9n brinda a la comunidad una atenci\u00f3n profesional y accesible.<br>Ya sea que necesites una consulta general o alg\u00fan tratamiento espec\u00edfico, nuestro equipo est\u00e1 listo para atenderte con el mejor compromiso y dedicaci\u00f3n.<br>Agenda tu cita hoy mismo y comienza a cuidar tu salud bucal&nbsp;con&nbsp;nosotros.<\/p>\n\n\n\n<p id=\"u138284-4\">&nbsp;Cont\u00e1ctanos para m\u00e1s informaci\u00f3n:&nbsp;<\/p>\n\n\n\n<p id=\"u138284-4\"><strong>01 (462) 624 5025   Ext.: 132&nbsp;<\/strong><\/p>\n\n\n\n<p id=\"u138284-15\">Horario de servicio de lunes a viernes<\/p>\n\n\n\n<p id=\"u138284-15\"><strong>7:00 \u2013 15:00 hrs<\/strong>.<\/p>\n\n\n\n<p id=\"u138284-20\">&nbsp;S\u00e1bados<\/p>\n\n\n\n<p><strong>7:00 \u2013 11:00 hrs<\/strong>.<\/p>\n<\/div>\n\n\n\n<div class=\"wp-block-group alignwide has-base-color has-text-color has-background has-link-color wp-elements-052031b07d27194cbd8a848550ed5807 has-global-padding is-layout-constrained wp-container-core-group-is-layout-db32e940 wp-block-group-is-layout-constrained\" style=\"border-radius:28px;background-color:#27a2ea;padding-top:var(--wp--preset--spacing--60);padding-right:var(--wp--preset--spacing--60);padding-bottom:var(--wp--preset--spacing--60);padding-left:var(--wp--preset--spacing--60)\">\n<h2 class=\"wp-block-heading has-xx-large-font-size\">CAAPSI<\/h2>\n\n\n\n<p class=\"has-text-align-justify\"><strong>(Centro de Atenci\u00f3n y Asistencia Psicopedag\u00f3gica)<\/strong> es un espacio especializado que brinda apoyo psicol\u00f3gico y psicopedag\u00f3gico a estudiantes, docentes y comunidad en general. Su objetivo es promover el bienestar emocional, el desarrollo integral y el rendimiento acad\u00e9mico a trav\u00e9s de intervenciones personalizadas, orientaci\u00f3n, talleres y acompa\u00f1amiento continuo.<\/p>\n\n\n\n<p id=\"u138284-4\">&nbsp;Cont\u00e1ctanos para m\u00e1s informaci\u00f3n:&nbsp;<\/p>\n\n\n\n<p id=\"u138284-4\"><strong>01 (462) 624 5025   Ext.: 154<\/strong><\/p>\n\n\n\n<p id=\"u138284-15\">Horario de servicio de lunes a viernes<\/p>\n\n\n\n<p id=\"u138284-15\"><strong>9:00 \u2013 17:00 hrs<\/strong><\/p>\n\n\n<style id=\"wpforms-css-vars-1011-block-fef601aa-c4ad-433d-8fbf-e749e3818548\">\n\t\t\t\t#wpforms-1011.wpforms-block-fef601aa-c4ad-433d-8fbf-e749e3818548 {\n\t\t\t\t--wpforms-field-size-input-height: 43px;\n--wpforms-field-size-input-spacing: 15px;\n--wpforms-field-size-font-size: 16px;\n--wpforms-field-size-line-height: 19px;\n--wpforms-field-size-padding-h: 14px;\n--wpforms-field-size-checkbox-size: 16px;\n--wpforms-field-size-sublabel-spacing: 5px;\n--wpforms-field-size-icon-size: 1;\n--wpforms-label-size-font-size: 16px;\n--wpforms-label-size-line-height: 19px;\n--wpforms-label-size-sublabel-font-size: 14px;\n--wpforms-label-size-sublabel-line-height: 17px;\n--wpforms-button-size-font-size: 17px;\n--wpforms-button-size-height: 41px;\n--wpforms-button-size-padding-h: 15px;\n--wpforms-button-size-margin-top: 10px;\n\t\t\t}\n\t\t\t<\/style><div class=\"wpforms-container wpforms-container-full wpforms-block wpforms-block-fef601aa-c4ad-433d-8fbf-e749e3818548 wpforms-render-modern\" id=\"wpforms-1011\"><form id=\"wpforms-form-1011\" class=\"wpforms-validate wpforms-form wpforms-ajax-form\" data-formid=\"1011\" method=\"post\" enctype=\"multipart\/form-data\" action=\"\/index.php?rest_route=%2Fwp%2Fv2%2Fpages%2F538\" data-token=\"15a96f539d86c365ea242019f62c3917\" data-token-time=\"1776369151\"><noscript class=\"wpforms-error-noscript\">Por favor, activa JavaScript en tu navegador para completar este formulario.<\/noscript><div id=\"wpforms-error-noscript\" style=\"display: none;\">Por favor, activa JavaScript en tu navegador para completar este formulario.<\/div><div class=\"wpforms-field-container\"><div id=\"wpforms-1011-field_1-container\" class=\"wpforms-field wpforms-field-name\" data-field-id=\"1\"><fieldset><legend class=\"wpforms-field-label\">Nombre <span class=\"wpforms-required-label\" aria-hidden=\"true\">*<\/span><\/legend><div class=\"wpforms-field-row wpforms-field-medium\"><div class=\"wpforms-field-row-block wpforms-first wpforms-one-half\"><input type=\"text\" id=\"wpforms-1011-field_1\" class=\"wpforms-field-name-first wpforms-field-required\" name=\"wpforms[fields][1][first]\" aria-errormessage=\"wpforms-1011-field_1-error\" required><label for=\"wpforms-1011-field_1\" class=\"wpforms-field-sublabel after\">Nombre<\/label><\/div><div class=\"wpforms-field-row-block wpforms-one-half\"><input type=\"text\" id=\"wpforms-1011-field_1-last\" class=\"wpforms-field-name-last wpforms-field-required\" name=\"wpforms[fields][1][last]\" aria-errormessage=\"wpforms-1011-field_1-last-error\" required><label for=\"wpforms-1011-field_1-last\" class=\"wpforms-field-sublabel after\">Apellidos<\/label><\/div><\/div><\/fieldset><\/div>\t\t<div id=\"wpforms-1011-field_4-container\"\n\t\t\tclass=\"wpforms-field wpforms-field-text\"\n\t\t\tdata-field-type=\"text\"\n\t\t\tdata-field-id=\"4\"\n\t\t\t>\n\t\t\t<label class=\"wpforms-field-label\" for=\"wpforms-1011-field_4\" >Nombre electr\u00f3nico Comentarios<\/label>\n\t\t\t<input type=\"text\" id=\"wpforms-1011-field_4\" class=\"wpforms-field-medium\" name=\"wpforms[fields][4]\" >\n\t\t<\/div>\n\t\t<div id=\"wpforms-1011-field_2-container\" class=\"wpforms-field wpforms-field-email\" data-field-id=\"2\"><label class=\"wpforms-field-label\" for=\"wpforms-1011-field_2\">Correo electr\u00f3nico <span class=\"wpforms-required-label\" aria-hidden=\"true\">*<\/span><\/label><input type=\"email\" id=\"wpforms-1011-field_2\" class=\"wpforms-field-medium wpforms-field-required\" name=\"wpforms[fields][2]\" spellcheck=\"false\" aria-errormessage=\"wpforms-1011-field_2-error\" required><\/div><div id=\"wpforms-1011-field_3-container\" class=\"wpforms-field wpforms-field-textarea\" data-field-id=\"3\"><label class=\"wpforms-field-label\" for=\"wpforms-1011-field_3\">Comentarios<\/label><textarea id=\"wpforms-1011-field_3\" class=\"wpforms-field-medium\" name=\"wpforms[fields][3]\" aria-errormessage=\"wpforms-1011-field_3-error\" ><\/textarea><\/div><script>\n\t\t\t\t( function() {\n\t\t\t\t\tconst style = document.createElement( 'style' );\n\t\t\t\t\tstyle.appendChild( document.createTextNode( '#wpforms-1011-field_4-container { position: absolute !important; overflow: hidden !important; display: inline !important; height: 1px !important; width: 1px !important; z-index: -1000 !important; padding: 0 !important; } #wpforms-1011-field_4-container input { visibility: hidden; } #wpforms-conversational-form-page #wpforms-1011-field_4-container label { counter-increment: none; }' ) );\n\t\t\t\t\tdocument.head.appendChild( style );\n\t\t\t\t\tdocument.currentScript?.remove();\n\t\t\t\t} )();\n\t\t\t<\/script><\/div><!-- .wpforms-field-container --><div class=\"wpforms-submit-container\" ><input type=\"hidden\" name=\"wpforms[id]\" value=\"1011\"><input type=\"hidden\" name=\"page_title\" value=\"\"><input type=\"hidden\" name=\"page_url\" value=\"https:\/\/uqi.edu.mx\/index.php?rest_route=\/wp\/v2\/pages\/538\"><input type=\"hidden\" name=\"url_referer\" value=\"\"><button type=\"submit\" name=\"wpforms[submit]\" id=\"wpforms-submit-1011\" class=\"wpforms-submit\" data-alt-text=\"Enviando...\" data-submit-text=\"Enviar Solicitud de Cita en CAAPSI\" aria-live=\"assertive\" value=\"wpforms-submit\">Enviar Solicitud de Cita en CAAPSI<\/button><img loading=\"lazy\" decoding=\"async\" src=\"https:\/\/uqi.edu.mx\/wp-content\/plugins\/wpforms-lite\/assets\/images\/submit-spin.svg\" class=\"wpforms-submit-spinner\" style=\"display: none;\" width=\"26\" height=\"26\" alt=\"Cargando\"><\/div><\/form><\/div>  <!-- .wpforms-container -->\n\n\n<div class=\"wp-block-columns is-layout-flex wp-container-core-columns-is-layout-28f84493 wp-block-columns-is-layout-flex\">\n<div class=\"wp-block-column is-layout-flow wp-block-column-is-layout-flow\" style=\"flex-basis:100%\">\n<div class=\"wp-block-group has-global-padding is-layout-constrained wp-block-group-is-layout-constrained\"><\/div>\n<\/div>\n<\/div>\n<\/div>\n\n\n\n<div class=\"wp-block-group alignfull has-global-padding is-layout-constrained wp-container-core-group-is-layout-b25ccd55 wp-block-group-is-layout-constrained\" style=\"margin-top:0;margin-bottom:0;padding-top:var(--wp--preset--spacing--50);padding-right:var(--wp--preset--spacing--50);padding-bottom:var(--wp--preset--spacing--50);padding-left:var(--wp--preset--spacing--50)\">\n<div class=\"wp-block-group alignwide has-global-padding is-layout-constrained wp-container-core-group-is-layout-346627ba wp-block-group-is-layout-constrained\">\n<div class=\"wp-block-columns alignwide is-layout-flex wp-container-core-columns-is-layout-08c01c1c wp-block-columns-is-layout-flex\">\n<div class=\"wp-block-column is-layout-flow wp-container-core-column-is-layout-119bc444 wp-block-column-is-layout-flow\" style=\"flex-basis:67.09062%\"><\/div>\n<\/div>\n<\/div>\n<\/div>\n","protected":false},"excerpt":{"rendered":"<p>Cl\u00ednica Dental Tratamientos Profesionales en Universidad Quetzalc\u00f3atl Te invitamos a conocer nuestra Cl\u00ednica Dental dentro de las instalaciones de la Universidad, un espacio dedicado a ofrecer atenci\u00f3n integral de calidad a la comunidad universitaria y poblaci\u00f3n general. Los tratamientos son realizados por estudiantes de odontolog\u00eda, quienes siempre cuentan con la supervisi\u00f3n de profesionistas especializados. Este [&hellip;]<\/p>\n","protected":false},"author":1,"featured_media":0,"parent":0,"menu_order":0,"comment_status":"closed","ping_status":"closed","template":"","meta":{"_coblocks_attr":"","_coblocks_dimensions":"","_coblocks_responsive_height":"","_coblocks_accordion_ie_support":"","footnotes":""},"class_list":["post-538","page","type-page","status-publish","hentry"],"_links":{"self":[{"href":"https:\/\/uqi.edu.mx\/index.php?rest_route=\/wp\/v2\/pages\/538","targetHints":{"allow":["GET"]}}],"collection":[{"href":"https:\/\/uqi.edu.mx\/index.php?rest_route=\/wp\/v2\/pages"}],"about":[{"href":"https:\/\/uqi.edu.mx\/index.php?rest_route=\/wp\/v2\/types\/page"}],"author":[{"embeddable":true,"href":"https:\/\/uqi.edu.mx\/index.php?rest_route=\/wp\/v2\/users\/1"}],"replies":[{"embeddable":true,"href":"https:\/\/uqi.edu.mx\/index.php?rest_route=%2Fwp%2Fv2%2Fcomments&post=538"}],"version-history":[{"count":5,"href":"https:\/\/uqi.edu.mx\/index.php?rest_route=\/wp\/v2\/pages\/538\/revisions"}],"predecessor-version":[{"id":1582,"href":"https:\/\/uqi.edu.mx\/index.php?rest_route=\/wp\/v2\/pages\/538\/revisions\/1582"}],"wp:attachment":[{"href":"https:\/\/uqi.edu.mx\/index.php?rest_route=%2Fwp%2Fv2%2Fmedia&parent=538"}],"curies":[{"name":"wp","href":"https:\/\/api.w.org\/{rel}","templated":true}]}}