{"id":443,"date":"2025-03-28T14:33:26","date_gmt":"2025-03-28T20:33:26","guid":{"rendered":"http:\/\/web2.uqi.edu.mx\/?page_id=443"},"modified":"2026-03-23T17:06:43","modified_gmt":"2026-03-23T17:06:43","slug":"historia","status":"publish","type":"page","link":"https:\/\/uqi.edu.mx\/?page_id=443","title":{"rendered":"historia"},"content":{"rendered":"\n<div class=\"wp-block-group alignfull has-global-padding is-layout-constrained wp-container-core-group-is-layout-b25ccd55 wp-block-group-is-layout-constrained\" style=\"margin-top:0;margin-bottom:0;padding-top:var(--wp--preset--spacing--50);padding-right:var(--wp--preset--spacing--50);padding-bottom:var(--wp--preset--spacing--50);padding-left:var(--wp--preset--spacing--50)\">\n<div class=\"wp-block-group alignwide has-global-padding is-layout-constrained wp-container-core-group-is-layout-346627ba wp-block-group-is-layout-constrained\">\n<div class=\"wp-block-columns alignwide is-layout-flex wp-container-core-columns-is-layout-08c01c1c wp-block-columns-is-layout-flex\">\n<div class=\"wp-block-column is-layout-flow wp-block-column-is-layout-flow\" style=\"flex-basis:32.90938%\">\n<div class=\"wp-block-cover is-light has-custom-content-position is-position-top-center has-base-color has-text-color has-link-color wp-elements-2d79be3c5d790b563b5cc48b203a89f8 wp-container-content-9cfa9a5a\" style=\"border-radius:28px;padding-top:var(--wp--preset--spacing--60);padding-right:var(--wp--preset--spacing--60);padding-bottom:var(--wp--preset--spacing--60);padding-left:var(--wp--preset--spacing--60);min-height:516px;aspect-ratio:unset;\"><span aria-hidden=\"true\" class=\"wp-block-cover__background has-background-dim-100 has-background-dim\" style=\"background-color:#f5a711\"><\/span><div class=\"wp-block-cover__inner-container is-layout-flow wp-block-cover-is-layout-flow\">\n<h2 class=\"wp-block-heading has-text-align-left has-x-large-font-size\">NUESTRA HISTORIA<\/h2>\n\n\n\n<p class=\"has-text-align-justify has-small-font-size\">Fundada en octubre 4 de 1982, Universidad Quetzalc\u00f3atl en Irapuato, nace de la visi\u00f3n de crear una alternativa familiar y as\u00ed, en 1989, el campus a\u00f1ade a su oferta educativa opciones de bachilleratos tecnol\u00f3gicos para aquellos aspirantes m\u00e1s j\u00f3venes. Hoy nuestros estudiantes se preparan en instalaciones equipadas con la m\u00e1s alta tecnolog\u00eda y, en nuestra comunidad, asisten ciudadanos para tratamiento odontol\u00f3gico, psicol\u00f3gico y asesor\u00eda y tramites oficiales del S.A.T.<\/p>\n<\/div><\/div>\n\n\n\n<div class=\"wp-block-jetpack-slideshow aligncenter\" data-effect=\"slide\"><div class=\"wp-block-jetpack-slideshow_container swiper-container\"><ul class=\"wp-block-jetpack-slideshow_swiper-wrapper swiper-wrapper\"><li class=\"wp-block-jetpack-slideshow_slide swiper-slide\"><figure><img decoding=\"async\" alt=\"\" class=\"wp-block-jetpack-slideshow_image wp-image-447\" data-id=\"447\" src=\"http:\/\/uqi.edu.mx\/wp-content\/uploads\/2025\/03\/univers.jpg?w=1024\" \/><\/figure><\/li><li class=\"wp-block-jetpack-slideshow_slide swiper-slide\"><figure><img decoding=\"async\" alt=\"\" class=\"wp-block-jetpack-slideshow_image wp-image-446\" data-id=\"446\" src=\"http:\/\/uqi.edu.mx\/wp-content\/uploads\/2025\/03\/odonto-1.jpg?w=1024\" \/><\/figure><\/li><li class=\"wp-block-jetpack-slideshow_slide swiper-slide\"><figure><img decoding=\"async\" alt=\"\" class=\"wp-block-jetpack-slideshow_image wp-image-288\" data-id=\"288\" src=\"http:\/\/uqi.edu.mx\/wp-content\/uploads\/2025\/03\/2-7.jpg?w=1024\" \/><\/figure><\/li><li class=\"wp-block-jetpack-slideshow_slide swiper-slide\"><figure><img decoding=\"async\" alt=\"\" class=\"wp-block-jetpack-slideshow_image wp-image-286\" data-id=\"286\" src=\"http:\/\/uqi.edu.mx\/wp-content\/uploads\/2025\/03\/4-5.jpg?w=1024\" \/><\/figure><\/li><\/ul><a class=\"wp-block-jetpack-slideshow_button-prev swiper-button-prev swiper-button-white\" role=\"button\"><\/a><a class=\"wp-block-jetpack-slideshow_button-next swiper-button-next swiper-button-white\" role=\"button\"><\/a><a aria-label=\"Pause Slideshow\" class=\"wp-block-jetpack-slideshow_button-pause\" role=\"button\"><\/a><div class=\"wp-block-jetpack-slideshow_pagination swiper-pagination swiper-pagination-white\"><\/div><\/div><\/div>\n<\/div>\n\n\n\n<div class=\"wp-block-column is-layout-flow wp-container-core-column-is-layout-119bc444 wp-block-column-is-layout-flow\" style=\"flex-basis:67.09062%\">\n<figure class=\"wp-block-image aligncenter size-large is-resized is-style-default\"><img decoding=\"async\" src=\"http:\/\/uqi.edu.mx\/wp-content\/uploads\/2025\/03\/1-23.jpg?w=1024\" alt=\"\" class=\"wp-image-445\" style=\"width:559px;height:auto\"\/><\/figure>\n\n\n\n<div class=\"wp-block-group has-background-color has-custom-color-1-background-color has-text-color has-background has-global-padding is-layout-constrained wp-container-core-group-is-layout-1c074333 wp-block-group-is-layout-constrained\" style=\"border-radius:28px;min-height:39%;padding-top:var(--wp--preset--spacing--50);padding-right:var(--wp--preset--spacing--30);padding-bottom:var(--wp--preset--spacing--50);padding-left:var(--wp--preset--spacing--30)\">\n<p class=\"has-background-color has-text-color has-link-color has-x-large-font-size wp-elements-5f1c69a67703772d5da7ee03661d20c2\"><strong>MISI\u00d3N<\/strong><\/p>\n\n\n\n<p class=\"has-text-align-justify has-background-color has-text-color has-link-color wp-elements-694521a4b254091e374501d648ce33be\">Formar profesionistas competentes con un alto compromiso social y \u00e9tico, promoviendo su desarrollo integral mediante la b\u00fasqueda de la verdad en el saber y la ense\u00f1anza, que les permita a trav\u00e9s del ejercicio de sus conocimientos y habilidades, contribuir al mejoramiento sustentable de su entorno.<\/p>\n\n\n\n<p class=\"has-background-color has-text-color has-link-color has-x-large-font-size wp-elements-5b698b8038a5c5fc6c671dc6c08d2b8f\"><strong>VISI\u00d3N<\/strong><\/p>\n\n\n\n<p class=\"has-text-align-justify has-background-color has-text-color has-link-color wp-elements-309765228e3a4c812b162f03286e9d6e\">Ser una instituci\u00f3n educativa l\u00edder, en la b\u00fasqueda de excelencia para la formaci\u00f3n de profesionistas proactivos, con un alto compromiso social a trav\u00e9s de un modelo educativo constructivista-conectivista y un enfoque orientado hacia las competencias profesionales, sustentado en una planta acad\u00e9mica de calidad, planes y programas innovadores.<\/p>\n\n\n\n<p class=\"has-background-color has-text-color has-link-color has-x-large-font-size wp-elements-b48e4559f9e094ff324c4aedb1c12cc7\"><strong>VALORES<\/strong><\/p>\n\n\n\n<p class=\"has-background-color has-text-color has-link-color wp-elements-5e9c513c5a3ad48da6acef155ada8b9c\">Respeto, Honestidad, Responsabilidad, Disciplina, Solidaridad.<\/p>\n<\/div>\n<\/div>\n<\/div>\n<\/div>\n<\/div>\n","protected":false},"excerpt":{"rendered":"<p>MISI\u00d3N Formar profesionistas competentes con un alto compromiso social y \u00e9tico, promoviendo su desarrollo integral mediante la b\u00fasqueda de la verdad en el saber y la ense\u00f1anza, que les permita a trav\u00e9s del ejercicio de sus conocimientos y habilidades, contribuir al mejoramiento sustentable de su entorno. VISI\u00d3N Ser una instituci\u00f3n educativa l\u00edder, en la b\u00fasqueda [&hellip;]<\/p>\n","protected":false},"author":1,"featured_media":0,"parent":0,"menu_order":0,"comment_status":"closed","ping_status":"closed","template":"","meta":{"_coblocks_attr":"","_coblocks_dimensions":"","_coblocks_responsive_height":"","_coblocks_accordion_ie_support":"","footnotes":""},"class_list":["post-443","page","type-page","status-publish","hentry"],"_links":{"self":[{"href":"https:\/\/uqi.edu.mx\/index.php?rest_route=\/wp\/v2\/pages\/443","targetHints":{"allow":["GET"]}}],"collection":[{"href":"https:\/\/uqi.edu.mx\/index.php?rest_route=\/wp\/v2\/pages"}],"about":[{"href":"https:\/\/uqi.edu.mx\/index.php?rest_route=\/wp\/v2\/types\/page"}],"author":[{"embeddable":true,"href":"https:\/\/uqi.edu.mx\/index.php?rest_route=\/wp\/v2\/users\/1"}],"replies":[{"embeddable":true,"href":"https:\/\/uqi.edu.mx\/index.php?rest_route=%2Fwp%2Fv2%2Fcomments&post=443"}],"version-history":[{"count":1,"href":"https:\/\/uqi.edu.mx\/index.php?rest_route=\/wp\/v2\/pages\/443\/revisions"}],"predecessor-version":[{"id":1576,"href":"https:\/\/uqi.edu.mx\/index.php?rest_route=\/wp\/v2\/pages\/443\/revisions\/1576"}],"wp:attachment":[{"href":"https:\/\/uqi.edu.mx\/index.php?rest_route=%2Fwp%2Fv2%2Fmedia&parent=443"}],"curies":[{"name":"wp","href":"https:\/\/api.w.org\/{rel}","templated":true}]}}