{"id":393,"date":"2025-03-28T13:05:25","date_gmt":"2025-03-28T19:05:25","guid":{"rendered":"http:\/\/web2.uqi.edu.mx\/?page_id=393"},"modified":"2026-03-23T17:05:18","modified_gmt":"2026-03-23T17:05:18","slug":"contaduria","status":"publish","type":"page","link":"https:\/\/uqi.edu.mx\/?page_id=393","title":{"rendered":"Contadur\u00eda"},"content":{"rendered":"\n<div class=\"wp-block-group alignwide has-base-color has-custom-color-1-background-color has-text-color has-background has-link-color wp-elements-40c010b6ce8d8244958c4c9e20791cdc is-vertical is-layout-flex wp-container-core-group-is-layout-80882bac wp-block-group-is-layout-flex\" style=\"border-radius:28px;padding-top:var(--wp--preset--spacing--60);padding-right:var(--wp--preset--spacing--60);padding-bottom:var(--wp--preset--spacing--60);padding-left:var(--wp--preset--spacing--60)\">\n<h2 class=\"wp-block-heading has-x-large-font-size\">CONTADUR\u00cdA<\/h2>\n\n\n\n<p class=\"has-text-align-justify\">Dise\u00f1ar, analizar y evaluar los sistemas de informaci\u00f3n contable y administrativa, asimismo aplicar la legalidad financiera y fiscal para la regulaci\u00f3n de organismos p\u00fablicos y privados del contexto empresarial, con el fin de alcanzar la competitividad entre el mercado mundial y el comercio exterior.<\/p>\n\n\n\n<p class=\"has-text-align-justify\">Manejar los procedimientos para el control y evaluaci\u00f3n de operaciones contables para calcular las cuentas de orden, operaciones celebradas en moneda extranjera y los movimientos entre las agencias y sucursales, para analizar los estados de resultados y calcular las variaciones en el capital contable. Elaborar e interpretar el informe de la instituci\u00f3n financiera de la empresa mediante la aplicaci\u00f3n de la auditoria y proponer estrategias enfocadas a mejorar su administraci\u00f3n. Vigilar las operaciones de producci\u00f3n para que se realicen con apego a las metas establecidas, mediante el uso de la t\u00e9cnica de valuaci\u00f3n est\u00e1ndar, con la finalidad de reducir costos y obtener los presupuestos.<\/p>\n\n\n\n<p class=\"has-x-small-font-size\"><br>Acuerdo ante la S.E.P. 20090953 octubre 6 de 2009<\/p>\n<\/div>\n\n\n\n<div class=\"wp-block-group alignfull has-global-padding is-layout-constrained wp-container-core-group-is-layout-b25ccd55 wp-block-group-is-layout-constrained\" style=\"margin-top:0;margin-bottom:0;padding-top:var(--wp--preset--spacing--50);padding-right:var(--wp--preset--spacing--50);padding-bottom:var(--wp--preset--spacing--50);padding-left:var(--wp--preset--spacing--50)\">\n<div class=\"wp-block-group alignwide has-global-padding is-layout-constrained wp-container-core-group-is-layout-346627ba wp-block-group-is-layout-constrained\">\n<div class=\"wp-block-columns alignwide is-layout-flex wp-container-core-columns-is-layout-08c01c1c wp-block-columns-is-layout-flex\">\n<div class=\"wp-block-column is-layout-flow wp-block-column-is-layout-flow\" style=\"flex-basis:32.90938%\">\n<div class=\"wp-block-cover is-light has-custom-content-position is-position-bottom-center has-base-color has-text-color has-link-color wp-elements-2db304191e1d89648013edf18ee17ae7 wp-container-content-9cfa9a5a\" style=\"border-radius:28px;padding-top:var(--wp--preset--spacing--60);padding-right:var(--wp--preset--spacing--60);padding-bottom:var(--wp--preset--spacing--60);padding-left:var(--wp--preset--spacing--60);min-height:100%;aspect-ratio:unset;\"><img decoding=\"async\" class=\"wp-block-cover__image-background wp-image-394 size-large\" alt=\"\" src=\"http:\/\/uqi.edu.mx\/wp-content\/uploads\/2025\/03\/1-15.jpg?w=1024\" style=\"object-position:32% 49%\" data-object-fit=\"cover\" data-object-position=\"32% 49%\"\/><span aria-hidden=\"true\" class=\"wp-block-cover__background has-background-dim-40 has-background-dim wp-block-cover__gradient-background has-background-gradient\" style=\"background-color:#a98679;background:linear-gradient(180deg,rgba(0,0,0,0) 0%,rgb(0,0,0) 76%)\"><\/span><div class=\"wp-block-cover__inner-container is-layout-flow wp-block-cover-is-layout-flow\">\n<h2 class=\"wp-block-heading has-text-align-left has-x-large-font-size\">PLAN DE ESTUDIOS<\/h2>\n\n\n\n<div class=\"wp-block-buttons is-layout-flex wp-block-buttons-is-layout-flex\">\n<div class=\"wp-block-button is-style-fill\"><a class=\"wp-block-button__link has-base-color has-text-color has-link-color wp-element-button\" href=\"https:\/\/uqi.edu.mx\/wp-content\/uploads\/2026\/02\/26-CONTADURIA.pdf\">Leer m\u00e1s<\/a><\/div>\n<\/div>\n<\/div><\/div>\n<\/div>\n\n\n\n<div class=\"wp-block-column is-layout-flow wp-container-core-column-is-layout-119bc444 wp-block-column-is-layout-flow\" style=\"flex-basis:67.09062%\">\n<div class=\"wp-block-columns is-layout-flex wp-container-core-columns-is-layout-08c01c1c wp-block-columns-is-layout-flex\">\n<div class=\"wp-block-column is-layout-flow wp-block-column-is-layout-flow\">\n<div class=\"wp-block-group has-background-color has-custom-color-1-background-color has-text-color has-background is-vertical is-content-justification-stretch is-layout-flex wp-container-core-group-is-layout-3507db87 wp-block-group-is-layout-flex\" style=\"border-radius:28px;min-height:100%;padding-top:var(--wp--preset--spacing--60);padding-right:var(--wp--preset--spacing--60);padding-bottom:var(--wp--preset--spacing--60);padding-left:var(--wp--preset--spacing--60)\">\n<h2 class=\"wp-block-heading has-x-large-font-size\">PERFIL DE INGRESO<\/h2>\n\n\n\n<p class=\"has-text-align-justify has-small-font-size\">El aspirante a la carrera de Contadur\u00eda debe tener un <strong>inter\u00e9s por la gesti\u00f3n financiera, el an\u00e1lisis de datos y la toma de decisiones econ\u00f3micas<\/strong> dentro de las organizaciones. Se espera que posea habilidades num\u00e9ricas, pensamiento anal\u00edtico y un alto sentido de la responsabilidad y la \u00e9tica profesional.<\/p>\n\n\n\n<h4 class=\"wp-block-heading\"><strong>Habilidades y caracter\u00edsticas deseadas:<\/strong><\/h4>\n\n\n\n<p class=\"has-x-small-font-size\">\u2714\ufe0f Facilidad para los n\u00fameros y el an\u00e1lisis financiero<br>\u2714\ufe0f Pensamiento l\u00f3gico y resoluci\u00f3n de problemas<br>\u2714\ufe0f Atenci\u00f3n al detalle y precisi\u00f3n en el manejo de informaci\u00f3n<br>\u2714\ufe0f \u00c9tica y responsabilidad en la toma de decisiones<br>\u2714\ufe0f Inter\u00e9s por la administraci\u00f3n y control de recursos econ\u00f3micos<br>\u2714\ufe0f Capacidad de organizaci\u00f3n y trabajo bajo presi\u00f3n<\/p>\n\n\n\n<p class=\"has-small-font-size\">Si te interesa el mundo de las finanzas y la contabilidad, <strong>\u00a1Contadur\u00eda es el camino ideal para ti!<\/strong><\/p>\n<\/div>\n<\/div>\n<\/div>\n<\/div>\n<\/div>\n\n\n\n<div data-wp-context=\"{ &quot;autoclose&quot;: false, &quot;accordionItems&quot;: [] }\" data-wp-interactive=\"core\/accordion\" role=\"group\" class=\"wp-block-accordion is-layout-flow wp-block-accordion-is-layout-flow\">\n<div data-wp-class--is-open=\"state.isOpen\" data-wp-context=\"{ &quot;id&quot;: &quot;accordion-item-1&quot;, &quot;openByDefault&quot;: false }\" data-wp-init=\"callbacks.initAccordionItems\" data-wp-on-window--hashchange=\"callbacks.hashChange\" class=\"wp-block-accordion-item has-background-background-color has-background is-layout-flow wp-block-accordion-item-is-layout-flow\">\n<h3 class=\"wp-block-accordion-heading has-background coblocks-animate\" style=\"background-color:#f5a711\" data-coblocks-animation=\"slideInBottom\"><button aria-expanded=\"false\" aria-controls=\"accordion-item-1-panel\" data-wp-bind--aria-expanded=\"state.isOpen\" data-wp-on--click=\"actions.toggle\" data-wp-on--keydown=\"actions.handleKeyDown\" id=\"accordion-item-1\" type=\"button\" class=\"wp-block-accordion-heading__toggle\"><span class=\"wp-block-accordion-heading__toggle-title\">PERFIL DE EGRESO<\/span><span class=\"wp-block-accordion-heading__toggle-icon\" aria-hidden=\"true\">+<\/span><\/button><\/h3>\n\n\n\n<div inert aria-labelledby=\"accordion-item-1\" data-wp-bind--inert=\"!state.isOpen\" id=\"accordion-item-1-panel\" role=\"region\" class=\"wp-block-accordion-panel is-layout-flow wp-block-accordion-panel-is-layout-flow\">\n<p class=\"has-primary-color has-background-background-color has-text-color has-background has-link-color has-small-font-size wp-elements-461d7a1ad498d7810626ffd435a9d03c\">Analizar problemas del \u00e1mbito administrativo y contable. Asesorar en materia de derecho fiscal y mercantil. Controlar las inversiones y costos empresariales. Dar seguimiento a cuentas y operaciones crediticias. Dominar el activo y pasivo circulante a largo y corto plazo. Evaluar los rendimientos obtenidos por medio de inversiones. Mejorar los procesos de producci\u00f3n para incrementar los estados financieros.<\/p>\n<\/div>\n<\/div>\n<\/div>\n\n\n\n<div class=\"wp-block-columns alignwide is-layout-flex wp-container-core-columns-is-layout-08c01c1c wp-block-columns-is-layout-flex\">\n<div class=\"wp-block-column is-layout-flow wp-container-core-column-is-layout-119bc444 wp-block-column-is-layout-flow\" style=\"flex-basis:67.09062%\"><\/div>\n<\/div>\n<\/div>\n<\/div>\n\n\n\n<figure class=\"wp-block-image alignwide size-large\"><img loading=\"lazy\" decoding=\"async\" width=\"1024\" height=\"683\" src=\"https:\/\/uqi.edu.mx\/wp-content\/uploads\/2025\/05\/2-6-1024x683.jpg\" alt=\"\" class=\"wp-image-858\" srcset=\"https:\/\/uqi.edu.mx\/wp-content\/uploads\/2025\/05\/2-6-1024x683.jpg 1024w, https:\/\/uqi.edu.mx\/wp-content\/uploads\/2025\/05\/2-6-300x200.jpg 300w, https:\/\/uqi.edu.mx\/wp-content\/uploads\/2025\/05\/2-6-768x512.jpg 768w, https:\/\/uqi.edu.mx\/wp-content\/uploads\/2025\/05\/2-6-1536x1024.jpg 1536w, https:\/\/uqi.edu.mx\/wp-content\/uploads\/2025\/05\/2-6-2048x1365.jpg 2048w\" sizes=\"auto, (max-width: 1024px) 100vw, 1024px\" \/><\/figure>\n\n\n\n<figure class=\"wp-block-image alignwide size-large\"><img loading=\"lazy\" decoding=\"async\" width=\"1024\" height=\"683\" src=\"https:\/\/uqi.edu.mx\/wp-content\/uploads\/2025\/05\/1-6-1024x683.jpg\" alt=\"\" class=\"wp-image-859\" srcset=\"https:\/\/uqi.edu.mx\/wp-content\/uploads\/2025\/05\/1-6-1024x683.jpg 1024w, https:\/\/uqi.edu.mx\/wp-content\/uploads\/2025\/05\/1-6-300x200.jpg 300w, https:\/\/uqi.edu.mx\/wp-content\/uploads\/2025\/05\/1-6-768x512.jpg 768w, https:\/\/uqi.edu.mx\/wp-content\/uploads\/2025\/05\/1-6-1536x1024.jpg 1536w, https:\/\/uqi.edu.mx\/wp-content\/uploads\/2025\/05\/1-6-2048x1365.jpg 2048w\" sizes=\"auto, (max-width: 1024px) 100vw, 1024px\" \/><\/figure>\n","protected":false},"excerpt":{"rendered":"<p>CONTADUR\u00cdA Dise\u00f1ar, analizar y evaluar los sistemas de informaci\u00f3n contable y administrativa, asimismo aplicar la legalidad financiera y fiscal para la regulaci\u00f3n de organismos p\u00fablicos y privados del contexto empresarial, con el fin de alcanzar la competitividad entre el mercado mundial y el comercio exterior. Manejar los procedimientos para el control y evaluaci\u00f3n de operaciones [&hellip;]<\/p>\n","protected":false},"author":1,"featured_media":0,"parent":0,"menu_order":0,"comment_status":"closed","ping_status":"closed","template":"","meta":{"_coblocks_attr":"","_coblocks_dimensions":"","_coblocks_responsive_height":"","_coblocks_accordion_ie_support":"","footnotes":""},"class_list":["post-393","page","type-page","status-publish","hentry"],"_links":{"self":[{"href":"https:\/\/uqi.edu.mx\/index.php?rest_route=\/wp\/v2\/pages\/393","targetHints":{"allow":["GET"]}}],"collection":[{"href":"https:\/\/uqi.edu.mx\/index.php?rest_route=\/wp\/v2\/pages"}],"about":[{"href":"https:\/\/uqi.edu.mx\/index.php?rest_route=\/wp\/v2\/types\/page"}],"author":[{"embeddable":true,"href":"https:\/\/uqi.edu.mx\/index.php?rest_route=\/wp\/v2\/users\/1"}],"replies":[{"embeddable":true,"href":"https:\/\/uqi.edu.mx\/index.php?rest_route=%2Fwp%2Fv2%2Fcomments&post=393"}],"version-history":[{"count":5,"href":"https:\/\/uqi.edu.mx\/index.php?rest_route=\/wp\/v2\/pages\/393\/revisions"}],"predecessor-version":[{"id":1573,"href":"https:\/\/uqi.edu.mx\/index.php?rest_route=\/wp\/v2\/pages\/393\/revisions\/1573"}],"wp:attachment":[{"href":"https:\/\/uqi.edu.mx\/index.php?rest_route=%2Fwp%2Fv2%2Fmedia&parent=393"}],"curies":[{"name":"wp","href":"https:\/\/api.w.org\/{rel}","templated":true}]}}