{"id":338,"date":"2025-03-28T10:52:41","date_gmt":"2025-03-28T16:52:41","guid":{"rendered":"http:\/\/web2.uqi.edu.mx\/?page_id=338"},"modified":"2026-03-23T17:01:46","modified_gmt":"2026-03-23T17:01:46","slug":"comunicacion","status":"publish","type":"page","link":"https:\/\/uqi.edu.mx\/?page_id=338","title":{"rendered":"Comunicaci\u00f3n"},"content":{"rendered":"\n<div class=\"wp-block-group alignwide has-base-color has-text-color has-background has-link-color wp-elements-6ca78a9bc81c4cfd240ec542297e84b6 is-vertical is-layout-flex wp-container-core-group-is-layout-80882bac wp-block-group-is-layout-flex\" style=\"border-radius:28px;background-color:#f5a711;padding-top:var(--wp--preset--spacing--60);padding-right:var(--wp--preset--spacing--60);padding-bottom:var(--wp--preset--spacing--60);padding-left:var(--wp--preset--spacing--60)\">\n<h2 class=\"wp-block-heading has-x-large-font-size\">COMUNICACI\u00d3N<\/h2>\n\n\n\n<p class=\"has-text-align-justify\">Formar profesionales capacitados en el an\u00e1lisis, gesti\u00f3n y creaci\u00f3n de contenido en diversos medios y plataformas. El programa ofrece una formaci\u00f3n integral en \u00e1reas como la producci\u00f3n audiovisual, el periodismo, la publicidad y comunicaci\u00f3n organizacional, con \u00e9nfasis en el desarrollo de habilidades creativas y t\u00e9cnicas para la creaci\u00f3n de contenido atractivo y relevante. Los estudiantes enfrentan los retos de un entorno comunicacional en constante cambio, siendo capaces de producir y gestionar contenidos que conecten con audiencias diversas, tanto en medios tradicionales como digitales.<\/p>\n\n\n\n<p class=\"has-x-small-font-size\"><br>Acuerdo ante la S.E.P. 2022111 junio 28 del 2002<\/p>\n<\/div>\n\n\n\n<div class=\"wp-block-group alignfull has-global-padding is-layout-constrained wp-container-core-group-is-layout-b25ccd55 wp-block-group-is-layout-constrained\" style=\"margin-top:0;margin-bottom:0;padding-top:var(--wp--preset--spacing--50);padding-right:var(--wp--preset--spacing--50);padding-bottom:var(--wp--preset--spacing--50);padding-left:var(--wp--preset--spacing--50)\">\n<div class=\"wp-block-group alignwide has-global-padding is-layout-constrained wp-container-core-group-is-layout-346627ba wp-block-group-is-layout-constrained\">\n<div class=\"wp-block-columns alignwide is-layout-flex wp-container-core-columns-is-layout-08c01c1c wp-block-columns-is-layout-flex\">\n<div class=\"wp-block-column is-layout-flow wp-block-column-is-layout-flow\" style=\"flex-basis:32.90938%\">\n<div class=\"wp-block-cover has-custom-content-position is-position-bottom-center has-base-color has-text-color has-link-color wp-elements-e8c39088c9313fc1c2b93605e0b33899 wp-container-content-9cfa9a5a\" style=\"border-radius:28px;padding-top:var(--wp--preset--spacing--60);padding-right:var(--wp--preset--spacing--60);padding-bottom:var(--wp--preset--spacing--60);padding-left:var(--wp--preset--spacing--60);min-height:100%;aspect-ratio:unset;\"><img decoding=\"async\" class=\"wp-block-cover__image-background wp-image-339 size-large\" alt=\"\" src=\"http:\/\/uqi.edu.mx\/wp-content\/uploads\/2025\/03\/2-13.jpg?w=1024\" style=\"object-position:19% 57%\" data-object-fit=\"cover\" data-object-position=\"19% 57%\"\/><span aria-hidden=\"true\" class=\"wp-block-cover__background has-background-dim-40 has-background-dim wp-block-cover__gradient-background has-background-gradient\" style=\"background-color:#74767f;background:linear-gradient(180deg,rgba(0,0,0,0) 0%,rgb(0,0,0) 76%)\"><\/span><div class=\"wp-block-cover__inner-container is-layout-flow wp-block-cover-is-layout-flow\">\n<h2 class=\"wp-block-heading has-text-align-left has-x-large-font-size\">PLAN DE ESTUDIOS<\/h2>\n\n\n\n<div class=\"wp-block-buttons is-layout-flex wp-block-buttons-is-layout-flex\">\n<div class=\"wp-block-button is-style-fill\"><a class=\"wp-block-button__link has-base-color has-text-color has-link-color wp-element-button\" href=\"http:\/\/uqi.edu.mx\/wp-content\/uploads\/2025\/03\/folleto-comunicacion.pdf\">Leer m\u00e1s<\/a><\/div>\n<\/div>\n<\/div><\/div>\n<\/div>\n\n\n\n<div class=\"wp-block-column is-layout-flow wp-container-core-column-is-layout-119bc444 wp-block-column-is-layout-flow\" style=\"flex-basis:67.09062%\">\n<div class=\"wp-block-columns is-layout-flex wp-container-core-columns-is-layout-08c01c1c wp-block-columns-is-layout-flex\">\n<div class=\"wp-block-column is-layout-flow wp-block-column-is-layout-flow\">\n<div class=\"wp-block-group has-background-color has-text-color has-background is-vertical is-content-justification-stretch is-layout-flex wp-container-core-group-is-layout-3507db87 wp-block-group-is-layout-flex\" style=\"border-radius:28px;background-color:#f5a711;min-height:100%;padding-top:var(--wp--preset--spacing--60);padding-right:var(--wp--preset--spacing--60);padding-bottom:var(--wp--preset--spacing--60);padding-left:var(--wp--preset--spacing--60)\">\n<h2 class=\"wp-block-heading has-x-large-font-size\">PERFIL DE INGRESO<\/h2>\n\n\n\n<p class=\"has-text-align-justify has-small-font-size\"><strong>Habilidades:<\/strong>&nbsp;Crear contenidos de comunicaci\u00f3n para diferentes medios y plataformas digitales, as\u00ed como tambi\u00e9n, desarrollar planes y proyectos de comunicaci\u00f3n estrat\u00e9gica e investigar fen\u00f3menos sociales y culturales bas\u00e1ndose en teor\u00edas y metodolog\u00edas de la comunicaci\u00f3n para transmitir informaci\u00f3n veraz y oportuna.<\/p>\n\n\n\n<p class=\"has-text-align-justify has-small-font-size\"><strong>Actitudes:&nbsp;<\/strong>Creatividad, proactividad, pensamiento cr\u00edtico y la \u00e9tica profesional. Los estudiantes son impulsados a desarrollar una actitud de innovaci\u00f3n constante, adapt\u00e1ndose a los avances tecnol\u00f3gicos y las nuevas tendencias en la comunicaci\u00f3n. Adquieren la capacidad de trabajo en equipo, la responsabilidad social y la comunicaci\u00f3n efectiva, as\u00ed como el compromiso con la veracidad y la objetividad en la creaci\u00f3n de contenido.<\/p>\n<\/div>\n<\/div>\n<\/div>\n<\/div>\n<\/div>\n\n\n\n<div class=\"wp-block-columns alignwide is-layout-flex wp-container-core-columns-is-layout-08c01c1c wp-block-columns-is-layout-flex\">\n<div class=\"wp-block-column is-layout-flow wp-container-core-column-is-layout-119bc444 wp-block-column-is-layout-flow\" style=\"flex-basis:100%\">\n<div data-wp-context=\"{ &quot;autoclose&quot;: false, &quot;accordionItems&quot;: [] }\" data-wp-interactive=\"core\/accordion\" role=\"group\" class=\"wp-block-accordion is-layout-flow wp-block-accordion-is-layout-flow\">\n<div data-wp-class--is-open=\"state.isOpen\" data-wp-context=\"{ &quot;id&quot;: &quot;accordion-item-1&quot;, &quot;openByDefault&quot;: false }\" data-wp-init=\"callbacks.initAccordionItems\" data-wp-on-window--hashchange=\"callbacks.hashChange\" class=\"wp-block-accordion-item is-layout-flow wp-block-accordion-item-is-layout-flow\">\n<h3 class=\"wp-block-accordion-heading has-custom-color-1-background-color has-background coblocks-animate\" data-coblocks-animation=\"slideInBottom\"><button aria-expanded=\"false\" aria-controls=\"accordion-item-1-panel\" data-wp-bind--aria-expanded=\"state.isOpen\" data-wp-on--click=\"actions.toggle\" data-wp-on--keydown=\"actions.handleKeyDown\" id=\"accordion-item-1\" type=\"button\" class=\"wp-block-accordion-heading__toggle\" style=\"padding-right:var(--wp--preset--spacing--30);padding-left:var(--wp--preset--spacing--30)\"><span class=\"wp-block-accordion-heading__toggle-title\">PERFIL DE EGRESO<\/span><span class=\"wp-block-accordion-heading__toggle-icon\" aria-hidden=\"true\">+<\/span><\/button><\/h3>\n\n\n\n<div inert aria-labelledby=\"accordion-item-1\" data-wp-bind--inert=\"!state.isOpen\" id=\"accordion-item-1-panel\" role=\"region\" class=\"wp-block-accordion-panel is-layout-flow wp-block-accordion-panel-is-layout-flow\">\n<p class=\"has-primary-color has-text-color has-link-color has-small-font-size wp-elements-234f4a31f54d0888976984a75fe6cff2\">El egresado de la Licenciatura en Ciencias de la Comunicaci\u00f3n es un profesional con una s\u00f3lida formaci\u00f3n te\u00f3rica,&nbsp;t\u00e9cnica que le permite comprender la realidad sociopol\u00edtica y operar con creatividad procesos de producci\u00f3n en radio, televisi\u00f3n, cine, medios digitales. Posee habilidades para el liderazgo de equipos, la expresi\u00f3n oral y escrita, la investigaci\u00f3n, la toma de decisiones estrat\u00e9gicas en \u00e1reas como la mercadotecnia e imagen corporativa. Su perfil se distingue por una actitud proactiva y emprendedora, sustentada en un profundo compromiso \u00e9tico, honestidad, responsabilidad social, con capacidades que aplica para generar contenidos, soluciones comunicativas que contribuyan de manera significativa al desarrollo y bienestar de su entorno.<\/p>\n<\/div>\n<\/div>\n<\/div>\n<\/div>\n<\/div>\n<\/div>\n<\/div>\n\n\n\n<p class=\"has-text-align-center has-primary-color has-text-color has-link-color has-x-small-font-size wp-elements-fcf0e37f2033dd9b84f933cdd78f6569\"><strong>Pr\u00f3ximamente Nueva Carrera Comunicaci\u00f3n y Creaci\u00f3n de Contenido.<\/strong><\/p>\n\n\n\n<figure class=\"wp-block-image alignwide size-large\"><img loading=\"lazy\" decoding=\"async\" width=\"1024\" height=\"683\" src=\"https:\/\/uqi.edu.mx\/wp-content\/uploads\/2025\/05\/1-5-1024x683.jpg\" alt=\"\" class=\"wp-image-853\" srcset=\"https:\/\/uqi.edu.mx\/wp-content\/uploads\/2025\/05\/1-5-1024x683.jpg 1024w, https:\/\/uqi.edu.mx\/wp-content\/uploads\/2025\/05\/1-5-300x200.jpg 300w, https:\/\/uqi.edu.mx\/wp-content\/uploads\/2025\/05\/1-5-768x512.jpg 768w, https:\/\/uqi.edu.mx\/wp-content\/uploads\/2025\/05\/1-5-1536x1024.jpg 1536w, https:\/\/uqi.edu.mx\/wp-content\/uploads\/2025\/05\/1-5-2048x1365.jpg 2048w\" sizes=\"auto, (max-width: 1024px) 100vw, 1024px\" \/><\/figure>\n\n\n\n<figure class=\"wp-block-image alignwide size-large\"><img loading=\"lazy\" decoding=\"async\" width=\"1024\" height=\"814\" src=\"https:\/\/uqi.edu.mx\/wp-content\/uploads\/2025\/05\/2-5-1024x814.jpg\" alt=\"\" class=\"wp-image-854\" srcset=\"https:\/\/uqi.edu.mx\/wp-content\/uploads\/2025\/05\/2-5-1024x814.jpg 1024w, https:\/\/uqi.edu.mx\/wp-content\/uploads\/2025\/05\/2-5-300x238.jpg 300w, https:\/\/uqi.edu.mx\/wp-content\/uploads\/2025\/05\/2-5-768x610.jpg 768w, https:\/\/uqi.edu.mx\/wp-content\/uploads\/2025\/05\/2-5-1536x1221.jpg 1536w, https:\/\/uqi.edu.mx\/wp-content\/uploads\/2025\/05\/2-5-2048x1628.jpg 2048w\" sizes=\"auto, (max-width: 1024px) 100vw, 1024px\" \/><\/figure>\n\n\n\n<figure class=\"wp-block-image alignwide size-large\"><img loading=\"lazy\" decoding=\"async\" width=\"1024\" height=\"683\" src=\"https:\/\/uqi.edu.mx\/wp-content\/uploads\/2025\/05\/3-5-1024x683.jpg\" alt=\"\" class=\"wp-image-856\" srcset=\"https:\/\/uqi.edu.mx\/wp-content\/uploads\/2025\/05\/3-5-1024x683.jpg 1024w, https:\/\/uqi.edu.mx\/wp-content\/uploads\/2025\/05\/3-5-300x200.jpg 300w, https:\/\/uqi.edu.mx\/wp-content\/uploads\/2025\/05\/3-5-768x512.jpg 768w, https:\/\/uqi.edu.mx\/wp-content\/uploads\/2025\/05\/3-5-1536x1024.jpg 1536w, https:\/\/uqi.edu.mx\/wp-content\/uploads\/2025\/05\/3-5-2048x1365.jpg 2048w\" sizes=\"auto, (max-width: 1024px) 100vw, 1024px\" \/><\/figure>\n\n\n\n<p><\/p>\n","protected":false},"excerpt":{"rendered":"<p>COMUNICACI\u00d3N Formar profesionales capacitados en el an\u00e1lisis, gesti\u00f3n y creaci\u00f3n de contenido en diversos medios y plataformas. El programa ofrece una formaci\u00f3n integral en \u00e1reas como la producci\u00f3n audiovisual, el periodismo, la publicidad y comunicaci\u00f3n organizacional, con \u00e9nfasis en el desarrollo de habilidades creativas y t\u00e9cnicas para la creaci\u00f3n de contenido atractivo y relevante. Los [&hellip;]<\/p>\n","protected":false},"author":1,"featured_media":0,"parent":0,"menu_order":0,"comment_status":"closed","ping_status":"closed","template":"","meta":{"_coblocks_attr":"","_coblocks_dimensions":"","_coblocks_responsive_height":"","_coblocks_accordion_ie_support":"","footnotes":""},"class_list":["post-338","page","type-page","status-publish","hentry"],"_links":{"self":[{"href":"https:\/\/uqi.edu.mx\/index.php?rest_route=\/wp\/v2\/pages\/338","targetHints":{"allow":["GET"]}}],"collection":[{"href":"https:\/\/uqi.edu.mx\/index.php?rest_route=\/wp\/v2\/pages"}],"about":[{"href":"https:\/\/uqi.edu.mx\/index.php?rest_route=\/wp\/v2\/types\/page"}],"author":[{"embeddable":true,"href":"https:\/\/uqi.edu.mx\/index.php?rest_route=\/wp\/v2\/users\/1"}],"replies":[{"embeddable":true,"href":"https:\/\/uqi.edu.mx\/index.php?rest_route=%2Fwp%2Fv2%2Fcomments&post=338"}],"version-history":[{"count":6,"href":"https:\/\/uqi.edu.mx\/index.php?rest_route=\/wp\/v2\/pages\/338\/revisions"}],"predecessor-version":[{"id":1569,"href":"https:\/\/uqi.edu.mx\/index.php?rest_route=\/wp\/v2\/pages\/338\/revisions\/1569"}],"wp:attachment":[{"href":"https:\/\/uqi.edu.mx\/index.php?rest_route=%2Fwp%2Fv2%2Fmedia&parent=338"}],"curies":[{"name":"wp","href":"https:\/\/api.w.org\/{rel}","templated":true}]}}