{"id":298,"date":"2025-03-26T15:07:29","date_gmt":"2025-03-26T21:07:29","guid":{"rendered":"http:\/\/web2.uqi.edu.mx\/?page_id=298"},"modified":"2025-03-26T15:07:29","modified_gmt":"2025-03-26T21:07:29","slug":"protesis-dental-bachilleratos","status":"publish","type":"page","link":"https:\/\/uqi.edu.mx\/?page_id=298","title":{"rendered":"Pr\u00f3tesis Dental Bachilleratos"},"content":{"rendered":"\n<div class=\"wp-block-group alignwide has-global-padding is-layout-constrained wp-container-core-group-is-layout-346627ba wp-block-group-is-layout-constrained\">\n<div class=\"wp-block-columns alignwide is-layout-flex wp-container-core-columns-is-layout-08c01c1c wp-block-columns-is-layout-flex\">\n<div class=\"wp-block-column is-layout-flow wp-block-column-is-layout-flow\" style=\"flex-basis:32.90938%\">\n<div class=\"wp-block-cover is-light has-custom-content-position is-position-bottom-center has-base-color has-text-color has-link-color wp-elements-7c4fcda219f275a2a683d9fdb7244f1f wp-container-content-9cfa9a5a\" style=\"border-radius:28px;padding-top:var(--wp--preset--spacing--60);padding-right:var(--wp--preset--spacing--60);padding-bottom:var(--wp--preset--spacing--60);padding-left:var(--wp--preset--spacing--60);min-height:573px;aspect-ratio:unset;\"><img decoding=\"async\" class=\"wp-block-cover__image-background wp-image-299 size-large\" alt=\"\" src=\"http:\/\/uqi.edu.mx\/wp-content\/uploads\/2025\/03\/2-4-2.jpg?w=1024\" style=\"object-position:35% 54%\" data-object-fit=\"cover\" data-object-position=\"35% 54%\" \/><span aria-hidden=\"true\" class=\"wp-block-cover__background has-background-dim wp-block-cover__gradient-background has-background-gradient\" style=\"background-color:#9d9495;background:linear-gradient(180deg,rgba(0,0,0,0) 0%,rgb(0,0,0) 76%)\"><\/span><div class=\"wp-block-cover__inner-container is-layout-flow wp-block-cover-is-layout-flow\">\n<h2 class=\"wp-block-heading has-text-align-left has-xx-large-font-size\">PLAN DE ESTUDIOS<\/h2>\n\n\n\n<div class=\"wp-block-buttons is-layout-flex wp-block-buttons-is-layout-flex\">\n<div class=\"wp-block-button is-style-fill\"><a class=\"wp-block-button__link has-base-color has-text-color has-link-color wp-element-button\" href=\"http:\/\/uqi.edu.mx\/wp-content\/uploads\/2025\/03\/b-protesis-dental.pdf\">Leer m\u00e1s<\/a><\/div>\n<\/div>\n<\/div><\/div>\n<\/div>\n\n\n\n<div class=\"wp-block-column is-layout-flow wp-container-core-column-is-layout-119bc444 wp-block-column-is-layout-flow\" style=\"flex-basis:67.09062%\">\n<div class=\"wp-block-group has-base-color has-text-color has-background has-link-color wp-elements-2d3a918699da4c929502bee143a09d8d is-vertical is-layout-flex wp-container-core-group-is-layout-80882bac wp-block-group-is-layout-flex\" style=\"border-radius:28px;background-color:#0e89ee;padding-top:var(--wp--preset--spacing--60);padding-right:var(--wp--preset--spacing--60);padding-bottom:var(--wp--preset--spacing--60);padding-left:var(--wp--preset--spacing--60)\">\n<h2 class=\"wp-block-heading has-x-large-font-size\">PR\u00d3TESIS DENTAL<\/h2>\n\n\n\n<p class=\"has-text-align-justify\">El Bachillerato Tecnol\u00f3gico en Pr\u00f3tesis Dental en nivel medio superior, tiene como objetivo formar t\u00e9cnicos con una preparaci\u00f3n proped\u00e9utica que les permitan continuar estudios a nivel licenciatura en el \u00e1rea qu\u00edmico-biol\u00f3gicas. Capacitar al alumno con diversas t\u00e9cnicas de laboratorio en las \u00e1reas de pr\u00f3tesis parcial removibles, prostodoncia y ortodoncia removible de calidad, adquiriendo las t\u00e9cnicas y las habilidades requeridas, as\u00ed como conocimientos de organizaci\u00f3n y administraci\u00f3n para incorporarse al campo laboral.<\/p>\n\n\n\n<p class=\"has-x-small-font-size\">Acuerdo 967154 S.E.P. D.G.E.T.I. 24 de enero de 1996<\/p>\n<\/div>\n<\/div>\n<\/div>\n\n\n\n<div class=\"wp-block-columns alignwide is-layout-flex wp-container-core-columns-is-layout-08c01c1c wp-block-columns-is-layout-flex\">\n<div class=\"wp-block-column is-layout-flow wp-container-core-column-is-layout-119bc444 wp-block-column-is-layout-flow\" style=\"flex-basis:67.09062%\">\n<div class=\"wp-block-group is-nowrap is-layout-flex wp-container-core-group-is-layout-6c531013 wp-block-group-is-layout-flex\">\n<div class=\"wp-block-group has-background-color has-text-color has-background has-global-padding is-layout-constrained wp-container-core-group-is-layout-d7952c80 wp-block-group-is-layout-constrained\" style=\"border-radius:28px;background-color:#0e89ee;min-height:100%;padding-top:var(--wp--preset--spacing--60);padding-right:var(--wp--preset--spacing--60);padding-bottom:var(--wp--preset--spacing--60);padding-left:var(--wp--preset--spacing--60)\">\n<p><strong>Perfil de ingreso<\/strong><\/p>\n\n\n\n<p class=\"has-text-align-justify\" id=\"u35057-4\">Debe tener un criterio human\u00edstico y sensibilidad por ayudar a la gente; poseer habilidades para el manejo de instrumental, y tener alto grado de responsabilidad, profesionalismo, formalidad, esp\u00edritu de cooperaci\u00f3n, capacidad para trabajar en grupo y vocaci\u00f3n de servicio.<\/p>\n\n\n\n<p id=\"u35057-5\">&nbsp;<\/p>\n\n\n\n<p id=\"u35057-7\"><strong>Perfil de egreso<\/strong><\/p>\n\n\n\n<p class=\"has-text-align-justify\" id=\"u35057-9\">El egresado al t\u00e9rmino de la carrera, ser\u00e1 capaz de Integrar los principios, modelos y teor\u00edas de la enfermer\u00eda en la soluci\u00f3n de problemas de la salud.<\/p>\n\n\n\n<p>\u2022 Aplicar el conocimiento te\u00f3rico obteniendo a situaciones reales para mejorar el entorno social.<\/p>\n\n\n\n<p>\u2022 Aplicar medidas preventivas, t\u00e9cnicas b\u00e1sicas de atenci\u00f3n y cuidado al individuo, a la familia y a la sociedad.<\/p>\n\n\n\n<p id=\"u35057-9\">\u2022 Realizar procedimientos m\u00e9dicos quir\u00fargicos de calidad.<\/p>\n\n\n\n<p id=\"u35057-10\">&nbsp;<\/p>\n\n\n\n<p id=\"u35057-12\"><strong>Campo laboral<\/strong><\/p>\n\n\n\n<p class=\"has-text-align-justify\">El T\u00e9cnico profesional en Enfermer\u00eda General puede encauzar y realizar sus actividades en el sector salud institucional y privado, en escuelas, cl\u00ednicas, guarder\u00edas, industrias y el ejercicio libre de la profesi\u00f3n.<\/p>\n<\/div>\n<\/div>\n<\/div>\n\n\n\n<div class=\"wp-block-column is-layout-flow wp-block-column-is-layout-flow\" style=\"flex-basis:32.90938%\">\n<figure class=\"wp-block-image size-large\"><img decoding=\"async\" src=\"http:\/\/uqi.edu.mx\/wp-content\/uploads\/2025\/03\/3-6-3.jpg?w=1024\" alt=\"\" class=\"wp-image-300\" \/><\/figure>\n\n\n\n<figure class=\"wp-block-image size-large\"><img decoding=\"async\" src=\"http:\/\/uqi.edu.mx\/wp-content\/uploads\/2025\/03\/2-4-3.jpg?w=1024\" alt=\"\" class=\"wp-image-301\" \/><\/figure>\n\n\n\n<figure class=\"wp-block-image size-large is-style-default\"><img decoding=\"async\" src=\"http:\/\/uqi.edu.mx\/wp-content\/uploads\/2025\/03\/5-1.jpg?w=1024\" alt=\"\" class=\"wp-image-289\" \/><\/figure>\n<\/div>\n<\/div>\n<\/div>\n","protected":false},"excerpt":{"rendered":"<p>PR\u00d3TESIS DENTAL El Bachillerato Tecnol\u00f3gico en Pr\u00f3tesis Dental en nivel medio superior, tiene como objetivo formar t\u00e9cnicos con una preparaci\u00f3n proped\u00e9utica que les permitan continuar estudios a nivel licenciatura en el \u00e1rea qu\u00edmico-biol\u00f3gicas. Capacitar al alumno con diversas t\u00e9cnicas de laboratorio en las \u00e1reas de pr\u00f3tesis parcial removibles, prostodoncia y ortodoncia removible de calidad, adquiriendo [&hellip;]<\/p>\n","protected":false},"author":1,"featured_media":0,"parent":0,"menu_order":0,"comment_status":"closed","ping_status":"closed","template":"","meta":{"_coblocks_attr":"","_coblocks_dimensions":"","_coblocks_responsive_height":"","_coblocks_accordion_ie_support":"","footnotes":""},"class_list":["post-298","page","type-page","status-publish","hentry"],"_links":{"self":[{"href":"https:\/\/uqi.edu.mx\/index.php?rest_route=\/wp\/v2\/pages\/298","targetHints":{"allow":["GET"]}}],"collection":[{"href":"https:\/\/uqi.edu.mx\/index.php?rest_route=\/wp\/v2\/pages"}],"about":[{"href":"https:\/\/uqi.edu.mx\/index.php?rest_route=\/wp\/v2\/types\/page"}],"author":[{"embeddable":true,"href":"https:\/\/uqi.edu.mx\/index.php?rest_route=\/wp\/v2\/users\/1"}],"replies":[{"embeddable":true,"href":"https:\/\/uqi.edu.mx\/index.php?rest_route=%2Fwp%2Fv2%2Fcomments&post=298"}],"version-history":[{"count":0,"href":"https:\/\/uqi.edu.mx\/index.php?rest_route=\/wp\/v2\/pages\/298\/revisions"}],"wp:attachment":[{"href":"https:\/\/uqi.edu.mx\/index.php?rest_route=%2Fwp%2Fv2%2Fmedia&parent=298"}],"curies":[{"name":"wp","href":"https:\/\/api.w.org\/{rel}","templated":true}]}}