{"id":292,"date":"2025-03-26T15:01:47","date_gmt":"2025-03-26T21:01:47","guid":{"rendered":"http:\/\/web2.uqi.edu.mx\/?page_id=292"},"modified":"2026-03-23T17:00:02","modified_gmt":"2026-03-23T17:00:02","slug":"programacion-bachilleratos","status":"publish","type":"page","link":"https:\/\/uqi.edu.mx\/?page_id=292","title":{"rendered":"Programaci\u00f3n Bachilleratos"},"content":{"rendered":"\n<div class=\"wp-block-group alignwide has-global-padding is-layout-constrained wp-container-core-group-is-layout-346627ba wp-block-group-is-layout-constrained\">\n<div class=\"wp-block-columns alignwide is-layout-flex wp-container-core-columns-is-layout-08c01c1c wp-block-columns-is-layout-flex\">\n<div class=\"wp-block-column is-layout-flow wp-block-column-is-layout-flow\" style=\"flex-basis:32.90938%\">\n<div class=\"wp-block-cover is-light has-custom-content-position is-position-bottom-center has-base-color has-text-color has-link-color wp-elements-fcd0fa22aacd99823ef480d911dac8f8 wp-container-content-9cfa9a5a\" style=\"border-radius:28px;padding-top:var(--wp--preset--spacing--60);padding-right:var(--wp--preset--spacing--60);padding-bottom:var(--wp--preset--spacing--60);padding-left:var(--wp--preset--spacing--60);min-height:541px;aspect-ratio:unset;\"><img decoding=\"async\" class=\"wp-block-cover__image-background wp-image-293 size-large\" alt=\"\" src=\"http:\/\/uqi.edu.mx\/wp-content\/uploads\/2025\/03\/3-6-1.jpg?w=1024\" style=\"object-position:100% 42%\" data-object-fit=\"cover\" data-object-position=\"100% 42%\"\/><span aria-hidden=\"true\" class=\"wp-block-cover__background has-background-dim wp-block-cover__gradient-background has-background-gradient\" style=\"background-color:#aeaaaa;background:linear-gradient(180deg,rgba(0,0,0,0) 0%,rgb(0,0,0) 76%)\"><\/span><div class=\"wp-block-cover__inner-container is-layout-flow wp-block-cover-is-layout-flow\">\n<h2 class=\"wp-block-heading has-text-align-left has-xx-large-font-size\">PLAN DE ESTUDIOS<\/h2>\n\n\n\n<div class=\"wp-block-buttons is-layout-flex wp-block-buttons-is-layout-flex\">\n<div class=\"wp-block-button is-style-fill\"><a class=\"wp-block-button__link has-base-color has-text-color has-link-color wp-element-button\" href=\"http:\/\/uqi.edu.mx\/wp-content\/uploads\/2025\/03\/b-programacion.pdf\">Leer m\u00e1s<\/a><\/div>\n<\/div>\n<\/div><\/div>\n<\/div>\n\n\n\n<div class=\"wp-block-column is-layout-flow wp-container-core-column-is-layout-119bc444 wp-block-column-is-layout-flow\" style=\"flex-basis:67.09062%\">\n<div class=\"wp-block-group has-base-color has-custom-color-1-background-color has-text-color has-background has-link-color wp-elements-f80fe8412e57d4a36337d1733f1dec29 is-vertical is-layout-flex wp-container-core-group-is-layout-80882bac wp-block-group-is-layout-flex\" style=\"border-radius:28px;padding-top:var(--wp--preset--spacing--60);padding-right:var(--wp--preset--spacing--60);padding-bottom:var(--wp--preset--spacing--60);padding-left:var(--wp--preset--spacing--60)\">\n<h2 class=\"wp-block-heading has-x-large-font-size\">BACHILLERATO EN PROGRAMACI\u00d3N<\/h2>\n\n\n\n<p class=\"has-text-align-justify\">El Bachillerato Tecnol\u00f3gico en&nbsp; Programaci\u00f3n en el medio nivel&nbsp; superior, tiene por objetivo formar t\u00e9cnicos con una preparaci\u00f3n que les permita continuar estudios a nivel licenciatura en el \u00e1rea f\u00edsico-matem\u00e1ticas; as\u00ed como formaci\u00f3n tecnol\u00f3gica que le capacita en la pr\u00e1ctica de los conocimientos t\u00e9cnicos para desempe\u00f1ar funciones de supervisi\u00f3n, organizaci\u00f3n y planeaci\u00f3n del manejo de proceso de programaci\u00f3n, diagramaci\u00f3n, estructuraci\u00f3n, an\u00e1lisis de sistemas operativos de centro de c\u00f3mputo.<\/p>\n\n\n\n<p class=\"has-x-small-font-size\">Acuerdo 967151 S.E.P. D.G.E.T.I. 24 de enero de 1996<\/p>\n<\/div>\n<\/div>\n<\/div>\n\n\n\n<div class=\"wp-block-columns alignwide is-layout-flex wp-container-core-columns-is-layout-08c01c1c wp-block-columns-is-layout-flex\">\n<div class=\"wp-block-column is-layout-flow wp-container-core-column-is-layout-119bc444 wp-block-column-is-layout-flow\" style=\"flex-basis:67.09062%\">\n<div class=\"wp-block-group is-nowrap is-layout-flex wp-container-core-group-is-layout-6c531013 wp-block-group-is-layout-flex\">\n<div class=\"wp-block-group has-background-color has-text-color has-background has-global-padding is-layout-constrained wp-container-core-group-is-layout-d7952c80 wp-block-group-is-layout-constrained\" style=\"border-radius:28px;background-color:#f5a711;min-height:100%;padding-top:var(--wp--preset--spacing--60);padding-right:var(--wp--preset--spacing--60);padding-bottom:var(--wp--preset--spacing--60);padding-left:var(--wp--preset--spacing--60)\">\n<p><strong>Perfil de ingreso<\/strong><\/p>\n\n\n\n<p class=\"has-text-align-justify\" id=\"u35057-4\">Debe tener la habilidad para manejar instrumentos peque\u00f1os, poseer buena memoria visual, ser disciplinado y poseer un pensamiento l\u00f3gico-matem\u00e1tico.<\/p>\n\n\n\n<p id=\"u35057-5\">&nbsp;<\/p>\n\n\n\n<p id=\"u35057-7\"><strong>Perfil de egreso<\/strong><\/p>\n\n\n\n<p class=\"has-text-align-justify\" id=\"u35057-9\">Al terminar la carrera el alumno ser\u00e1 emprendedor y capaz de: Aplicar los conocimientos necesarios por el an\u00e1lisis, dise\u00f1o y desarrollo de sistemas de c\u00f3mputo. Instalar software de aplicaci\u00f3n utilizando la programaci\u00f3n estructurada, dirigida a objetos y ambientes web y m\u00f3viles, con almacenamiento persistentes de datos.<\/p>\n\n\n\n<p class=\"has-text-align-justify\" id=\"u35057-9\">Operar cualquier sistema de c\u00f3mputo, analizar y dise\u00f1ar base de datos, administrar sistemas operativos, aplicaci\u00f3n y servicio.<\/p>\n\n\n\n<p id=\"u35057-10\">&nbsp;<\/p>\n\n\n\n<p id=\"u35057-12\"><strong>Campo laboral<\/strong><\/p>\n\n\n\n<p class=\"has-text-align-justify\">El programador tiene gran oportunidad de trabajo, por ser el \u00e1rea de la computaci\u00f3n un instrumento tecnol\u00f3gico que actualmente tiene vital importancia por su utilidad en todas las actividades del hombre; por lo tanto, el programador puede desarrollarse en cualquier lugar donde exista una computadora, ya sea en una empresa privada u oficial. Realizar todo tipo de diagramas, codifica (traduce en un lenguaje las instrucciones del programa) y desarrolla los programas de acuerdo a las necesidades de la empresa.<\/p>\n<\/div>\n<\/div>\n<\/div>\n\n\n\n<div class=\"wp-block-column is-layout-flow wp-block-column-is-layout-flow\" style=\"flex-basis:32.90938%\">\n<figure class=\"wp-block-image size-large\"><img decoding=\"async\" src=\"http:\/\/uqi.edu.mx\/wp-content\/uploads\/2025\/03\/1-4-4.jpg?w=1024\" alt=\"\" class=\"wp-image-294\"\/><\/figure>\n\n\n\n<figure class=\"wp-block-image size-large\"><img decoding=\"async\" src=\"http:\/\/uqi.edu.mx\/wp-content\/uploads\/2025\/03\/3-6-2.jpg?w=1024\" alt=\"\" class=\"wp-image-295\"\/><\/figure>\n\n\n\n<figure class=\"wp-block-image size-large is-style-default\"><img decoding=\"async\" src=\"http:\/\/uqi.edu.mx\/wp-content\/uploads\/2025\/03\/2-4-1.jpg?w=1024\" alt=\"\" class=\"wp-image-296\"\/><\/figure>\n<\/div>\n<\/div>\n<\/div>\n","protected":false},"excerpt":{"rendered":"<p>BACHILLERATO EN PROGRAMACI\u00d3N El Bachillerato Tecnol\u00f3gico en&nbsp; Programaci\u00f3n en el medio nivel&nbsp; superior, tiene por objetivo formar t\u00e9cnicos con una preparaci\u00f3n que les permita continuar estudios a nivel licenciatura en el \u00e1rea f\u00edsico-matem\u00e1ticas; as\u00ed como formaci\u00f3n tecnol\u00f3gica que le capacita en la pr\u00e1ctica de los conocimientos t\u00e9cnicos para desempe\u00f1ar funciones de supervisi\u00f3n, organizaci\u00f3n y planeaci\u00f3n [&hellip;]<\/p>\n","protected":false},"author":1,"featured_media":0,"parent":0,"menu_order":0,"comment_status":"closed","ping_status":"closed","template":"","meta":{"_coblocks_attr":"","_coblocks_dimensions":"","_coblocks_responsive_height":"","_coblocks_accordion_ie_support":"","footnotes":""},"class_list":["post-292","page","type-page","status-publish","hentry"],"_links":{"self":[{"href":"https:\/\/uqi.edu.mx\/index.php?rest_route=\/wp\/v2\/pages\/292","targetHints":{"allow":["GET"]}}],"collection":[{"href":"https:\/\/uqi.edu.mx\/index.php?rest_route=\/wp\/v2\/pages"}],"about":[{"href":"https:\/\/uqi.edu.mx\/index.php?rest_route=\/wp\/v2\/types\/page"}],"author":[{"embeddable":true,"href":"https:\/\/uqi.edu.mx\/index.php?rest_route=\/wp\/v2\/users\/1"}],"replies":[{"embeddable":true,"href":"https:\/\/uqi.edu.mx\/index.php?rest_route=%2Fwp%2Fv2%2Fcomments&post=292"}],"version-history":[{"count":1,"href":"https:\/\/uqi.edu.mx\/index.php?rest_route=\/wp\/v2\/pages\/292\/revisions"}],"predecessor-version":[{"id":1566,"href":"https:\/\/uqi.edu.mx\/index.php?rest_route=\/wp\/v2\/pages\/292\/revisions\/1566"}],"wp:attachment":[{"href":"https:\/\/uqi.edu.mx\/index.php?rest_route=%2Fwp%2Fv2%2Fmedia&parent=292"}],"curies":[{"name":"wp","href":"https:\/\/api.w.org\/{rel}","templated":true}]}}