{"id":274,"date":"2025-03-26T14:50:38","date_gmt":"2025-03-26T20:50:38","guid":{"rendered":"http:\/\/web2.uqi.edu.mx\/?page_id=274"},"modified":"2026-03-23T17:05:00","modified_gmt":"2026-03-23T17:05:00","slug":"contabilidad-bachilleratos","status":"publish","type":"page","link":"https:\/\/uqi.edu.mx\/?page_id=274","title":{"rendered":"Contabilidad Bachilleratos"},"content":{"rendered":"\n<div class=\"wp-block-group alignwide has-global-padding is-layout-constrained wp-container-core-group-is-layout-346627ba wp-block-group-is-layout-constrained\">\n<div class=\"wp-block-columns alignwide is-layout-flex wp-container-core-columns-is-layout-08c01c1c wp-block-columns-is-layout-flex\">\n<div class=\"wp-block-column is-layout-flow wp-block-column-is-layout-flow\" style=\"flex-basis:32.90938%\">\n<div class=\"wp-block-cover is-light has-custom-content-position is-position-bottom-center has-base-color has-text-color has-link-color wp-elements-633b8b11b54a2a3e6db62dc50e7e85e2 wp-container-content-9cfa9a5a\" style=\"border-radius:28px;padding-top:var(--wp--preset--spacing--60);padding-right:var(--wp--preset--spacing--60);padding-bottom:var(--wp--preset--spacing--60);padding-left:var(--wp--preset--spacing--60);min-height:510px;aspect-ratio:unset;\"><img decoding=\"async\" class=\"wp-block-cover__image-background wp-image-280 size-large\" alt=\"\" src=\"http:\/\/uqi.edu.mx\/wp-content\/uploads\/2025\/03\/1-7.jpg?w=1024\" style=\"object-position:57% 51%\" data-object-fit=\"cover\" data-object-position=\"57% 51%\"\/><span aria-hidden=\"true\" class=\"wp-block-cover__background has-background-dim wp-block-cover__gradient-background has-background-gradient\" style=\"background-color:#ada9a8;background:linear-gradient(180deg,rgba(0,0,0,0) 0%,rgb(0,0,0) 76%)\"><\/span><div class=\"wp-block-cover__inner-container is-layout-flow wp-block-cover-is-layout-flow\">\n<h2 class=\"wp-block-heading has-text-align-left has-xx-large-font-size\">PLAN DE ESTUDIOS<\/h2>\n\n\n\n<div class=\"wp-block-buttons is-layout-flex wp-block-buttons-is-layout-flex\">\n<div class=\"wp-block-button is-style-fill\"><a class=\"wp-block-button__link has-base-color has-text-color has-link-color wp-element-button\" href=\"http:\/\/uqi.edu.mx\/wp-content\/uploads\/2025\/03\/b-contabilidad.pdf\">Leer m\u00e1s<\/a><\/div>\n<\/div>\n<\/div><\/div>\n<\/div>\n\n\n\n<div class=\"wp-block-column is-layout-flow wp-container-core-column-is-layout-119bc444 wp-block-column-is-layout-flow\" style=\"flex-basis:67.09062%\">\n<div class=\"wp-block-group has-base-color has-custom-color-1-background-color has-text-color has-background has-link-color wp-elements-173a9a3cc8af8cc4a60f2142e911384a is-vertical is-layout-flex wp-container-core-group-is-layout-80882bac wp-block-group-is-layout-flex\" style=\"border-radius:28px;padding-top:var(--wp--preset--spacing--60);padding-right:var(--wp--preset--spacing--60);padding-bottom:var(--wp--preset--spacing--60);padding-left:var(--wp--preset--spacing--60)\">\n<h2 class=\"wp-block-heading has-x-large-font-size\">BACHILLERATO EN CONTABILIDAD<\/h2>\n\n\n\n<p class=\"has-text-align-justify\">El Bachillerato Tecnol\u00f3gico en Contabilidad, en el nivel medio superior, tiene como objetivo, formar t\u00e9cnicos con una preparaci\u00f3n proped\u00e9utica que les permitir\u00e1 continuar sus estudios a nivel licenciatura en el \u00e1rea econ\u00f3mico-administrativa, as\u00ed como una formaci\u00f3n tecnol\u00f3gica que los capacite para poner en pr\u00e1ctica los conocimientos en el manejo de los sistemas contables y financieros, aplicables a diversas \u00e1reas, como son: auditorias, costos, presupuestos, aspectos fiscales, entre otros.<\/p>\n\n\n\n<p class=\"has-x-small-font-size\">Acuerdo 967153 S.E.P. D.G.E.T.I. 24 de enero 1996<\/p>\n<\/div>\n<\/div>\n<\/div>\n\n\n\n<div class=\"wp-block-columns alignwide is-layout-flex wp-container-core-columns-is-layout-08c01c1c wp-block-columns-is-layout-flex\">\n<div class=\"wp-block-column is-layout-flow wp-container-core-column-is-layout-119bc444 wp-block-column-is-layout-flow\" style=\"flex-basis:67.09062%\">\n<div class=\"wp-block-group is-nowrap is-layout-flex wp-container-core-group-is-layout-6c531013 wp-block-group-is-layout-flex\">\n<div class=\"wp-block-group has-background-color has-text-color has-background has-global-padding is-layout-constrained wp-container-core-group-is-layout-d7952c80 wp-block-group-is-layout-constrained\" style=\"border-radius:28px;background-color:#f5a711;min-height:100%;padding-top:var(--wp--preset--spacing--60);padding-right:var(--wp--preset--spacing--60);padding-bottom:var(--wp--preset--spacing--60);padding-left:var(--wp--preset--spacing--60)\">\n<p><strong>Perfil de ingreso<\/strong><\/p>\n\n\n\n<p class=\"has-text-align-justify\" id=\"u35057-4\">Debe tener la capacidad anal\u00edtica, amplia visi\u00f3n de los problemas en los que convergen factores econ\u00f3micos tecnol\u00f3gicos, pol\u00edtico, y sociales, sentido de orden y exactitud, habilidad para la sistematizaci\u00f3n, an\u00e1lisis de cifras, manejo de s\u00edmbolos y de lenguaje, tanto hablado como escrito.<\/p>\n\n\n\n<p id=\"u35057-5\">&nbsp;<\/p>\n\n\n\n<p id=\"u35057-7\"><strong>Perfil de egreso<\/strong><\/p>\n\n\n\n<p class=\"has-text-align-justify\" id=\"u35057-9\">Al t\u00e9rmino de la carrera el alumno ser\u00e1 capaz de aplicar la informaci\u00f3n financiera para la toma de decisiones y pago de impuestos. Registrar manual y computarizadamente todas las operaciones que realiza una empresa. Realizar los c\u00e1lculos correspondientes a controles y operaciones de cualquier organismo. Realizar tr\u00e1mites bancarios de toda \u00edndole. Realizar el proceso contable de una empresa. Conocer las obligaciones fiscales y an\u00e1lisis financiero.<\/p>\n\n\n\n<p id=\"u35057-10\">&nbsp;<\/p>\n\n\n\n<p id=\"u35057-12\"><strong>Campo laboral<\/strong><\/p>\n\n\n\n<p class=\"has-text-align-justify\">El T\u00e9cnico Profesional en Contabilidad act\u00faa en los campos de las finanzas, fiscal y de control, puede desenvolverse ya sea de manera independiente en despachos o bien en entidades diversas tanto de la iniciativa privada como del sector p\u00fablico y en general en cualquier lugar en que se requiere la presencia de un experto en informaci\u00f3n financiera, comprendiendo \u00e9sta no s\u00f3lo la captaci\u00f3n de la informaci\u00f3n sino tambi\u00e9n el procesamiento e interpretaci\u00f3n de la misma y la dictaminaci\u00f3n de los estados financieros.<\/p>\n<\/div>\n<\/div>\n<\/div>\n\n\n\n<div class=\"wp-block-column is-layout-flow wp-block-column-is-layout-flow\" style=\"flex-basis:32.90938%\">\n<figure class=\"wp-block-image size-large\"><img decoding=\"async\" src=\"http:\/\/uqi.edu.mx\/wp-content\/uploads\/2025\/03\/4-4.jpg?w=1024\" alt=\"\" class=\"wp-image-281\"\/><\/figure>\n\n\n\n<figure class=\"wp-block-image size-large\"><img decoding=\"async\" src=\"http:\/\/uqi.edu.mx\/wp-content\/uploads\/2025\/03\/3-9.jpg?w=1024\" alt=\"\" class=\"wp-image-282\"\/><\/figure>\n\n\n\n<figure class=\"wp-block-image size-large is-style-default\"><img decoding=\"async\" src=\"http:\/\/uqi.edu.mx\/wp-content\/uploads\/2025\/03\/2-6.jpg?w=1024\" alt=\"\" class=\"wp-image-283\"\/><\/figure>\n<\/div>\n<\/div>\n<\/div>\n","protected":false},"excerpt":{"rendered":"<p>BACHILLERATO EN CONTABILIDAD El Bachillerato Tecnol\u00f3gico en Contabilidad, en el nivel medio superior, tiene como objetivo, formar t\u00e9cnicos con una preparaci\u00f3n proped\u00e9utica que les permitir\u00e1 continuar sus estudios a nivel licenciatura en el \u00e1rea econ\u00f3mico-administrativa, as\u00ed como una formaci\u00f3n tecnol\u00f3gica que los capacite para poner en pr\u00e1ctica los conocimientos en el manejo de los sistemas [&hellip;]<\/p>\n","protected":false},"author":1,"featured_media":0,"parent":0,"menu_order":0,"comment_status":"closed","ping_status":"closed","template":"","meta":{"_coblocks_attr":"","_coblocks_dimensions":"","_coblocks_responsive_height":"","_coblocks_accordion_ie_support":"","footnotes":""},"class_list":["post-274","page","type-page","status-publish","hentry"],"_links":{"self":[{"href":"https:\/\/uqi.edu.mx\/index.php?rest_route=\/wp\/v2\/pages\/274","targetHints":{"allow":["GET"]}}],"collection":[{"href":"https:\/\/uqi.edu.mx\/index.php?rest_route=\/wp\/v2\/pages"}],"about":[{"href":"https:\/\/uqi.edu.mx\/index.php?rest_route=\/wp\/v2\/types\/page"}],"author":[{"embeddable":true,"href":"https:\/\/uqi.edu.mx\/index.php?rest_route=\/wp\/v2\/users\/1"}],"replies":[{"embeddable":true,"href":"https:\/\/uqi.edu.mx\/index.php?rest_route=%2Fwp%2Fv2%2Fcomments&post=274"}],"version-history":[{"count":1,"href":"https:\/\/uqi.edu.mx\/index.php?rest_route=\/wp\/v2\/pages\/274\/revisions"}],"predecessor-version":[{"id":1572,"href":"https:\/\/uqi.edu.mx\/index.php?rest_route=\/wp\/v2\/pages\/274\/revisions\/1572"}],"wp:attachment":[{"href":"https:\/\/uqi.edu.mx\/index.php?rest_route=%2Fwp%2Fv2%2Fmedia&parent=274"}],"curies":[{"name":"wp","href":"https:\/\/api.w.org\/{rel}","templated":true}]}}