{"id":257,"date":"2025-03-26T14:42:09","date_gmt":"2025-03-26T20:42:09","guid":{"rendered":"http:\/\/web2.uqi.edu.mx\/?page_id=257"},"modified":"2026-03-23T17:02:10","modified_gmt":"2026-03-23T17:02:10","slug":"comunicacion-bachilleratos","status":"publish","type":"page","link":"https:\/\/uqi.edu.mx\/?page_id=257","title":{"rendered":"Comunicaci\u00f3n Bachilleratos"},"content":{"rendered":"\n<div class=\"wp-block-group alignwide has-global-padding is-layout-constrained wp-container-core-group-is-layout-346627ba wp-block-group-is-layout-constrained\">\n<div class=\"wp-block-columns alignwide is-layout-flex wp-container-core-columns-is-layout-08c01c1c wp-block-columns-is-layout-flex\">\n<div class=\"wp-block-column is-layout-flow wp-block-column-is-layout-flow\" style=\"flex-basis:32.90938%\">\n<div class=\"wp-block-cover has-custom-content-position is-position-bottom-center has-base-color has-text-color has-link-color wp-elements-027939b67d316556f6196894af311fc9 wp-container-content-9cfa9a5a\" style=\"border-radius:28px;padding-top:var(--wp--preset--spacing--60);padding-right:var(--wp--preset--spacing--60);padding-bottom:var(--wp--preset--spacing--60);padding-left:var(--wp--preset--spacing--60);min-height:478px;aspect-ratio:unset;\"><img loading=\"lazy\" decoding=\"async\" width=\"1024\" height=\"727\" class=\"wp-block-cover__image-background wp-image-1046 size-large\" alt=\"\" src=\"https:\/\/uqi.edu.mx\/wp-content\/uploads\/2025\/07\/1-1024x727.jpg\" style=\"object-position:0% 12%\" data-object-fit=\"cover\" data-object-position=\"0% 12%\" srcset=\"https:\/\/uqi.edu.mx\/wp-content\/uploads\/2025\/07\/1-1024x727.jpg 1024w, https:\/\/uqi.edu.mx\/wp-content\/uploads\/2025\/07\/1-300x213.jpg 300w, https:\/\/uqi.edu.mx\/wp-content\/uploads\/2025\/07\/1-768x545.jpg 768w, https:\/\/uqi.edu.mx\/wp-content\/uploads\/2025\/07\/1-1536x1090.jpg 1536w, https:\/\/uqi.edu.mx\/wp-content\/uploads\/2025\/07\/1-2048x1453.jpg 2048w\" sizes=\"auto, (max-width: 1024px) 100vw, 1024px\" \/><span aria-hidden=\"true\" class=\"wp-block-cover__background has-background-dim wp-block-cover__gradient-background has-background-gradient\" style=\"background-color:#5d5b5d;background:linear-gradient(180deg,rgba(0,0,0,0) 0%,rgb(0,0,0) 76%)\"><\/span><div class=\"wp-block-cover__inner-container is-layout-flow wp-block-cover-is-layout-flow\">\n<h2 class=\"wp-block-heading has-text-align-left has-xx-large-font-size\">PLAN DE ESTUDIOS<\/h2>\n\n\n\n<div class=\"wp-block-buttons is-layout-flex wp-block-buttons-is-layout-flex\">\n<div class=\"wp-block-button is-style-fill\"><a class=\"wp-block-button__link has-base-color has-text-color has-link-color wp-element-button\" href=\"https:\/\/uqi.edu.mx\/wp-content\/uploads\/2025\/10\/B-COMUNICACION.pdf\">Leer m\u00e1s<\/a><\/div>\n<\/div>\n<\/div><\/div>\n<\/div>\n\n\n\n<div class=\"wp-block-column is-layout-flow wp-container-core-column-is-layout-119bc444 wp-block-column-is-layout-flow\" style=\"flex-basis:67.09062%\">\n<div class=\"wp-block-group has-base-color has-custom-color-1-background-color has-text-color has-background has-link-color wp-elements-743786b20df94a71968901d817d5321e is-vertical is-layout-flex wp-container-core-group-is-layout-80882bac wp-block-group-is-layout-flex\" style=\"border-radius:28px;padding-top:var(--wp--preset--spacing--60);padding-right:var(--wp--preset--spacing--60);padding-bottom:var(--wp--preset--spacing--60);padding-left:var(--wp--preset--spacing--60)\">\n<h2 class=\"wp-block-heading has-x-large-font-size\">BACHILLERATO EN COMUNICACI\u00d3N<\/h2>\n\n\n\n<p class=\"has-text-align-justify\">El Bachillerato Tecnol\u00f3gico en Comunicaci\u00f3n, tiene por objetivo formar t\u00e9cnicos profesionales y a su vez que puedan continuar estudiando una carrera a nivel superior; al igual que preparar profesionistas que desempe\u00f1en funciones relacionadas con la obtenci\u00f3n de informaci\u00f3n para los diferentes g\u00e9neros period\u00edsticos como son: la noticia, el reportaje, art\u00edculos de fondo, entrevistas, etc., Incursionar en los medios de comunicaci\u00f3n.<\/p>\n\n\n\n<p class=\"has-x-small-font-size\">Acuerdo 2000338 S.E.P. D.G.E.T.I. 1 noviembre 2000.<\/p>\n<\/div>\n<\/div>\n<\/div>\n\n\n\n<div class=\"wp-block-columns alignwide is-layout-flex wp-container-core-columns-is-layout-08c01c1c wp-block-columns-is-layout-flex\">\n<div class=\"wp-block-column is-layout-flow wp-container-core-column-is-layout-119bc444 wp-block-column-is-layout-flow\" style=\"flex-basis:67.09062%\">\n<div class=\"wp-block-group is-nowrap is-layout-flex wp-container-core-group-is-layout-6c531013 wp-block-group-is-layout-flex\">\n<div class=\"wp-block-group has-background-color has-text-color has-background has-global-padding is-layout-constrained wp-container-core-group-is-layout-d7952c80 wp-block-group-is-layout-constrained\" style=\"border-radius:28px;background-color:#f5a711;min-height:100%;padding-top:var(--wp--preset--spacing--60);padding-right:var(--wp--preset--spacing--60);padding-bottom:var(--wp--preset--spacing--60);padding-left:var(--wp--preset--spacing--60)\">\n<p><strong>Perfil de ingreso<\/strong><\/p>\n\n\n\n<p class=\"has-text-align-justify\" id=\"u35057-4\">Tener la capacidad para relacionarse con la gente, la amabilidad para ampliar, intensificar y mejorar el trato con sus semejantes. Ser conscientes de que la comunicaci\u00f3n modifica los pensamientos y sentimientos de los dem\u00e1s.<\/p>\n\n\n\n<p id=\"u35057-5\">&nbsp;<\/p>\n\n\n\n<p id=\"u35057-7\"><strong>Perfil de egreso<\/strong><\/p>\n\n\n\n<p class=\"has-text-align-justify\" id=\"u35057-9\">Cuando termine estar\u00e1 capacitado para trabajar en los medios de comunicaci\u00f3n; podr\u00e1 redactar noticias, reportajes, entrevistas; cuento y ensayo; ser locutor, producir o dirigir un programa de radio o televisi\u00f3n; y si lo prefiere, hacer su propio sitio o elaborar cortos de cine. Sus habilidades, con esta especialidad, ser\u00e1n muy amplias y su actitud ser\u00e1 de \u00e9xito.<\/p>\n\n\n\n<p id=\"u35057-10\">&nbsp;<\/p>\n\n\n\n<p id=\"u35057-12\"><strong>Campo laboral<\/strong><\/p>\n\n\n\n<p class=\"has-text-align-justify\">El T\u00e9cnico en Comunicaci\u00f3n puede encauzar y realizar sus actividades en diversas instituciones como agencias publicitarias, oficinas de prensa, en el sector p\u00fablico y privado, en oficinas, departamentos de publicidad, propaganda y relaciones p\u00fablicas.<\/p>\n<\/div>\n<\/div>\n<\/div>\n\n\n\n<div class=\"wp-block-column is-layout-flow wp-block-column-is-layout-flow\" style=\"flex-basis:32.90938%\">\n<figure class=\"wp-block-image size-large\"><img loading=\"lazy\" decoding=\"async\" width=\"1024\" height=\"607\" src=\"https:\/\/uqi.edu.mx\/wp-content\/uploads\/2025\/07\/2-1024x607.jpg\" alt=\"\" class=\"wp-image-1047\" srcset=\"https:\/\/uqi.edu.mx\/wp-content\/uploads\/2025\/07\/2-1024x607.jpg 1024w, https:\/\/uqi.edu.mx\/wp-content\/uploads\/2025\/07\/2-300x178.jpg 300w, https:\/\/uqi.edu.mx\/wp-content\/uploads\/2025\/07\/2-768x455.jpg 768w, https:\/\/uqi.edu.mx\/wp-content\/uploads\/2025\/07\/2-1536x910.jpg 1536w, https:\/\/uqi.edu.mx\/wp-content\/uploads\/2025\/07\/2-2048x1213.jpg 2048w\" sizes=\"auto, (max-width: 1024px) 100vw, 1024px\" \/><\/figure>\n\n\n\n<figure class=\"wp-block-image size-large\"><img loading=\"lazy\" decoding=\"async\" width=\"1024\" height=\"683\" src=\"https:\/\/uqi.edu.mx\/wp-content\/uploads\/2025\/07\/4-1024x683.jpg\" alt=\"\" class=\"wp-image-1048\" srcset=\"https:\/\/uqi.edu.mx\/wp-content\/uploads\/2025\/07\/4-1024x683.jpg 1024w, https:\/\/uqi.edu.mx\/wp-content\/uploads\/2025\/07\/4-300x200.jpg 300w, https:\/\/uqi.edu.mx\/wp-content\/uploads\/2025\/07\/4-768x512.jpg 768w, https:\/\/uqi.edu.mx\/wp-content\/uploads\/2025\/07\/4-1536x1024.jpg 1536w, https:\/\/uqi.edu.mx\/wp-content\/uploads\/2025\/07\/4-2048x1365.jpg 2048w\" sizes=\"auto, (max-width: 1024px) 100vw, 1024px\" \/><\/figure>\n\n\n\n<figure class=\"wp-block-image size-large is-style-default\"><img loading=\"lazy\" decoding=\"async\" width=\"1024\" height=\"683\" src=\"https:\/\/uqi.edu.mx\/wp-content\/uploads\/2025\/07\/3-1024x683.jpg\" alt=\"\" class=\"wp-image-1049\" srcset=\"https:\/\/uqi.edu.mx\/wp-content\/uploads\/2025\/07\/3-1024x683.jpg 1024w, https:\/\/uqi.edu.mx\/wp-content\/uploads\/2025\/07\/3-300x200.jpg 300w, https:\/\/uqi.edu.mx\/wp-content\/uploads\/2025\/07\/3-768x512.jpg 768w, https:\/\/uqi.edu.mx\/wp-content\/uploads\/2025\/07\/3-1536x1024.jpg 1536w, https:\/\/uqi.edu.mx\/wp-content\/uploads\/2025\/07\/3-2048x1365.jpg 2048w\" sizes=\"auto, (max-width: 1024px) 100vw, 1024px\" \/><\/figure>\n<\/div>\n<\/div>\n<\/div>\n","protected":false},"excerpt":{"rendered":"<p>BACHILLERATO EN COMUNICACI\u00d3N El Bachillerato Tecnol\u00f3gico en Comunicaci\u00f3n, tiene por objetivo formar t\u00e9cnicos profesionales y a su vez que puedan continuar estudiando una carrera a nivel superior; al igual que preparar profesionistas que desempe\u00f1en funciones relacionadas con la obtenci\u00f3n de informaci\u00f3n para los diferentes g\u00e9neros period\u00edsticos como son: la noticia, el reportaje, art\u00edculos de fondo, [&hellip;]<\/p>\n","protected":false},"author":1,"featured_media":0,"parent":0,"menu_order":0,"comment_status":"closed","ping_status":"closed","template":"","meta":{"_coblocks_attr":"","_coblocks_dimensions":"","_coblocks_responsive_height":"","_coblocks_accordion_ie_support":"","footnotes":""},"class_list":["post-257","page","type-page","status-publish","hentry"],"_links":{"self":[{"href":"https:\/\/uqi.edu.mx\/index.php?rest_route=\/wp\/v2\/pages\/257","targetHints":{"allow":["GET"]}}],"collection":[{"href":"https:\/\/uqi.edu.mx\/index.php?rest_route=\/wp\/v2\/pages"}],"about":[{"href":"https:\/\/uqi.edu.mx\/index.php?rest_route=\/wp\/v2\/types\/page"}],"author":[{"embeddable":true,"href":"https:\/\/uqi.edu.mx\/index.php?rest_route=\/wp\/v2\/users\/1"}],"replies":[{"embeddable":true,"href":"https:\/\/uqi.edu.mx\/index.php?rest_route=%2Fwp%2Fv2%2Fcomments&post=257"}],"version-history":[{"count":4,"href":"https:\/\/uqi.edu.mx\/index.php?rest_route=\/wp\/v2\/pages\/257\/revisions"}],"predecessor-version":[{"id":1570,"href":"https:\/\/uqi.edu.mx\/index.php?rest_route=\/wp\/v2\/pages\/257\/revisions\/1570"}],"wp:attachment":[{"href":"https:\/\/uqi.edu.mx\/index.php?rest_route=%2Fwp%2Fv2%2Fmedia&parent=257"}],"curies":[{"name":"wp","href":"https:\/\/api.w.org\/{rel}","templated":true}]}}