{"id":241,"date":"2025-03-26T12:18:43","date_gmt":"2025-03-26T18:18:43","guid":{"rendered":"http:\/\/web2.uqi.edu.mx\/?page_id=241"},"modified":"2026-03-23T17:00:47","modified_gmt":"2026-03-23T17:00:47","slug":"universidad-2","status":"publish","type":"page","link":"https:\/\/uqi.edu.mx\/?page_id=241","title":{"rendered":"Universidad"},"content":{"rendered":"\n<div class=\"wp-block-columns alignfull has-base-color has-custom-color-1-background-color has-text-color has-background has-link-color wp-elements-1735a206c93c8005025f387edd73aba2 is-layout-flex wp-container-core-columns-is-layout-4bd44da7 wp-block-columns-is-layout-flex\" style=\"margin-top:0;margin-bottom:0;padding-top:0;padding-right:0;padding-bottom:0;padding-left:0\">\n<div class=\"wp-block-column is-vertically-aligned-center is-layout-flow wp-block-column-is-layout-flow\" style=\"flex-basis:50%\">\n<figure class=\"wp-block-image size-full\"><img decoding=\"async\" src=\"http:\/\/uqi.edu.mx\/wp-content\/uploads\/2025\/03\/1-5.jpg\" alt=\"\" class=\"wp-image-244\"\/><\/figure>\n<\/div>\n\n\n\n<div class=\"wp-block-column is-vertically-aligned-center is-layout-flow wp-block-column-is-layout-flow\" style=\"padding-top:0;padding-right:0;padding-bottom:0;padding-left:0;flex-basis:50%\">\n<div class=\"wp-block-group has-global-padding is-layout-constrained wp-container-core-group-is-layout-b04b017e wp-block-group-is-layout-constrained\" style=\"padding-top:var(--wp--preset--spacing--70);padding-right:10%;padding-bottom:var(--wp--preset--spacing--70);padding-left:10%\">\n<h2 class=\"wp-block-heading has-xx-large-font-size\">PLAN SEMESTRAL<\/h2>\n\n\n\n<p class=\"has-text-align-justify\">Nuestro Plan Semestral te brinda el tiempo ideal para profundizar conocimientos, aplicar lo aprendido y desarrollar habilidades clave con una estructura equilibrada. Con materiales actualizados y apoyo constante, avanzar\u00e1s con confianza hacia tus objetivos.<\/p>\n\n\n\n<div class=\"wp-block-buttons is-layout-flex wp-block-buttons-is-layout-flex\">\n<div class=\"wp-block-button is-style-outline is-style-outline--1\"><a class=\"wp-block-button__link has-background-color has-text-color has-background has-link-color has-border-color has-base-border-color wp-element-button\" href=\"http:\/\/uqi.edu.mx\/?page_id=78\" style=\"border-width:2px;background-color:#f5a711\">Leer m\u00e1s<\/a><\/div>\n<\/div>\n<\/div>\n<\/div>\n<\/div>\n\n\n\n<div class=\"wp-block-columns alignfull has-base-color has-text-color has-background has-link-color wp-elements-eba199145eddb1d08fc80846d5a1d559 is-layout-flex wp-container-core-columns-is-layout-4bd44da7 wp-block-columns-is-layout-flex\" style=\"background-color:#f5a711;margin-top:0;margin-bottom:0;padding-top:0;padding-right:0;padding-bottom:0;padding-left:0\">\n<div class=\"wp-block-column is-vertically-aligned-center is-layout-flow wp-block-column-is-layout-flow\" style=\"flex-basis:50%\">\n<figure class=\"wp-block-image size-full\"><img loading=\"lazy\" decoding=\"async\" width=\"2560\" height=\"1707\" src=\"http:\/\/uqi.edu.mx\/wp-content\/uploads\/2025\/05\/1-scaled.jpg\" alt=\"\" class=\"wp-image-681\" srcset=\"https:\/\/uqi.edu.mx\/wp-content\/uploads\/2025\/05\/1-scaled.jpg 2560w, https:\/\/uqi.edu.mx\/wp-content\/uploads\/2025\/05\/1-300x200.jpg 300w, https:\/\/uqi.edu.mx\/wp-content\/uploads\/2025\/05\/1-1024x683.jpg 1024w, https:\/\/uqi.edu.mx\/wp-content\/uploads\/2025\/05\/1-768x512.jpg 768w, https:\/\/uqi.edu.mx\/wp-content\/uploads\/2025\/05\/1-1536x1024.jpg 1536w, https:\/\/uqi.edu.mx\/wp-content\/uploads\/2025\/05\/1-2048x1365.jpg 2048w\" sizes=\"auto, (max-width: 2560px) 100vw, 2560px\" \/><\/figure>\n<\/div>\n\n\n\n<div class=\"wp-block-column is-vertically-aligned-center is-layout-flow wp-block-column-is-layout-flow\" style=\"padding-top:0;padding-right:0;padding-bottom:0;padding-left:0;flex-basis:50%\">\n<div class=\"wp-block-group has-global-padding is-layout-constrained wp-container-core-group-is-layout-b04b017e wp-block-group-is-layout-constrained\" style=\"padding-top:var(--wp--preset--spacing--70);padding-right:10%;padding-bottom:var(--wp--preset--spacing--70);padding-left:10%\">\n<h2 class=\"wp-block-heading has-xx-large-font-size\">PLAN CUATRIMESTRAL<\/h2>\n\n\n\n<p class=\"has-text-align-justify\">Nuestro Plan Cuatrimestral est\u00e1 dise\u00f1ado para maximizar tu aprendizaje y resultados en un per\u00edodo corto y efectivo. Con una estructura flexible, contenido actualizado y el acompa\u00f1amiento de expertos, avanzar\u00e1s de manera constante hacia tus metas.<\/p>\n\n\n\n<div class=\"wp-block-buttons is-layout-flex wp-block-buttons-is-layout-flex\">\n<div class=\"wp-block-button is-style-outline is-style-outline--2\"><a class=\"wp-block-button__link has-background-color has-custom-color-1-background-color has-text-color has-background has-link-color has-border-color has-base-border-color wp-element-button\" href=\"http:\/\/uqi.edu.mx\/?page_id=240\" style=\"border-width:2px\">Leer m\u00e1s<\/a><\/div>\n<\/div>\n<\/div>\n<\/div>\n<\/div>\n","protected":false},"excerpt":{"rendered":"<p>PLAN SEMESTRAL Nuestro Plan Semestral te brinda el tiempo ideal para profundizar conocimientos, aplicar lo aprendido y desarrollar habilidades clave con una estructura equilibrada. Con materiales actualizados y apoyo constante, avanzar\u00e1s con confianza hacia tus objetivos. PLAN CUATRIMESTRAL Nuestro Plan Cuatrimestral est\u00e1 dise\u00f1ado para maximizar tu aprendizaje y resultados en un per\u00edodo corto y efectivo. [&hellip;]<\/p>\n","protected":false},"author":1,"featured_media":0,"parent":0,"menu_order":0,"comment_status":"closed","ping_status":"closed","template":"","meta":{"_coblocks_attr":"","_coblocks_dimensions":"","_coblocks_responsive_height":"","_coblocks_accordion_ie_support":"","footnotes":""},"class_list":["post-241","page","type-page","status-publish","hentry"],"_links":{"self":[{"href":"https:\/\/uqi.edu.mx\/index.php?rest_route=\/wp\/v2\/pages\/241","targetHints":{"allow":["GET"]}}],"collection":[{"href":"https:\/\/uqi.edu.mx\/index.php?rest_route=\/wp\/v2\/pages"}],"about":[{"href":"https:\/\/uqi.edu.mx\/index.php?rest_route=\/wp\/v2\/types\/page"}],"author":[{"embeddable":true,"href":"https:\/\/uqi.edu.mx\/index.php?rest_route=\/wp\/v2\/users\/1"}],"replies":[{"embeddable":true,"href":"https:\/\/uqi.edu.mx\/index.php?rest_route=%2Fwp%2Fv2%2Fcomments&post=241"}],"version-history":[{"count":2,"href":"https:\/\/uqi.edu.mx\/index.php?rest_route=\/wp\/v2\/pages\/241\/revisions"}],"predecessor-version":[{"id":1567,"href":"https:\/\/uqi.edu.mx\/index.php?rest_route=\/wp\/v2\/pages\/241\/revisions\/1567"}],"wp:attachment":[{"href":"https:\/\/uqi.edu.mx\/index.php?rest_route=%2Fwp%2Fv2%2Fmedia&parent=241"}],"curies":[{"name":"wp","href":"https:\/\/api.w.org\/{rel}","templated":true}]}}