{"id":240,"date":"2025-03-26T12:22:02","date_gmt":"2025-03-26T18:22:02","guid":{"rendered":"http:\/\/web2.uqi.edu.mx\/?page_id=240"},"modified":"2026-03-18T17:36:33","modified_gmt":"2026-03-18T17:36:33","slug":"cuatrimestral","status":"publish","type":"page","link":"https:\/\/uqi.edu.mx\/?page_id=240","title":{"rendered":"Cuatrimestral"},"content":{"rendered":"\n<div class=\"wp-block-columns alignfull has-base-color has-custom-color-1-background-color has-text-color has-background has-link-color wp-elements-e7071d9f1e7515d7e1814f0eac6f3127 is-layout-flex wp-container-core-columns-is-layout-4bd44da7 wp-block-columns-is-layout-flex\" style=\"margin-top:0;margin-bottom:0;padding-top:0;padding-right:0;padding-bottom:0;padding-left:0\">\n<div class=\"wp-block-column is-vertically-aligned-center is-layout-flow wp-block-column-is-layout-flow\" style=\"flex-basis:50%\">\n<figure class=\"wp-block-image size-full\"><img loading=\"lazy\" decoding=\"async\" width=\"2400\" height=\"1600\" src=\"https:\/\/uqi.edu.mx\/wp-content\/uploads\/2026\/03\/1.jpg\" alt=\"\" class=\"wp-image-1538\" srcset=\"https:\/\/uqi.edu.mx\/wp-content\/uploads\/2026\/03\/1.jpg 2400w, https:\/\/uqi.edu.mx\/wp-content\/uploads\/2026\/03\/1-300x200.jpg 300w, https:\/\/uqi.edu.mx\/wp-content\/uploads\/2026\/03\/1-1024x683.jpg 1024w, https:\/\/uqi.edu.mx\/wp-content\/uploads\/2026\/03\/1-768x512.jpg 768w, https:\/\/uqi.edu.mx\/wp-content\/uploads\/2026\/03\/1-1536x1024.jpg 1536w, https:\/\/uqi.edu.mx\/wp-content\/uploads\/2026\/03\/1-2048x1365.jpg 2048w\" sizes=\"auto, (max-width: 2400px) 100vw, 2400px\" \/><\/figure>\n<\/div>\n\n\n\n<div class=\"wp-block-column is-vertically-aligned-center is-layout-flow wp-block-column-is-layout-flow\" style=\"padding-top:0;padding-right:0;padding-bottom:0;padding-left:0;flex-basis:50%\">\n<div class=\"wp-block-group has-global-padding is-layout-constrained wp-container-core-group-is-layout-b04b017e wp-block-group-is-layout-constrained\" style=\"padding-top:var(--wp--preset--spacing--70);padding-right:10%;padding-bottom:var(--wp--preset--spacing--70);padding-left:10%\">\n<h2 class=\"wp-block-heading has-x-large-font-size\">COMUNICACI\u00d3N Y CREACI\u00d3N DE CONTENIDO<\/h2>\n\n\n\n<p class=\"has-text-align-justify has-small-font-size\">El Licenciado en Comunicaci\u00f3n y Creaci\u00f3n de Contenidos desarrolla efectivos planes de comunicaci\u00f3n estrat\u00e9gica, siendo capaz de crear contenidos, narrativas audiovisuales en diferentes formatos de acuerdo a las exigencias de los m\u00faltiples canales de comunicaci\u00f3n y medios de informaci\u00f3n. Nuestro estudio de producci\u00f3n audiovisual, cabina de grabaci\u00f3n de audio y set de fotograf\u00eda, son los espacios ideales para la creaci\u00f3n de contenidos que caracterizan a esta nueva carrera de la Universidad Quetzalc\u00f3atl, siendo una Empresa Socialmente Responsable, adem\u00e1s de contar con un excelente grupo de docentes vinculados con el \u00e1mbito de la comunicaci\u00f3n.<\/p>\n\n\n\n<p class=\"has-x-small-font-size\">Acuerdo ante la SEP 20254488 16 de Diciembre de 2025<\/p>\n\n\n\n<div class=\"wp-block-buttons is-layout-flex wp-block-buttons-is-layout-flex\">\n<div class=\"wp-block-button is-style-outline is-style-outline--1\"><a class=\"wp-block-button__link has-background-color has-text-color has-background has-link-color has-border-color has-base-border-color wp-element-button\" href=\"https:\/\/uqi.edu.mx\/?page_id=1519\" style=\"border-width:2px;background-color:#f39b0d\">Leer m\u00e1s<\/a><\/div>\n<\/div>\n<\/div>\n<\/div>\n<\/div>\n\n\n\n<div class=\"wp-block-columns alignfull has-base-color has-text-color has-background has-link-color wp-elements-5733ccba58c698d3fc7ed7f9f39d8c8b is-layout-flex wp-container-core-columns-is-layout-4bd44da7 wp-block-columns-is-layout-flex\" style=\"background-color:#f39b0d;margin-top:0;margin-bottom:0;padding-top:0;padding-right:0;padding-bottom:0;padding-left:0\">\n<div class=\"wp-block-column is-vertically-aligned-center is-layout-flow wp-block-column-is-layout-flow\" style=\"flex-basis:50%\">\n<figure class=\"wp-block-image size-full\"><img decoding=\"async\" src=\"http:\/\/uqi.edu.mx\/wp-content\/uploads\/2025\/03\/3-22.jpg\" alt=\"\" class=\"wp-image-403\"\/><\/figure>\n<\/div>\n\n\n\n<div class=\"wp-block-column is-vertically-aligned-center is-layout-flow wp-block-column-is-layout-flow\" style=\"padding-top:0;padding-right:0;padding-bottom:0;padding-left:0;flex-basis:50%\">\n<div class=\"wp-block-group has-global-padding is-layout-constrained wp-container-core-group-is-layout-b04b017e wp-block-group-is-layout-constrained\" style=\"padding-top:var(--wp--preset--spacing--70);padding-right:10%;padding-bottom:var(--wp--preset--spacing--70);padding-left:10%\">\n<h2 class=\"wp-block-heading has-x-large-font-size\">DISE\u00d1O GR\u00c1FICO<\/h2>\n\n\n\n<p class=\"has-text-align-justify has-small-font-size\">Nuestro <strong>Plan Cuatrimestral en Dise\u00f1o Gr\u00e1fico<\/strong> te brinda las herramientas y conocimientos necesarios para plasmar ideas en dise\u00f1os impactantes. Aprender\u00e1s a manejar software de dise\u00f1o, desarrollar identidad visual y crear piezas innovadoras para el mundo digital y tradicional.<\/p>\n\n\n\n<p class=\"has-x-small-font-size\">Acuerdo ante la S.E.P. 20090950 octubre 06 del 2009<\/p>\n\n\n\n<div class=\"wp-block-buttons is-layout-flex wp-block-buttons-is-layout-flex\">\n<div class=\"wp-block-button is-style-outline is-style-outline--2\"><a class=\"wp-block-button__link has-background-color has-custom-color-1-background-color has-text-color has-background has-link-color has-border-color has-base-border-color wp-element-button\" href=\"http:\/\/uqi.edu.mx\/?page_id=399\" style=\"border-width:2px\">Leer m\u00e1s<\/a><\/div>\n<\/div>\n<\/div>\n<\/div>\n<\/div>\n\n\n\n<div class=\"wp-block-columns alignfull has-base-color has-custom-color-1-background-color has-text-color has-background has-link-color wp-elements-bdef12aa3412e46f1eaf24e86d53c20d is-layout-flex wp-container-core-columns-is-layout-4bd44da7 wp-block-columns-is-layout-flex\" style=\"margin-top:0;margin-bottom:0;padding-top:0;padding-right:0;padding-bottom:0;padding-left:0\">\n<div class=\"wp-block-column is-vertically-aligned-center is-layout-flow wp-block-column-is-layout-flow\" style=\"flex-basis:50%\">\n<figure class=\"wp-block-image size-full\"><img decoding=\"async\" src=\"http:\/\/uqi.edu.mx\/wp-content\/uploads\/2025\/03\/1-4-1.jpg\" alt=\"\" class=\"wp-image-250\"\/><\/figure>\n<\/div>\n\n\n\n<div class=\"wp-block-column is-vertically-aligned-center is-layout-flow wp-block-column-is-layout-flow\" style=\"padding-top:0;padding-right:0;padding-bottom:0;padding-left:0;flex-basis:50%\">\n<div class=\"wp-block-group has-global-padding is-layout-constrained wp-container-core-group-is-layout-b04b017e wp-block-group-is-layout-constrained\" style=\"padding-top:var(--wp--preset--spacing--70);padding-right:10%;padding-bottom:var(--wp--preset--spacing--70);padding-left:10%\">\n<h2 class=\"wp-block-heading has-x-large-font-size\"><strong>ADMINISTRACI\u00d3N DE EMPRESAS<\/strong><\/h2>\n\n\n\n<p class=\"has-text-align-justify has-small-font-size\">Est\u00e1 dise\u00f1ado para brindarte una formaci\u00f3n integral, combinando teor\u00eda y pr\u00e1ctica para que desarrolles habilidades clave en gesti\u00f3n, liderazgo y toma de decisiones. Con un enfoque estructurado y flexible, te prepararemos para enfrentar los retos del mundo empresarial con \u00e9xito.<\/p>\n\n\n\n<p class=\"has-x-small-font-size\">Acuerdo ante la S.E.P. 20090951 octubre 6 de 2009<\/p>\n\n\n\n<div class=\"wp-block-buttons is-layout-flex wp-block-buttons-is-layout-flex\">\n<div class=\"wp-block-button is-style-outline is-style-outline--3\"><a class=\"wp-block-button__link has-background-color has-text-color has-background has-link-color has-border-color has-base-border-color wp-element-button\" href=\"http:\/\/uqi.edu.mx\/?page_id=387\" style=\"border-width:2px;background-color:#f39b0d\">Leer m\u00e1s<\/a><\/div>\n<\/div>\n<\/div>\n<\/div>\n<\/div>\n\n\n\n<div class=\"wp-block-columns alignfull has-base-color has-text-color has-background has-link-color wp-elements-661cfbb56a8aaac798b701c55299b69c is-layout-flex wp-container-core-columns-is-layout-4bd44da7 wp-block-columns-is-layout-flex\" style=\"background-color:#f39b0d;margin-top:0;margin-bottom:0;padding-top:0;padding-right:0;padding-bottom:0;padding-left:0\">\n<div class=\"wp-block-column is-vertically-aligned-center is-layout-flow wp-block-column-is-layout-flow\" style=\"flex-basis:50%\">\n<figure class=\"wp-block-image size-full\"><img decoding=\"async\" src=\"http:\/\/uqi.edu.mx\/wp-content\/uploads\/2025\/03\/5.jpg\" alt=\"\" class=\"wp-image-252\"\/><\/figure>\n<\/div>\n\n\n\n<div class=\"wp-block-column is-vertically-aligned-center is-layout-flow wp-block-column-is-layout-flow\" style=\"padding-top:0;padding-right:0;padding-bottom:0;padding-left:0;flex-basis:50%\">\n<div class=\"wp-block-group has-global-padding is-layout-constrained wp-container-core-group-is-layout-b04b017e wp-block-group-is-layout-constrained\" style=\"padding-top:var(--wp--preset--spacing--70);padding-right:10%;padding-bottom:var(--wp--preset--spacing--70);padding-left:10%\">\n<h2 class=\"wp-block-heading has-x-large-font-size\"><strong>DERECHO<\/strong><\/h2>\n\n\n\n<p class=\"has-text-align-justify has-small-font-size\">Nuestro <strong>Plan Cuatrimestral en Derecho<\/strong> est\u00e1 dise\u00f1ado para brindarte una formaci\u00f3n intensiva y pr\u00e1ctica en las bases jur\u00eddicas, el an\u00e1lisis de normativas y el desarrollo de habilidades en argumentaci\u00f3n y litigaci\u00f3n. Con un enfoque din\u00e1mico y estructurado, te prepararemos para enfrentar desaf\u00edos legales con confianza y conocimiento.<\/p>\n\n\n\n<p class=\"has-x-small-font-size\">Acuerdo ante la S.E.P. 20254487 16 de diciembre de 2025<\/p>\n\n\n\n<div class=\"wp-block-buttons is-layout-flex wp-block-buttons-is-layout-flex\">\n<div class=\"wp-block-button is-style-outline is-style-outline--4\"><a class=\"wp-block-button__link has-background-color has-custom-color-1-background-color has-text-color has-background has-link-color has-border-color has-base-border-color wp-element-button\" href=\"http:\/\/uqi.edu.mx\/?page_id=407\" style=\"border-width:2px\">Leer m\u00e1s<\/a><\/div>\n<\/div>\n<\/div>\n<\/div>\n<\/div>\n\n\n\n<div class=\"wp-block-columns alignfull has-base-color has-custom-color-1-background-color has-text-color has-background has-link-color wp-elements-d8b1cdaab114a91f6bdfa108365f0aff is-layout-flex wp-container-core-columns-is-layout-4bd44da7 wp-block-columns-is-layout-flex\" style=\"margin-top:0;margin-bottom:0;padding-top:0;padding-right:0;padding-bottom:0;padding-left:0\">\n<div class=\"wp-block-column is-vertically-aligned-center is-layout-flow wp-block-column-is-layout-flow\" style=\"flex-basis:50%\">\n<figure class=\"wp-block-image size-full\"><img decoding=\"async\" src=\"http:\/\/uqi.edu.mx\/wp-content\/uploads\/2025\/03\/1-4-3.jpg\" alt=\"\" class=\"wp-image-253\"\/><\/figure>\n<\/div>\n\n\n\n<div class=\"wp-block-column is-vertically-aligned-center is-layout-flow wp-block-column-is-layout-flow\" style=\"padding-top:0;padding-right:0;padding-bottom:0;padding-left:0;flex-basis:50%\">\n<div class=\"wp-block-group has-global-padding is-layout-constrained wp-container-core-group-is-layout-b04b017e wp-block-group-is-layout-constrained\" style=\"padding-top:var(--wp--preset--spacing--70);padding-right:10%;padding-bottom:var(--wp--preset--spacing--70);padding-left:10%\">\n<h2 class=\"wp-block-heading has-x-large-font-size\">CONTADUR\u00cdA<\/h2>\n\n\n\n<p class=\"has-text-align-justify has-small-font-size\">Nuestro <strong>Plan Cuatrimestral en Contadur\u00eda<\/strong> te brinda una formaci\u00f3n pr\u00e1ctica y especializada en contabilidad, finanzas y normativas fiscales. Aprender\u00e1s a gestionar estados financieros, optimizar recursos y cumplir con las regulaciones contables vigentes, prepar\u00e1ndote para destacar en el mundo empresarial.<\/p>\n\n\n\n<p class=\"has-x-small-font-size\">Acuerdo ante la S.E.P. 20090953 octubre 6 de 2009<\/p>\n\n\n\n<div class=\"wp-block-buttons is-layout-flex wp-block-buttons-is-layout-flex\">\n<div class=\"wp-block-button is-style-outline is-style-outline--5\"><a class=\"wp-block-button__link has-background-color has-text-color has-background has-link-color has-border-color has-base-border-color wp-element-button\" href=\"http:\/\/uqi.edu.mx\/?page_id=393\" style=\"border-width:2px;background-color:#f39b0d\">Leer m\u00e1s<\/a><\/div>\n<\/div>\n<\/div>\n<\/div>\n<\/div>\n\n\n\n<div class=\"wp-block-columns alignfull has-base-color has-text-color has-background has-link-color wp-elements-e39e787e7eca221ba0bd9f4e11fc55a9 is-layout-flex wp-container-core-columns-is-layout-4bd44da7 wp-block-columns-is-layout-flex\" style=\"background-color:#f39b0d;margin-top:0;margin-bottom:0;padding-top:0;padding-right:0;padding-bottom:0;padding-left:0\">\n<div class=\"wp-block-column is-vertically-aligned-center is-layout-flow wp-block-column-is-layout-flow\" style=\"flex-basis:50%\">\n<figure class=\"wp-block-image size-full\"><img decoding=\"async\" src=\"http:\/\/uqi.edu.mx\/wp-content\/uploads\/2025\/03\/1-24.jpg\" alt=\"\" class=\"wp-image-465\"\/><\/figure>\n<\/div>\n\n\n\n<div class=\"wp-block-column is-vertically-aligned-center is-layout-flow wp-block-column-is-layout-flow\" style=\"padding-top:0;padding-right:0;padding-bottom:0;padding-left:0;flex-basis:50%\">\n<div class=\"wp-block-group has-global-padding is-layout-constrained wp-container-core-group-is-layout-b04b017e wp-block-group-is-layout-constrained\" style=\"padding-top:var(--wp--preset--spacing--70);padding-right:10%;padding-bottom:var(--wp--preset--spacing--70);padding-left:10%\">\n<h2 class=\"wp-block-heading has-x-large-font-size\">INGENIER\u00cdA EN TECNOLOG\u00cdAS DE LA INFORMACI\u00d3N Y NEGOCIOS<\/h2>\n\n\n\n<p class=\"has-text-align-justify has-small-font-size\">El licenciado en Ingenier\u00eda en Tecnolog\u00edas de la Informaci\u00f3n y Negocios desarrollar\u00e1 proyectos inform\u00e1ticos que hagan eficientes los procesos administrativos, contables, financieros y humanos dentro de una empresa p\u00fablica o privada, esto a partir de la aplicaci\u00f3n de los lenguajes de programaci\u00f3n, la programaci\u00f3n orientada a objetos, el lenguaje estructurado de consulta, el sistema Datawarehouse, las bases de datos, la inteligencia artificial, algoritmos y las redes de \u00e1rea.<\/p>\n\n\n\n<p class=\"has-x-small-font-size\">Acuerdo ante la S.E.P., RVOE: 972194 18 julio 1997<\/p>\n\n\n\n<div class=\"wp-block-buttons is-layout-flex wp-block-buttons-is-layout-flex\">\n<div class=\"wp-block-button is-style-outline is-style-outline--6\"><a class=\"wp-block-button__link has-background-color has-custom-color-1-background-color has-text-color has-background has-link-color has-border-color has-base-border-color wp-element-button\" href=\"http:\/\/uqi.edu.mx\/?page_id=415\" style=\"border-width:2px\">Leer m\u00e1s<\/a><\/div>\n<\/div>\n<\/div>\n<\/div>\n<\/div>\n\n\n\n<p><\/p>\n","protected":false},"excerpt":{"rendered":"<p>COMUNICACI\u00d3N Y CREACI\u00d3N DE CONTENIDO El Licenciado en Comunicaci\u00f3n y Creaci\u00f3n de Contenidos desarrolla efectivos planes de comunicaci\u00f3n estrat\u00e9gica, siendo capaz de crear contenidos, narrativas audiovisuales en diferentes formatos de acuerdo a las exigencias de los m\u00faltiples canales de comunicaci\u00f3n y medios de informaci\u00f3n. Nuestro estudio de producci\u00f3n audiovisual, cabina de grabaci\u00f3n de audio y [&hellip;]<\/p>\n","protected":false},"author":1,"featured_media":0,"parent":0,"menu_order":2,"comment_status":"closed","ping_status":"closed","template":"","meta":{"_coblocks_attr":"","_coblocks_dimensions":"","_coblocks_responsive_height":"","_coblocks_accordion_ie_support":"","footnotes":""},"class_list":["post-240","page","type-page","status-publish","hentry"],"_links":{"self":[{"href":"https:\/\/uqi.edu.mx\/index.php?rest_route=\/wp\/v2\/pages\/240","targetHints":{"allow":["GET"]}}],"collection":[{"href":"https:\/\/uqi.edu.mx\/index.php?rest_route=\/wp\/v2\/pages"}],"about":[{"href":"https:\/\/uqi.edu.mx\/index.php?rest_route=\/wp\/v2\/types\/page"}],"author":[{"embeddable":true,"href":"https:\/\/uqi.edu.mx\/index.php?rest_route=\/wp\/v2\/users\/1"}],"replies":[{"embeddable":true,"href":"https:\/\/uqi.edu.mx\/index.php?rest_route=%2Fwp%2Fv2%2Fcomments&post=240"}],"version-history":[{"count":8,"href":"https:\/\/uqi.edu.mx\/index.php?rest_route=\/wp\/v2\/pages\/240\/revisions"}],"predecessor-version":[{"id":1550,"href":"https:\/\/uqi.edu.mx\/index.php?rest_route=\/wp\/v2\/pages\/240\/revisions\/1550"}],"wp:attachment":[{"href":"https:\/\/uqi.edu.mx\/index.php?rest_route=%2Fwp%2Fv2%2Fmedia&parent=240"}],"curies":[{"name":"wp","href":"https:\/\/api.w.org\/{rel}","templated":true}]}}