{"id":18,"date":"2025-02-28T09:46:01","date_gmt":"2025-02-28T15:46:01","guid":{"rendered":"http:\/\/web2.uqi.edu.mx\/?page_id=18"},"modified":"2026-03-18T17:38:23","modified_gmt":"2026-03-18T17:38:23","slug":"bachilleratos","status":"publish","type":"page","link":"https:\/\/uqi.edu.mx\/?page_id=18","title":{"rendered":"Bachilleratos"},"content":{"rendered":"\n<div class=\"wp-block-columns alignfull has-base-color has-custom-color-1-background-color has-text-color has-background has-link-color wp-elements-a6b2974dffe2e02363a6af52ed661933 is-layout-flex wp-container-core-columns-is-layout-4bd44da7 wp-block-columns-is-layout-flex\" style=\"margin-top:0;margin-bottom:0;padding-top:0;padding-right:0;padding-bottom:0;padding-left:0\">\n<div class=\"wp-block-column is-vertically-aligned-center is-layout-flow wp-block-column-is-layout-flow\" style=\"flex-basis:50%\">\n<figure class=\"wp-block-image size-full\"><img decoding=\"async\" src=\"http:\/\/uqi.edu.mx\/wp-content\/uploads\/2025\/03\/1.jpg\" alt=\"\" class=\"wp-image-223\"\/><\/figure>\n<\/div>\n\n\n\n<div class=\"wp-block-column is-vertically-aligned-center is-layout-flow wp-block-column-is-layout-flow\" style=\"padding-top:0;padding-right:0;padding-bottom:0;padding-left:0;flex-basis:50%\">\n<div class=\"wp-block-group has-global-padding is-layout-constrained wp-container-core-group-is-layout-b04b017e wp-block-group-is-layout-constrained\" style=\"padding-top:var(--wp--preset--spacing--70);padding-right:10%;padding-bottom:var(--wp--preset--spacing--70);padding-left:10%\">\n<h2 class=\"wp-block-heading has-x-large-font-size\">COMUNICACI\u00d3N<\/h2>\n\n\n\n<p class=\"has-text-align-justify has-small-font-size\">El Bachillerato Tecnol\u00f3gico en Comunicaci\u00f3n, tiene por objetivo formar t\u00e9cnicos profesionales y a su vez que puedan continuar estudiando una carrera a nivel superior; al igual que preparar profesionistas que desempe\u00f1en funciones relacionadas con la obtenci\u00f3n de informaci\u00f3n para los diferentes g\u00e9neros period\u00edsticos como son: la noticia, el reportaje, art\u00edculos de fondo, entrevistas, etc., Incursionar en los medios de comunicaci\u00f3n.<\/p>\n\n\n\n<p class=\"has-x-small-font-size\">Acuerdo 2000338 S.E.P. D.G.E.T.I. 1 noviembre 2000<\/p>\n\n\n\n<div class=\"wp-block-buttons is-layout-flex wp-block-buttons-is-layout-flex\">\n<div class=\"wp-block-button is-style-outline is-style-outline--1\"><a class=\"wp-block-button__link has-background-color has-text-color has-background has-link-color has-border-color has-base-border-color wp-element-button\" href=\"https:\/\/uqi.edu.mx\/?page_id=257\" style=\"border-width:2px;background-color:#f39b0d\">Leer m\u00e1s<\/a><\/div>\n<\/div>\n<\/div>\n<\/div>\n<\/div>\n\n\n\n<div class=\"wp-block-columns alignfull has-base-color has-text-color has-background has-link-color wp-elements-4cb1f90a6a22af6524deab1afaff1d4b is-layout-flex wp-container-core-columns-is-layout-4bd44da7 wp-block-columns-is-layout-flex\" style=\"background-color:#f39b0d;margin-top:0;margin-bottom:0;padding-top:0;padding-right:0;padding-bottom:0;padding-left:0\">\n<div class=\"wp-block-column is-vertically-aligned-center is-layout-flow wp-block-column-is-layout-flow\" style=\"flex-basis:50%\">\n<figure class=\"wp-block-image size-full\"><img decoding=\"async\" src=\"http:\/\/uqi.edu.mx\/wp-content\/uploads\/2025\/03\/2-16.jpg\" alt=\"\" class=\"wp-image-354\"\/><\/figure>\n<\/div>\n\n\n\n<div class=\"wp-block-column is-vertically-aligned-center is-layout-flow wp-block-column-is-layout-flow\" style=\"padding-top:0;padding-right:0;padding-bottom:0;padding-left:0;flex-basis:50%\">\n<div class=\"wp-block-group has-global-padding is-layout-constrained wp-container-core-group-is-layout-b04b017e wp-block-group-is-layout-constrained\" style=\"padding-top:var(--wp--preset--spacing--70);padding-right:10%;padding-bottom:var(--wp--preset--spacing--70);padding-left:10%\">\n<h2 class=\"wp-block-heading has-x-large-font-size\">CONTABILIDAD<\/h2>\n\n\n\n<p class=\"has-text-align-justify has-small-font-size\">El Bachillerato Tecnol\u00f3gico en Contabilidad, en el nivel medio superior, tiene como objetivo, formar t\u00e9cnicos con una preparaci\u00f3n proped\u00e9utica que les permitir\u00e1 continuar sus estudios a nivel licenciatura en el \u00e1rea econ\u00f3mico-administrativa, as\u00ed como una formaci\u00f3n tecnol\u00f3gica que los capacite para poner en pr\u00e1ctica los conocimientos en el manejo de los sistemas contables y financieros, aplicables a diversas \u00e1reas, como son: auditorias, costos, presupuestos, aspectos fiscales, entre otros.<\/p>\n\n\n\n<p class=\"has-x-small-font-size\">Acuerdo 967153 S.E.P. D.G.E.T.I. 24 de enero 1996<\/p>\n\n\n\n<div class=\"wp-block-buttons is-layout-flex wp-block-buttons-is-layout-flex\">\n<div class=\"wp-block-button is-style-outline is-style-outline--2\"><a class=\"wp-block-button__link has-background-color has-custom-color-1-background-color has-text-color has-background has-link-color has-border-color has-base-border-color wp-element-button\" href=\"http:\/\/uqi.edu.mx\/?page_id=274\" style=\"border-width:2px\">Leer m\u00e1s<\/a><\/div>\n<\/div>\n<\/div>\n<\/div>\n<\/div>\n\n\n\n<div class=\"wp-block-columns alignfull has-base-color has-custom-color-1-background-color has-text-color has-background has-link-color wp-elements-1cf15a98d29fd2ac53a08e5defb536b7 is-layout-flex wp-container-core-columns-is-layout-4bd44da7 wp-block-columns-is-layout-flex\" style=\"margin-top:0;margin-bottom:0;padding-top:0;padding-right:0;padding-bottom:0;padding-left:0\">\n<div class=\"wp-block-column is-vertically-aligned-center is-layout-flow wp-block-column-is-layout-flow\" style=\"flex-basis:50%\">\n<figure class=\"wp-block-image size-full\"><img decoding=\"async\" src=\"http:\/\/uqi.edu.mx\/wp-content\/uploads\/2025\/03\/3.jpg\" alt=\"\" class=\"wp-image-225\"\/><\/figure>\n<\/div>\n\n\n\n<div class=\"wp-block-column is-vertically-aligned-center is-layout-flow wp-block-column-is-layout-flow\" style=\"padding-top:0;padding-right:0;padding-bottom:0;padding-left:0;flex-basis:50%\">\n<div class=\"wp-block-group has-global-padding is-layout-constrained wp-container-core-group-is-layout-b04b017e wp-block-group-is-layout-constrained\" style=\"padding-top:var(--wp--preset--spacing--70);padding-right:10%;padding-bottom:var(--wp--preset--spacing--70);padding-left:10%\">\n<h2 class=\"wp-block-heading has-x-large-font-size\">ENFERMER\u00cdA GENERAL<\/h2>\n\n\n\n<p class=\"has-text-align-justify has-small-font-size\">El Bachillerato Tecnol\u00f3gico en Enfermer\u00eda General te introducir\u00e1 al mundo del cuidado m\u00e9dico, el alumno ser\u00e1 capacitado con los conocimiento y pr\u00e1cticas para que pueda ofrecer cuidado y tratamientos a pacientes en condiciones de salud delicada. Al terminar tus estudios podr\u00e1s trabajar en instituciones de salud como IMSS,&nbsp; ISSSTE, cl\u00ednicas privadas y continuar con tus estudios en el \u00e1rea qu\u00edmico &#8211; biol\u00f3gicas.<\/p>\n\n\n\n<p class=\"has-x-small-font-size\">Acuerdo 2000339 S.E.P. D.G.E.T.I. 1 de noviembre 2000<\/p>\n\n\n\n<div class=\"wp-block-buttons is-layout-flex wp-block-buttons-is-layout-flex\">\n<div class=\"wp-block-button is-style-outline is-style-outline--3\"><a class=\"wp-block-button__link has-background-color has-text-color has-background has-link-color has-border-color has-base-border-color wp-element-button\" href=\"http:\/\/uqi.edu.mx\/?page_id=285\" style=\"border-width:2px;background-color:#f39b0d\">Leer m\u00e1s<\/a><\/div>\n<\/div>\n<\/div>\n<\/div>\n<\/div>\n\n\n\n<div class=\"wp-block-columns alignfull has-base-color has-text-color has-background has-link-color wp-elements-cb0eedb271600037613cfc43bda378a0 is-layout-flex wp-container-core-columns-is-layout-4bd44da7 wp-block-columns-is-layout-flex\" style=\"background-color:#f39b0d;margin-top:0;margin-bottom:0;padding-top:0;padding-right:0;padding-bottom:0;padding-left:0\">\n<div class=\"wp-block-column is-vertically-aligned-center is-layout-flow wp-block-column-is-layout-flow\" style=\"flex-basis:50%\">\n<figure class=\"wp-block-image size-full\"><img decoding=\"async\" src=\"http:\/\/uqi.edu.mx\/wp-content\/uploads\/2025\/03\/2-17.jpg\" alt=\"\" class=\"wp-image-355\"\/><\/figure>\n<\/div>\n\n\n\n<div class=\"wp-block-column is-vertically-aligned-center is-layout-flow wp-block-column-is-layout-flow\" style=\"padding-top:0;padding-right:0;padding-bottom:0;padding-left:0;flex-basis:50%\">\n<div class=\"wp-block-group has-global-padding is-layout-constrained wp-container-core-group-is-layout-b04b017e wp-block-group-is-layout-constrained\" style=\"padding-top:var(--wp--preset--spacing--70);padding-right:10%;padding-bottom:var(--wp--preset--spacing--70);padding-left:10%\">\n<h2 class=\"wp-block-heading has-x-large-font-size\">PROGRAMACI\u00d3N<\/h2>\n\n\n\n<p class=\"has-text-align-justify has-small-font-size\">El Bachillerato Tecnol\u00f3gico en Programaci\u00f3n en el medio nivel superior, tiene por objetivo formar t\u00e9cnicos con una preparaci\u00f3n que les permita continuar estudios a nivel licenciatura en el \u00e1rea f\u00edsico-matem\u00e1ticas; as\u00ed como formaci\u00f3n tecnol\u00f3gica que le capacita en la pr\u00e1ctica de los conocimientos t\u00e9cnicos para desempe\u00f1ar funciones de supervisi\u00f3n, organizaci\u00f3n y planeaci\u00f3n del manejo de proceso de programaci\u00f3n, diagramaci\u00f3n, estructuraci\u00f3n, an\u00e1lisis de sistemas operativos de centro de c\u00f3mputo.<\/p>\n\n\n\n<p class=\"has-x-small-font-size\">Acuerdo 967151 S.E.P. D.G.E.T.I. 24 de enero de 1996<\/p>\n\n\n\n<div class=\"wp-block-buttons is-layout-flex wp-block-buttons-is-layout-flex\">\n<div class=\"wp-block-button is-style-outline is-style-outline--4\"><a class=\"wp-block-button__link has-background-color has-custom-color-1-background-color has-text-color has-background has-link-color has-border-color has-base-border-color wp-element-button\" href=\"http:\/\/uqi.edu.mx\/?page_id=292\" style=\"border-width:2px\">Leer m\u00e1s<\/a><\/div>\n<\/div>\n<\/div>\n<\/div>\n<\/div>\n\n\n\n<div class=\"wp-block-columns alignfull has-base-color has-custom-color-1-background-color has-text-color has-background has-link-color wp-elements-203ebae06c100c325e2539cb7880f6cb is-layout-flex wp-container-core-columns-is-layout-4bd44da7 wp-block-columns-is-layout-flex\" style=\"margin-top:0;margin-bottom:0;padding-top:0;padding-right:0;padding-bottom:0;padding-left:0\">\n<div class=\"wp-block-column is-vertically-aligned-center is-layout-flow wp-block-column-is-layout-flow\" style=\"flex-basis:50%\">\n<figure class=\"wp-block-image size-full\"><img decoding=\"async\" src=\"http:\/\/uqi.edu.mx\/wp-content\/uploads\/2025\/03\/3-1.jpg\" alt=\"\" class=\"wp-image-227\"\/><\/figure>\n<\/div>\n\n\n\n<div class=\"wp-block-column is-vertically-aligned-center is-layout-flow wp-block-column-is-layout-flow\" style=\"padding-top:0;padding-right:0;padding-bottom:0;padding-left:0;flex-basis:50%\">\n<div class=\"wp-block-group has-global-padding is-layout-constrained wp-container-core-group-is-layout-b04b017e wp-block-group-is-layout-constrained\" style=\"padding-top:var(--wp--preset--spacing--70);padding-right:10%;padding-bottom:var(--wp--preset--spacing--70);padding-left:10%\">\n<h2 class=\"wp-block-heading has-x-large-font-size\">PR\u00d3TESIS DENTAL<\/h2>\n\n\n\n<p class=\"has-text-align-justify has-small-font-size\">El Bachillerato Tecnol\u00f3gico en&nbsp; Pr\u00f3tesis Dental en nivel medio superior, tiene como objetivo formar t\u00e9cnicos con una preparaci\u00f3n proped\u00e9utica que les permitan continuar estudios a nivel licenciatura en el \u00e1rea qu\u00edmico-biol\u00f3gicas. Capacitar al alumno con diversas t\u00e9cnicas de laboratorio en las \u00e1reas de pr\u00f3tesis parcial removibles, prostodoncia y ortodoncia removible de calidad, adquiriendo las t\u00e9cnicas y las habilidades requeridas as\u00ed como conocimientos de organizaci\u00f3n y administraci\u00f3n para incorporarse al campo laboral.<\/p>\n\n\n\n<p class=\"has-x-small-font-size\">Acuerdo 967154 S.E.P. D.G.E.T.I. 24 de enero de 1996<\/p>\n\n\n\n<div class=\"wp-block-buttons is-layout-flex wp-block-buttons-is-layout-flex\">\n<div class=\"wp-block-button is-style-outline is-style-outline--5\"><a class=\"wp-block-button__link has-background-color has-text-color has-background has-link-color has-border-color has-base-border-color wp-element-button\" href=\"http:\/\/uqi.edu.mx\/?page_id=298\" style=\"border-width:2px;background-color:#f39b0d\">Leer m\u00e1s<\/a><\/div>\n<\/div>\n<\/div>\n<\/div>\n<\/div>\n\n\n\n<div class=\"wp-block-columns alignfull has-base-color has-text-color has-background has-link-color wp-elements-315899a9f3958aadad40f5f31bf311d6 is-layout-flex wp-container-core-columns-is-layout-4bd44da7 wp-block-columns-is-layout-flex\" style=\"background-color:#f39b0d;margin-top:0;margin-bottom:0;padding-top:0;padding-right:0;padding-bottom:0;padding-left:0\">\n<div class=\"wp-block-column is-vertically-aligned-center is-layout-flow wp-block-column-is-layout-flow\" style=\"flex-basis:50%\">\n<figure class=\"wp-block-image size-full\"><img decoding=\"async\" src=\"http:\/\/uqi.edu.mx\/wp-content\/uploads\/2025\/03\/2-18.jpg\" alt=\"\" class=\"wp-image-356\"\/><\/figure>\n<\/div>\n\n\n\n<div class=\"wp-block-column is-vertically-aligned-center is-layout-flow wp-block-column-is-layout-flow\" style=\"padding-top:0;padding-right:0;padding-bottom:0;padding-left:0;flex-basis:50%\">\n<div class=\"wp-block-group has-global-padding is-layout-constrained wp-container-core-group-is-layout-b04b017e wp-block-group-is-layout-constrained\" style=\"padding-top:var(--wp--preset--spacing--70);padding-right:10%;padding-bottom:var(--wp--preset--spacing--70);padding-left:10%\">\n<h2 class=\"wp-block-heading has-x-large-font-size\">TRABAJO SOCIAL<\/h2>\n\n\n\n<p class=\"has-text-align-justify has-small-font-size\">El Bachillerato Tecnol\u00f3gico en Trabajo Social&nbsp; en nivel medio superior, tiene por objetivo formar t\u00e9cnicos en una preparaci\u00f3n que les permita continuar estudios a nivel licenciatura en el \u00e1rea econ\u00f3mico administrativa, as\u00ed como una formaci\u00f3n tecnol\u00f3gica que los capacite en la aplicaci\u00f3n de conocimientos te\u00f3ricos en trabajo social, permiti\u00e9ndoles organizar y proporcionar servicios asistenciales, prever problemas sociales orientando a grupos a la utilizaci\u00f3n de sus recursos para solucionarlos, participar en programas de desarrollo en centros de bienestar social, en la promoci\u00f3n de pol\u00edticas que lleven como prop\u00f3sitos un bienestar para el individuo y para la sociedad.<\/p>\n\n\n\n<p class=\"has-x-small-font-size\">&nbsp;Acuerdo 967152 S.E.P. D.G.E.T.I. 24 de enero de 1996<\/p>\n\n\n\n<div class=\"wp-block-buttons is-layout-flex wp-block-buttons-is-layout-flex\">\n<div class=\"wp-block-button is-style-outline is-style-outline--6\"><a class=\"wp-block-button__link has-background-color has-custom-color-1-background-color has-text-color has-background has-link-color has-border-color has-base-border-color wp-element-button\" href=\"http:\/\/uqi.edu.mx\/?page_id=305\" style=\"border-width:2px\">Leer m\u00e1s<\/a><\/div>\n<\/div>\n<\/div>\n<\/div>\n<\/div>\n","protected":false},"excerpt":{"rendered":"<p>COMUNICACI\u00d3N El Bachillerato Tecnol\u00f3gico en Comunicaci\u00f3n, tiene por objetivo formar t\u00e9cnicos profesionales y a su vez que puedan continuar estudiando una carrera a nivel superior; al igual que preparar profesionistas que desempe\u00f1en funciones relacionadas con la obtenci\u00f3n de informaci\u00f3n para los diferentes g\u00e9neros period\u00edsticos como son: la noticia, el reportaje, art\u00edculos de fondo, entrevistas, etc., [&hellip;]<\/p>\n","protected":false},"author":1,"featured_media":0,"parent":0,"menu_order":0,"comment_status":"closed","ping_status":"closed","template":"","meta":{"_coblocks_attr":"","_coblocks_dimensions":"","_coblocks_responsive_height":"","_coblocks_accordion_ie_support":"","footnotes":""},"class_list":["post-18","page","type-page","status-publish","hentry"],"_links":{"self":[{"href":"https:\/\/uqi.edu.mx\/index.php?rest_route=\/wp\/v2\/pages\/18","targetHints":{"allow":["GET"]}}],"collection":[{"href":"https:\/\/uqi.edu.mx\/index.php?rest_route=\/wp\/v2\/pages"}],"about":[{"href":"https:\/\/uqi.edu.mx\/index.php?rest_route=\/wp\/v2\/types\/page"}],"author":[{"embeddable":true,"href":"https:\/\/uqi.edu.mx\/index.php?rest_route=\/wp\/v2\/users\/1"}],"replies":[{"embeddable":true,"href":"https:\/\/uqi.edu.mx\/index.php?rest_route=%2Fwp%2Fv2%2Fcomments&post=18"}],"version-history":[{"count":3,"href":"https:\/\/uqi.edu.mx\/index.php?rest_route=\/wp\/v2\/pages\/18\/revisions"}],"predecessor-version":[{"id":1552,"href":"https:\/\/uqi.edu.mx\/index.php?rest_route=\/wp\/v2\/pages\/18\/revisions\/1552"}],"wp:attachment":[{"href":"https:\/\/uqi.edu.mx\/index.php?rest_route=%2Fwp%2Fv2%2Fmedia&parent=18"}],"curies":[{"name":"wp","href":"https:\/\/api.w.org\/{rel}","templated":true}]}}