{"id":157,"date":"2025-03-18T13:55:40","date_gmt":"2025-03-18T19:55:40","guid":{"rendered":"http:\/\/web2.uqi.edu.mx\/?page_id=157"},"modified":"2025-03-18T13:55:40","modified_gmt":"2025-03-18T19:55:40","slug":"aviso-de-privacidad","status":"publish","type":"page","link":"https:\/\/uqi.edu.mx\/?page_id=157","title":{"rendered":"Aviso de Privacidad"},"content":{"rendered":"\n<p class=\"has-text-align-center has-custom-color-1-color has-text-color has-link-color has-xx-large-font-size wp-elements-f846efa2d3d3f5ce6c3d285133715432\"><strong>AVISO DE PRIVACIDAD<\/strong><\/p>\n\n\n\n<pre class=\"wp-block-verse has-primary-color has-text-color has-link-color has-x-small-font-size wp-elements-95fd757c6ca677c67f6abf5d4b9a605d\" style=\"border-style:none;border-width:0px;padding-top:0;padding-right:0px;padding-bottom:0;padding-left:0px;line-height:1.4\">En cumplimiento con la Ley Federal de Protecci\u00f3n de Datos Personales en Posesi\u00f3n de los Particulares y con el fin de Asegurar la protecci\u00f3n y privacidad de los datos personales, as\u00ed como regular el acceso, rectificaci\u00f3n, cancelaci\u00f3n y oposici\u00f3n del manejo de los mismos (Fundamento jur\u00eddico: Art. 16 Constitucional Art. 1 y 2 LFPDPPP) La Universidad Quetzalc\u00f3atl en Irapuato, S.C. establece lo siguiente:<br><br>Aviso de Privacidad<br>La Universidad Quetzalc\u00f3atl en Irapuato, S.C., ubicada en Blvd. Arandas # 975, Fracc. Tabachines, CP 36615, Irapuato, Gto., le informa que sus datos personales y datos personales sensibles, se utilizar\u00e1n para identificaci\u00f3n, operaci\u00f3n, administraci\u00f3n y an\u00e1logos, que sean necesarios para la prestaci\u00f3n de los servicios acad\u00e9micos y administrativos en el Sistema Educativo de la Universidad Quetzalc\u00f3atl.<br>El ejercicio de los derechos de acceso, rectificaci\u00f3n, cancelaci\u00f3n, oposici\u00f3n, limitaci\u00f3n de uso o la revocaci\u00f3n del consentimiento, podr\u00e1 solicitarse por escrito en el \u00e1rea de Rector\u00eda con la asistente del \u00e1rea:  Alejandra Estefan\u00eda V\u00e1zquez Guti\u00e9rrez o al correo electr\u00f3nico: uqi@uqi.edu.mx.<br>Si el titular proporciona sus datos personales significa que ha le\u00eddo, entendido y aceptado los t\u00e9rminos antes expuestos.<br><br>Pol\u00edtica de Privacidad<br>Esta pol\u00edtica tiene como fin asegurar la privacidad de los datos proporcionados por nuestros alumnos, exalumnos, egresados, colaboradores, participantes en actividades de educaci\u00f3n continua (cursos, seminarios, talleres o diplomados), proveedores y Comunidad UQI en general, con el fin de vincularse con los servicios acad\u00e9micos o administrativos proporcionados por la Universidad Quetzalc\u00f3atl en Irapuato, S.C. Al usar este sitio o cualquier sitio relacionado con los servicios y\/o productos brindados por la Universidad Quetzalc\u00f3atl en Irapuato, S.C., usted est\u00e1 de acuerdo con la recopilaci\u00f3n, uso, transferencia y almacenamiento de su informaci\u00f3n personal y personal sensible, lo que significa que ha le\u00eddo, entendido y aceptado los t\u00e9rminos a continuaci\u00f3n expuestos. En caso de no estar de acuerdo con ellos, el titular NO deber\u00e1 proporcionar ninguna informaci\u00f3n personal.<br> <br>Finalidad de la Informaci\u00f3n<br>La Universidad Quetzalc\u00f3atl en Irapuato, S.C. (Universidad Quetzalc\u00f3atl), quien funge como persona moral responsable de los datos personales y datos personales sensibles, puede recabar para sus procesos acad\u00e9micos, administrativos y\/o de operaci\u00f3n sus datos que incluyen datos de identificaci\u00f3n, laborales, familiares, patrimoniales, acad\u00e9micos, migratorios, ideol\u00f3gicos, de salud, f\u00edsicos y biom\u00e9tricos.<br>Las siguientes finalidades son de car\u00e1cter general, adem\u00e1s existen tratamientos espec\u00edficos definidos en la secci\u00f3n de \u201cTratamientos Particulares\u201d por el tipo de v\u00ednculo que se establece entre el titular y la Instituci\u00f3n, y los generales son:<br><br>Tratamientos Generales<br>\u2022 Prestaci\u00f3n de servicios acad\u00e9micos presenciales y\/o semipresenciales, dichos servicios podr\u00e1n variar dependiendo de la carrera, certificaci\u00f3n, programa acad\u00e9mico o la escuela o facultad a la que el titular este adscrito.<br>\u2022 Prestaci\u00f3n de servicios acad\u00e9micos a distancia, en l\u00ednea y\/o virtuales, dichos servicios podr\u00e1n variar dependiendo del programa acad\u00e9mico al que el titular este adscrito.<br>\u2022 Env\u00edo de avisos sobre promoci\u00f3n de servicios, actividades, descuentos, proyectos y boletines informativos relacionados a Universidad Quetzalc\u00f3atl.<br>\u2022 Procesos de Gesti\u00f3n Acad\u00e9mica.<br>\u2022 Procesos de Gesti\u00f3n Administrativa.<br>\u2022 Procesos de credencializaci\u00f3n de alumnos, exalumnos, docentes y personal administrativo.<br>\u2022 Programas, procesos, grupos y actividades de participaci\u00f3n y representaci\u00f3n estudiantil.<br>\u2022 Seguimiento y atenci\u00f3n de alumnos y exalumnos. Realizar intercambios acad\u00e9micos con universidades nacionales y extranjeras, as\u00ed como programas especiales a petici\u00f3n expresa de los titulares.<br>\u2022 Atenci\u00f3n y servicios a egresados.<br>\u2022 Contrataci\u00f3n, evaluaci\u00f3n y desarrollo de personal.<br>\u2022 Registro de proveedores y sus derivados.<br>\u2022 Registro de acceso, asistencia y pr\u00e9stamo de material.<br>\u2022 Procurar la seguridad y la identificaci\u00f3n en las instalaciones con las c\u00e1maras de vigilancia.<br>\u2022 Procesos relacionados a encuestas y evaluaciones de servicios o productos.<br>\u2022 Ofrecer y promocionar vacantes de empleo a alumnos, egresados, exalumnos y candidatos externos.<br>\u2022 Brindar y realizar actividades culturales y\/o deportivas dentro y fuera la Instituci\u00f3n.<br>\u2022 Enviar informaci\u00f3n promocional de planes de estudios, diplomados, seminarios, cursos y eventos.<br>\u2022 Validar, verificar estudios y sus periodos con terceros acreditados.<br>\u2022 Reconocer el historial acad\u00e9mico, trayectoria y logros profesionales de los alumnos, exalumnos, egresados y colaboradores.<br>\u2022 Compartir o transferir los datos con terceros relacionados al v\u00ednculo entre el titular y la Universidad Quetzalc\u00f3atl, el Sistema Educativo Nacional e Internacional, Redes de Video Conferencia, siempre que sean necesarios para la prestaci\u00f3n del servicio acad\u00e9mico y administrativo.<br>\u2022 Recolecci\u00f3n y publicaci\u00f3n de fotos en medios impresos (folletos, gacetas, revistas, peri\u00f3dicos, etc.) y electr\u00f3nicos (sitios web, redes sociales, etc.) de eventos acad\u00e9micos, administrativos y especiales.<br>\u2022 Validar y verificar la relaci\u00f3n laboral con terceros acreditados.<br>\u2022 Elaboraci\u00f3n de encuestas, estad\u00edsticas, informes para uso exclusivo de La Universidad Quetzalc\u00f3atl.<br>\u2022 Elaboraci\u00f3n de estad\u00edsticas e informes requeridos por las autoridades en M\u00e9xico y en el extranjero.<br>\u2022 Acreditar con terceros estudios, calificaciones, ex\u00e1menes y certificaciones que as\u00ed lo requieran.<br>\u2022 Habilitar los procesos de obtenci\u00f3n de grado (recolecci\u00f3n de informaci\u00f3n, aplicaci\u00f3n de ex\u00e1menes y env\u00edo de resultados) con el Centro Nacional de Evaluaci\u00f3n para la Educaci\u00f3n Superior, A.C. (CENEVAL).<br>\u2022 El desarrollo del Servicio Social en donde la informaci\u00f3n de datos de identificaci\u00f3n (generales) y acad\u00e9micos, ser\u00e1n compartidos con las instituciones que la Universidad Quetzalc\u00f3atl ha establecido<br>\u2022 Permitir a La Universidad Quetzalc\u00f3atl, sus escuelas y sus facultades la(s) acreditaci\u00f3n(es) con terceros, el ingreso y permanencia a Asociaciones y el establecimiento de convenios.<br>\u2022 Ofrecer servicios de financiamiento (cr\u00e9ditos y becas) as\u00ed como validar los datos (estudios socioecon\u00f3micos) proporcionados para dichos servicios a trav\u00e9s de terceros.<br><br>La Universidad Quetzalc\u00f3atl observa los principios de confidencialidad, licitud, consentimiento, informaci\u00f3n, calidad, finalidad, lealtad, proporcionalidad y responsabilidad en la protecci\u00f3n de datos personales. Para que la Universidad Quetzalc\u00f3atl obtenga sus datos personales, recaba el consentimiento previsto por la Ley Federal de Protecci\u00f3n de Datos Personales en Posesi\u00f3n de los Particulares (la Ley), salvo las excepciones previstas por la misma.<br>Para la prestaci\u00f3n de servicios acad\u00e9micos presenciales y para los procesos de Gesti\u00f3n Acad\u00e9mica, la Universidad Quetzalc\u00f3atl integra tareas de gesti\u00f3n escolar, admisiones y promoci\u00f3n de la oferta educativa, inscripciones, bajas y reinscripciones, procesos del ciclo escolar, procesos de pasant\u00edas y obtenci\u00f3n de grado, as\u00ed como acompa\u00f1amiento de profesores y de los padres o tutores en el seguimiento de los ciclos escolares de los alumnos. Los procesos, tareas y actividades docentes para la informaci\u00f3n de calificaciones, depender\u00e1n del catedr\u00e1tico, pudiendo utilizar env\u00edo de correos electr\u00f3nicos, sitios web o pizarras, propios de la escuela o facultad a la que el alumno est\u00e9 inscrito o aquellas que sean consideradas y acordadas entre los estudiantes y catedr\u00e1ticos.<br>Los procesos acad\u00e9micos, administrativos y de operaci\u00f3n a distancia o presenciales, conllevan en algunos casos la relaci\u00f3n y el necesario intercambio de informaci\u00f3n con el Sistema Educativo Nacional y\/o Internacional, Colegios de profesionistas, Asociaciones profesionales, Institutos, etc.<br><br>La Gesti\u00f3n Administrativa integra procesos y tareas de control interno, creaci\u00f3n y resguardo de expedientes de proveedores, empleados, docentes, alumnos, egresados y exalumnos.<br><br>Tratamientos Particulares<br>Facultades y Escuelas<br><br>Para los alumnos de la Facultad de Odontolog\u00eda, al terminar el 100% de cr\u00e9ditos tiene la obligaci\u00f3n de realizar un a\u00f1o de servicio social para poder titularse, por lo que se podr\u00e1n transferir datos personales como nombre completo, clave de inscripci\u00f3n, CURP, RFC, Tel. de celular, Tel. de casa, direcci\u00f3n, correo electr\u00f3nico y calificaciones a terceros contenidos en la lista de sedes y dependencias gubernamentales autorizadas por la Facultad de Odontolog\u00eda.<br>Para los pacientes de las Cl\u00ednicas de odontolog\u00eda, brindar atenci\u00f3n odontol\u00f3gica requerida e integrar expediente cl\u00ednico, para un tratamiento correcto y remitir los datos a Hospitales, Cl\u00ednicas, M\u00e9dicos y Odont\u00f3logos en caso de urgencia. As\u00ed mismo, se podr\u00e1n utilizar los datos personales con fines educativos, estad\u00edsticos y\/o de investigaci\u00f3n, ya sea para divulgaci\u00f3n interna o externa.<br>Para los alumnos de la Escuela de Medicina en sus procesos acad\u00e9micos se establece que se podr\u00e1n cursar algunas materias fuera de las aulas de la facultad en los semestres 4o, 5o, 6o,7o Y 8o, el internado se realizar\u00e1 en los semestres 9\u00b0 y 10\u00b0 y el servicio social se realizar\u00e1 en 11o y 12o por lo que se podr\u00e1n transferir datos personales como nombre completo, clave de inscripci\u00f3n, CURP, RFC, Tel. de celular, Tel. de casa, direcci\u00f3n, correo electr\u00f3nico y calificaciones a terceros contenidos en la lista de sedes hospitalarias y dependencias gubernamentales autorizadas por la Escuela de Medicina.<br>Para los alumnos de la Escuela Preparatoria, adem\u00e1s de las finalidades generales, se establece que sus tratamientos particulares estar\u00e1n expuestos en Reglamento Interno De La Escuela Preparatoria de la Universidad Quetzalc\u00f3atl.<br> <br><br>\u00c1reas Administrativas y de Apoyo<br>El financiamiento o cr\u00e9dito educativo, as\u00ed las becas son procesos que la Instituci\u00f3n provee a trav\u00e9s de la Rector\u00eda para facilitar la continuidad de los estudios, estos procesos implican la autorizaci\u00f3n del titular de transferir informaci\u00f3n de datos generales a terceros, tanto para quien realizar\u00e1 los estudios socioecon\u00f3micos, como a las Instituciones gubernamentales o privadas que otorguen cr\u00e9ditos o becas y que sean aceptada por la Universidad Quetzalc\u00f3atl.<br><br>El servicio de pr\u00e9stamo de material (Libros, peri\u00f3dicos, audiolibros, videos, etc.) de la Biblioteca o del Centro de C\u00f3mputo utilizar\u00e1 los datos personales de los alumnos para mantener un registro hist\u00f3rico de pr\u00e9stamos, adeudos de material y multas relacionadas, que se describen con mayor detalle en los reglamentos, el titular autoriza al hacer uso de los servicios de este centro a dar seguimiento a las multas hasta su pago total.<br>En los cursos de Formaci\u00f3n Docente la Universidad Quetzalc\u00f3atl est\u00e1 facultada por la aceptaci\u00f3n t\u00e1cita de los titulares al inicio de cualquier programa acad\u00e9mico que aplique, para enviar informaci\u00f3n de datos generales (nombre, tel\u00e9fono), asistencia y calificaciones a las escuelas, universidad o instituci\u00f3n de procedencia de los profesores que la Universidad Quetzalc\u00f3atl haya determinado.<br>La oferta y promoci\u00f3n de vacantes de empleo son responsabilidad de La Bolsa de Trabajo de la Universidad Quetzalc\u00f3atl, la cual, dentro de sus facultades, es autorizada por los usuarios inscritos al servicio para el env\u00edo electr\u00f3nico de su informaci\u00f3n personal, acad\u00e9mica y laboral a las empresas usuarias del servicio. Para la realizaci\u00f3n de las actividades de educaci\u00f3n f\u00edsica y uso de las instalaciones deportivas, el titular deber\u00e1 entregar informaci\u00f3n sensible que sea necesaria para acreditar condici\u00f3n y estado de salud.<br>El uso de los datos financieros o patrimoniales requerir\u00e1 el consentimiento expreso de su titular, salvo que tengan el prop\u00f3sito de cumplir obligaciones derivadas de una relaci\u00f3n jur\u00eddica entre usted y la Universidad Quetzalc\u00f3atl, y las dem\u00e1s excepciones a que se refieren los art\u00edculos 10 y 37 de la Ley.<br>Trat\u00e1ndose de datos personales sensibles, la Universidad Quetzalc\u00f3atl obtiene su consentimiento expreso y por escrito para su tratamiento, a trav\u00e9s de su firma aut\u00f3grafa, firma electr\u00f3nica, o cualquier mecanismo de autenticaci\u00f3n que al efecto se establezca. Conforme a la Ley, no ser\u00e1 necesario el consentimiento para el tratamiento de los datos personales cuando tenga el prop\u00f3sito de cumplir obligaciones derivadas de una relaci\u00f3n jur\u00eddica entre el titular y el responsable.<br><br>Limitaci\u00f3n de Uso y Divulgaci\u00f3n<br>El tratamiento de sus datos personales ser\u00e1 el que resulte necesario, adecuado y relevante en relaci\u00f3n con las finalidades previstas en esta Pol\u00edtica de Privacidad.<br>La Universidad Quetzalc\u00f3atl cumple los principios de protecci\u00f3n de datos personales establecidos por la Ley Federal de Protecci\u00f3n de Datos Personales en Posesi\u00f3n de los Particulares y adopta las medidas necesarias para su aplicaci\u00f3n. Lo anterior aplica a\u00fan y cuando estos datos fueren tratados por un tercero, a solicitud de Universidad Quetzalc\u00f3atl, y con el fin de cubrir el servicio acad\u00e9mico o administrativo necesario, manteniendo la confidencialidad en todo momento. La Universidad Quetzalc\u00f3atl toma las medidas necesarias y suficientes para procurar que esta Pol\u00edtica de Privacidad sea respetada, por \u00e9l o por terceros con los que guarde alguna relaci\u00f3n, para otorgar los servicios o productos establecidos con el titular.<br>Todos los intercambios nacionales y extranjeros son iniciados y tramitados por los titulares de los datos directamente con su escuela o facultad y entregan la documentaci\u00f3n necesaria para los tr\u00e1mites del proceso bajo la responsabilidad del titular y los criterios de privacidad de la instituci\u00f3n seleccionada para el intercambio.<br><br>Derecho de los Titulares de Datos Personales<br>Cualquier titular o, en su caso, su representante legal podr\u00e1(n) ejercer los derechos de acceso, rectificaci\u00f3n, cancelaci\u00f3n y oposici\u00f3n, y la Universidad Quetzalc\u00f3atl proveer\u00e1 los medios que le(s) permita(n) un oportuno ejercicio de sus derechos. El ejercicio de los derechos de acceso, rectificaci\u00f3n, cancelaci\u00f3n, oposici\u00f3n, limitaci\u00f3n de uso o la revocaci\u00f3n del consentimiento, podr\u00e1 solicitarse por escrito podr\u00e1 solicitarse por escrito en el \u00e1rea de Rector\u00eda con la secretaria Alejandra Estefan\u00eda V\u00e1zquez Guti\u00e9rrez, o al correo electr\u00f3nico: uqi@uqi.edu.mx<br>La revocaci\u00f3n del consentimiento puede efectuarse en cualquier momento, sin que se atribuyan efectos retroactivos. Para iniciar el proceso de revocaci\u00f3n, deber\u00e1 indicar de forma precisa el consentimiento que desea revocar por escrito o al correo electr\u00f3nico: uqi@uqi.edu.mx La solicitud, por escrito y\/o electr\u00f3nica, de acceso, rectificaci\u00f3n, cancelaci\u00f3n u oposici\u00f3n, deber\u00e1 contener y acompa\u00f1ar lo siguiente:<br><br>\u2022 Usted o, en su caso, su representante legal, podr\u00e1 ejercer los derechos de acceso, rectificaci\u00f3n, cancelaci\u00f3n y oposici\u00f3n previstos en la Ley.<br>\u2022 S\u00f3lo en los supuestos que precisa la Ley, la Universidad Quetzalc\u00f3atl no estar\u00e1 obligado a cancelar Datos Personales.<br>\u2022 La solicitud de acceso, rectificaci\u00f3n, cancelaci\u00f3n u oposici\u00f3n deber\u00e1 presentarse por escrito o enviarse por correo electr\u00f3nico a la direcci\u00f3n: uqi@uqi.edu.mx y acompa\u00f1ar lo siguiente:<br>\u2022 Nombre del titular y direcci\u00f3n de correo electr\u00f3nico para comunicarle la respuesta a su solicitud.<br>\u2022 Documentos que acrediten la identidad o, en su caso, la representaci\u00f3n legal del titular.<br>\u2022 Descripci\u00f3n clara y precisa de los Datos Personales respecto de los que se busca ejercer alguno de los derechos antes mencionados.<br>\u2022 Cualquier otro elemento o documento que facilite la localizaci\u00f3n de los Datos Personales.<br>\u2022 S\u00f3lo cuando se cumplan los requisitos a que se refiere el inciso inmediato anterior, la Universidad Quetzalc\u00f3atl dar\u00e1 tr\u00e1mite a las solicitudes para el ejercicio de los derechos a que se refiere la Ley.<br>\u2022 En el caso de solicitudes de rectificaci\u00f3n de Datos Personales, el titular deber\u00e1 indicar, adem\u00e1s de lo se\u00f1alado anteriormente, las modificaciones a realizarse y aportar la documentaci\u00f3n que sustente su petici\u00f3n.<br>\u2022 La Universidad Quetzalc\u00f3atl comunicar\u00e1 al titular, en un plazo m\u00e1ximo de noventa d\u00edas naturales, contados desde la fecha en que se recibi\u00f3 la solicitud de acceso, rectificaci\u00f3n, cancelaci\u00f3n u oposici\u00f3n, la determinaci\u00f3n adoptada, a efecto de que, si resulta procedente, se haga efectiva la misma dentro de los quince d\u00edas h\u00e1biles siguientes a la fecha en que se comunica la respuesta. Trat\u00e1ndose de solicitudes de acceso a Datos Personales, proceder\u00e1 la entrega previa acreditaci\u00f3n de la identidad del solicitante o representante legal, seg\u00fan corresponda.<br>\u2022 Los plazos antes referidos podr\u00e1n ser ampliados una sola vez por un periodo igual, siempre y cuando as\u00ed lo justifiquen las circunstancias del caso.<br>\u2022 La obligaci\u00f3n de acceso a la informaci\u00f3n se dar\u00e1 por cumplida cuando se pongan a disposici\u00f3n del titular los Datos Personales; o bien, mediante la expedici\u00f3n de copias simples, documentos electr\u00f3nicos o cualquier otro medio que determine la Universidad Quetzalc\u00f3atl.<br>\u2022 La Universidad Quetzalc\u00f3atl podr\u00e1 negar el acceso a los datos personales, o a realizar la rectificaci\u00f3n o cancelaci\u00f3n o conceder la oposici\u00f3n al tratamiento de los mismos, en los siguientes supuestos:<br>\u2022 Cuando el solicitante no sea el titular de los Datos Personales, o el representante legal no est\u00e9 debidamente acreditado para ello.<br>\u2022 Cuando en sus bases de datos, no se encuentren los Datos Personales de que se trate la solicitud.<br>\u2022 Cuando se lesionen los derechos de un tercero.<br>\u2022 Cuando exista un impedimento legal, o la resoluci\u00f3n de una autoridad competente, que restrinja el acceso a los Datos Personales, o no permita la rectificaci\u00f3n, cancelaci\u00f3n u oposici\u00f3n de los mismos.<br>\u2022 Cuando la rectificaci\u00f3n, cancelaci\u00f3n u oposici\u00f3n haya sido previamente realizada.<br>\u2022 Se refiera a las partes de un contrato privado, social o administrativo, y sean necesarios para su desarrollo y cumplimiento.<br>\u2022 Obstaculice actuaciones judiciales o administrativas vinculadas a obligaciones fiscales, la investigaci\u00f3n y persecuci\u00f3n de delitos, o la actualizaci\u00f3n de sanciones administrativas.<br>\u2022 Sean necesarios para proteger los intereses jur\u00eddicamente tutelados del titular.<br>\u2022 Sean necesarios para realizar una acci\u00f3n en funci\u00f3n del inter\u00e9s p\u00fablico.<br>\u2022 Sean necesarios para realizar una acci\u00f3n en funci\u00f3n del inter\u00e9s p\u00fablico.<br>\u2022 Sean objeto de tratamiento para la prevenci\u00f3n o el diagn\u00f3stico m\u00e9dico o la gesti\u00f3n de servicios de salud; siempre que dicho tratamiento se realice por un profesional de la salud sujeto a un deber de secreto.<br><br>El cambio de la presente Pol\u00edtica de Privacidad podr\u00e1 efectuarse por esta Instituci\u00f3n en cualquier momento y estar\u00e1 disponible en http:\/\/www.uqi.edu.mx Si el titular proporciona sus datos personales significa que ha le\u00eddo, entendido y aceptado los t\u00e9rminos antes expuestos.<br>Universidad Quetzalc\u00f3atl, Blvd. Arandas # 975, Fracc. Tabachines, C.P. 36615, Irapuato, Gto. Tel. (462)6245-065<br><br>\u00daltima modificaci\u00f3n: Abril de 2025.<br><\/pre>\n\n\n\n<p><\/p>\n","protected":false},"excerpt":{"rendered":"<p>AVISO DE PRIVACIDAD En cumplimiento con la Ley Federal de Protecci\u00f3n de Datos Personales en Posesi\u00f3n de los Particulares y con el fin de Asegurar la protecci\u00f3n y privacidad de los datos personales, as\u00ed como regular el acceso, rectificaci\u00f3n, cancelaci\u00f3n y oposici\u00f3n del manejo de los mismos (Fundamento jur\u00eddico: Art. 16 Constitucional Art. 1 y [&hellip;]<\/p>\n","protected":false},"author":1,"featured_media":0,"parent":0,"menu_order":0,"comment_status":"closed","ping_status":"closed","template":"","meta":{"_coblocks_attr":"","_coblocks_dimensions":"","_coblocks_responsive_height":"","_coblocks_accordion_ie_support":"","footnotes":""},"class_list":["post-157","page","type-page","status-publish","hentry"],"_links":{"self":[{"href":"https:\/\/uqi.edu.mx\/index.php?rest_route=\/wp\/v2\/pages\/157","targetHints":{"allow":["GET"]}}],"collection":[{"href":"https:\/\/uqi.edu.mx\/index.php?rest_route=\/wp\/v2\/pages"}],"about":[{"href":"https:\/\/uqi.edu.mx\/index.php?rest_route=\/wp\/v2\/types\/page"}],"author":[{"embeddable":true,"href":"https:\/\/uqi.edu.mx\/index.php?rest_route=\/wp\/v2\/users\/1"}],"replies":[{"embeddable":true,"href":"https:\/\/uqi.edu.mx\/index.php?rest_route=%2Fwp%2Fv2%2Fcomments&post=157"}],"version-history":[{"count":0,"href":"https:\/\/uqi.edu.mx\/index.php?rest_route=\/wp\/v2\/pages\/157\/revisions"}],"wp:attachment":[{"href":"https:\/\/uqi.edu.mx\/index.php?rest_route=%2Fwp%2Fv2%2Fmedia&parent=157"}],"curies":[{"name":"wp","href":"https:\/\/api.w.org\/{rel}","templated":true}]}}