{"id":1182,"date":"2025-08-13T22:38:54","date_gmt":"2025-08-13T22:38:54","guid":{"rendered":"https:\/\/web2.uqi.edu.mx\/?page_id=1182"},"modified":"2025-08-13T22:38:54","modified_gmt":"2025-08-13T22:38:54","slug":"maestria-en-administracion-de-organizaciones-2","status":"publish","type":"page","link":"https:\/\/uqi.edu.mx\/?page_id=1182","title":{"rendered":"MAESTR\u00cdA EN  ADMINISTRACI\u00d3N DE ORGANIZACIONES"},"content":{"rendered":"\n<div class=\"wp-block-group alignwide has-base-color has-custom-color-1-background-color has-text-color has-background has-link-color wp-elements-0b5ce67d31c2536caabcdeff81db0edc is-vertical is-layout-flex wp-container-core-group-is-layout-80882bac wp-block-group-is-layout-flex\" style=\"border-radius:28px;padding-top:var(--wp--preset--spacing--60);padding-right:var(--wp--preset--spacing--60);padding-bottom:var(--wp--preset--spacing--60);padding-left:var(--wp--preset--spacing--60)\">\n<h2 class=\"wp-block-heading has-x-large-font-size\">MAESTR\u00cdA EN ADMINISTRACI\u00d3N DE ORGANIZACIONES<\/h2>\n\n\n\n<p class=\"has-text-align-justify\">El objetivo principal de la Maestr\u00eda en Administraci\u00f3n de Organizaciones, es formar profesionales capacitados para participar en el an\u00e1lisis, adaptaci\u00f3n e implementaci\u00f3n de los avances en la estructura y din\u00e1mica organizacional. El egresado ser\u00e1 capaz de dise\u00f1ar estrategias para planear, organizar, dirigir y controlar los recursos humanos, financieros, contables y mercadol\u00f3gicos, con el fin de desarrollar escenarios corporativos que favorezcan el posicionamiento de la organizaci\u00f3n en su mercado objetivo. Asimismo, aplicar\u00e1 estrategias fiscales y financieras que contribuyan a la rentabilidad de la organizaci\u00f3n, actuando con un alto sentido de responsabilidad, conciencia social, valores humanos y visi\u00f3n directiva.<\/p>\n\n\n\n<p class=\"has-x-small-font-size\"><br>Acuerdo ante la S.E.P. 20192926 de fecha 18 de julio del 2019.<\/p>\n<\/div>\n\n\n\n<div class=\"wp-block-group alignfull has-global-padding is-layout-constrained wp-container-core-group-is-layout-b25ccd55 wp-block-group-is-layout-constrained\" style=\"margin-top:0;margin-bottom:0;padding-top:var(--wp--preset--spacing--50);padding-right:var(--wp--preset--spacing--50);padding-bottom:var(--wp--preset--spacing--50);padding-left:var(--wp--preset--spacing--50)\">\n<div class=\"wp-block-group alignwide has-global-padding is-layout-constrained wp-container-core-group-is-layout-346627ba wp-block-group-is-layout-constrained\">\n<div class=\"wp-block-columns alignwide is-layout-flex wp-container-core-columns-is-layout-08c01c1c wp-block-columns-is-layout-flex\">\n<div class=\"wp-block-column is-layout-flow wp-block-column-is-layout-flow\" style=\"flex-basis:32.90938%\">\n<div class=\"wp-block-cover has-custom-content-position is-position-bottom-center has-base-color has-text-color has-link-color wp-elements-0ff161a84a20d6c7325ec3609104a898 wp-container-content-9cfa9a5a\" style=\"border-radius:28px;padding-top:var(--wp--preset--spacing--60);padding-right:var(--wp--preset--spacing--60);padding-bottom:var(--wp--preset--spacing--60);padding-left:var(--wp--preset--spacing--60);min-height:100%;aspect-ratio:unset;\"><img decoding=\"async\" class=\"wp-block-cover__image-background wp-image-388 size-large\" alt=\"\" src=\"http:\/\/uqi.edu.mx\/wp-content\/uploads\/2025\/03\/3-20.jpg?w=1024\" data-object-fit=\"cover\"\/><span aria-hidden=\"true\" class=\"wp-block-cover__background has-background-dim-40 has-background-dim wp-block-cover__gradient-background has-background-gradient\" style=\"background-color:#8f766d;background:linear-gradient(180deg,rgba(0,0,0,0) 0%,rgb(0,0,0) 76%)\"><\/span><div class=\"wp-block-cover__inner-container is-layout-flow wp-block-cover-is-layout-flow\">\n<h2 class=\"wp-block-heading has-text-align-left has-x-large-font-size\">PLAN DE ESTUDIOS<\/h2>\n\n\n\n<div class=\"wp-block-buttons is-layout-flex wp-block-buttons-is-layout-flex\">\n<div class=\"wp-block-button is-style-fill\"><a class=\"wp-block-button__link has-base-color has-text-color has-link-color wp-element-button\" href=\"https:\/\/uqi.edu.mx\/wp-content\/uploads\/2025\/08\/MAESTRIA-EN-ADMINISTRACION-DE-ORGANIZACIONES.pdf\">Leer m\u00e1s<\/a><\/div>\n<\/div>\n<\/div><\/div>\n<\/div>\n\n\n\n<div class=\"wp-block-column is-layout-flow wp-container-core-column-is-layout-119bc444 wp-block-column-is-layout-flow\" style=\"flex-basis:67.09062%\">\n<div class=\"wp-block-columns is-layout-flex wp-container-core-columns-is-layout-08c01c1c wp-block-columns-is-layout-flex\">\n<div class=\"wp-block-column is-layout-flow wp-block-column-is-layout-flow\">\n<div class=\"wp-block-group has-background-color has-custom-color-1-background-color has-text-color has-background is-vertical is-content-justification-stretch is-layout-flex wp-container-core-group-is-layout-3507db87 wp-block-group-is-layout-flex\" style=\"border-radius:28px;min-height:100%;padding-top:var(--wp--preset--spacing--60);padding-right:var(--wp--preset--spacing--60);padding-bottom:var(--wp--preset--spacing--60);padding-left:var(--wp--preset--spacing--60)\">\n<h2 class=\"wp-block-heading has-x-large-font-size\">VENTAJAS<\/h2>\n\n\n\n<p class=\"has-text-align-justify has-small-font-size\">El plan de estudios y su mapa curricular, se encuentran actualizados y con enfoque a las necesidades del mercado laboral y las tendencias acad\u00e9micas internacionales. Los docentes del posgrado son expertos en sus \u00e1reas de especializaci\u00f3n, con experiencia tanto acad\u00e9mica como profesional. La UQI cuenta con infraestructura moderna, laboratorios y herramientas digitales que facilitan un aprendizaje interactivo y de calidad.<\/p>\n\n\n\n<h4 class=\"wp-block-heading\"><strong><strong>PERFIL DE INGRESO:<\/strong><\/strong><\/h4>\n\n\n\n<p class=\"has-small-font-size\">Certificado Total de Estudios o T\u00edtulo de las siguientes Licenciaturas en: Administraci\u00f3n de Empresas, Contadur\u00eda P\u00fablica, Psicolog\u00eda, Dise\u00f1o Gr\u00e1fico, Derecho, Ingenier\u00eda en Tecnolog\u00edas de la Informaci\u00f3n y Negocios, Ciencias de la Comunicaci\u00f3n, Arquitectura, Ingenier\u00eda Civil, M\u00e9dico Cirujano y Odontolog\u00eda.<\/p>\n\n\n\n<p class=\"has-small-font-size\"><strong>Modalidad Escolarizada<\/strong> (sesiones presenciales, d\u00eda s\u00e1bado)<\/p>\n<\/div>\n<\/div>\n<\/div>\n<\/div>\n<\/div>\n<\/div>\n<\/div>\n\n\n\n<p><\/p>\n","protected":false},"excerpt":{"rendered":"<p>MAESTR\u00cdA EN ADMINISTRACI\u00d3N DE ORGANIZACIONES El objetivo principal de la Maestr\u00eda en Administraci\u00f3n de Organizaciones, es formar profesionales capacitados para participar en el an\u00e1lisis, adaptaci\u00f3n e implementaci\u00f3n de los avances en la estructura y din\u00e1mica organizacional. El egresado ser\u00e1 capaz de dise\u00f1ar estrategias para planear, organizar, dirigir y controlar los recursos humanos, financieros, contables y [&hellip;]<\/p>\n","protected":false},"author":1,"featured_media":0,"parent":0,"menu_order":0,"comment_status":"closed","ping_status":"closed","template":"","meta":{"_coblocks_attr":"","_coblocks_dimensions":"","_coblocks_responsive_height":"","_coblocks_accordion_ie_support":"","footnotes":""},"class_list":["post-1182","page","type-page","status-publish","hentry"],"_links":{"self":[{"href":"https:\/\/uqi.edu.mx\/index.php?rest_route=\/wp\/v2\/pages\/1182","targetHints":{"allow":["GET"]}}],"collection":[{"href":"https:\/\/uqi.edu.mx\/index.php?rest_route=\/wp\/v2\/pages"}],"about":[{"href":"https:\/\/uqi.edu.mx\/index.php?rest_route=\/wp\/v2\/types\/page"}],"author":[{"embeddable":true,"href":"https:\/\/uqi.edu.mx\/index.php?rest_route=\/wp\/v2\/users\/1"}],"replies":[{"embeddable":true,"href":"https:\/\/uqi.edu.mx\/index.php?rest_route=%2Fwp%2Fv2%2Fcomments&post=1182"}],"version-history":[{"count":2,"href":"https:\/\/uqi.edu.mx\/index.php?rest_route=\/wp\/v2\/pages\/1182\/revisions"}],"predecessor-version":[{"id":1185,"href":"https:\/\/uqi.edu.mx\/index.php?rest_route=\/wp\/v2\/pages\/1182\/revisions\/1185"}],"wp:attachment":[{"href":"https:\/\/uqi.edu.mx\/index.php?rest_route=%2Fwp%2Fv2%2Fmedia&parent=1182"}],"curies":[{"name":"wp","href":"https:\/\/api.w.org\/{rel}","templated":true}]}}