{"id":115,"date":"2025-03-18T10:25:32","date_gmt":"2025-03-18T16:25:32","guid":{"rendered":"http:\/\/web2.uqi.edu.mx\/?page_id=115"},"modified":"2026-03-18T17:48:51","modified_gmt":"2026-03-18T17:48:51","slug":"idiomas","status":"publish","type":"page","link":"https:\/\/uqi.edu.mx\/?page_id=115","title":{"rendered":"Idiomas"},"content":{"rendered":"\n<div class=\"wp-block-group alignwide has-global-padding is-layout-constrained wp-container-core-group-is-layout-346627ba wp-block-group-is-layout-constrained\">\n<div class=\"wp-block-columns alignwide is-layout-flex wp-container-core-columns-is-layout-08c01c1c wp-block-columns-is-layout-flex\">\n<div class=\"wp-block-column is-layout-flow wp-block-column-is-layout-flow\" style=\"flex-basis:32.90938%\">\n<div class=\"wp-block-cover is-light has-custom-content-position is-position-bottom-center has-base-color has-text-color has-link-color wp-elements-60a0820b6b00336ef628eee7b5c1a7bd wp-container-content-9cfa9a5a\" style=\"border-radius:28px;padding-top:var(--wp--preset--spacing--60);padding-right:var(--wp--preset--spacing--60);padding-bottom:var(--wp--preset--spacing--60);padding-left:var(--wp--preset--spacing--60);min-height:571px;aspect-ratio:unset;\"><img decoding=\"async\" class=\"wp-block-cover__image-background wp-image-120 size-large\" alt=\"\" src=\"http:\/\/uqi.edu.mx\/wp-content\/uploads\/2025\/03\/ingles-1.jpg?w=858\" data-object-fit=\"cover\"\/><span aria-hidden=\"true\" class=\"wp-block-cover__background has-background-dim-40 has-background-dim wp-block-cover__gradient-background has-background-gradient\" style=\"background-color:#aca390;background:linear-gradient(180deg,rgba(0,0,0,0) 0%,rgb(0,0,0) 76%)\"><\/span><div class=\"wp-block-cover__inner-container is-layout-flow wp-block-cover-is-layout-flow\">\n<h2 class=\"wp-block-heading has-text-align-left has-x-large-font-size\"><strong>Do you speak English?<\/strong><\/h2>\n\n\n\n<p class=\"has-small-font-size\">Esta es a la segunda pregunta a la que actualmente se enfrentan todos los estudiantes y profesionales en la b\u00fasqueda de un empleo.<\/p>\n<\/div><\/div>\n<\/div>\n\n\n\n<div class=\"wp-block-column is-layout-flow wp-container-core-column-is-layout-119bc444 wp-block-column-is-layout-flow\" style=\"flex-basis:67.09062%\">\n<div class=\"wp-block-group has-base-color has-custom-color-1-background-color has-text-color has-background has-link-color wp-elements-dbc6d2c90cba3275357364fad08c98b5 is-vertical is-layout-flex wp-container-core-group-is-layout-80882bac wp-block-group-is-layout-flex\" style=\"border-radius:28px;padding-top:var(--wp--preset--spacing--60);padding-right:var(--wp--preset--spacing--60);padding-bottom:var(--wp--preset--spacing--60);padding-left:var(--wp--preset--spacing--60)\">\n<p class=\"has-text-align-left justify has-small-font-size\">Para la Universidad Quetzalc\u00f3atl en Irapuato, es esencial preparar a sus alumnos para los retos del mundo actual, es decir, brindarles las herramientas que los har\u00e1n m\u00e1s competitivos en el mercado laboral, as\u00ed como tener las mejores oportunidades para quienes deseen obtener un posgrado internacional.<br>El ingl\u00e9s es la lengua mundial de negocios y comercio por excelencia, ya que la respaldan sus 942 millones de hablantes (nativos y no nativos) alrededor del mundo (CCLS Houston, 2018). Es por eso que cursar ingl\u00e9s forma parte del desarrollo integral de nuestros alumnos.<br>Adem\u00e1s, a partir de agosto de 2025, ofreceremos clases de franc\u00e9s e italiano al p\u00fablico en general y a nuestros alumnos que ya hayan cumplido satisfactoriamente con el requisito de ingl\u00e9s para titulaci\u00f3n, teniendo como objetivo en una primera etapa, que los alumnos lleguen a un nivel A2 de acuerdo con el Marco com\u00fan Europeo de referencia para las lenguas, el cual indica que la<br>persona puede comunicar sus necesidades, su situaci\u00f3n actual as\u00ed como describir lugares o personas, ideal para personas que desean viajar o conversar con turistas.<\/p>\n<\/div>\n\n\n\n<div class=\"wp-block-columns is-layout-flex wp-container-core-columns-is-layout-08c01c1c wp-block-columns-is-layout-flex\">\n<div class=\"wp-block-column is-layout-flow wp-block-column-is-layout-flow\"><\/div>\n<\/div>\n<\/div>\n<\/div>\n\n\n\n<div class=\"wp-block-buttons is-content-justification-center is-layout-flex wp-container-core-buttons-is-layout-a89b3969 wp-block-buttons-is-layout-flex\">\n<div class=\"wp-block-button\"><a class=\"wp-block-button__link has-background wp-element-button\" href=\"https:\/\/uqi.edu.mx\/wp-content\/uploads\/2025\/06\/Formato-Inscripcion-INGLES.pdf\" style=\"background-color:#2e8be1\">Formato Alta de Materia<\/a><\/div>\n\n\n\n<div class=\"wp-block-button\"><a class=\"wp-block-button__link has-background wp-element-button\" href=\"https:\/\/uqi.edu.mx\/wp-content\/uploads\/2025\/09\/ingles-26.jpg\" style=\"background-color:#2e8be1\">Calendario Ingles<\/a><\/div>\n<\/div>\n\n\n\n<div class=\"wp-block-group alignwide has-global-padding is-layout-constrained wp-block-group-is-layout-constrained\">\n<div class=\"wp-block-columns alignwide are-vertically-aligned-center is-layout-flex wp-container-core-columns-is-layout-d6d4bbd0 wp-block-columns-is-layout-flex\" style=\"padding-right:0;padding-left:0\">\n<div class=\"wp-block-column is-vertically-aligned-center is-layout-flow wp-container-core-column-is-layout-119bc444 wp-block-column-is-layout-flow\" style=\"flex-basis:50%\">\n<div class=\"wp-block-columns is-layout-flex wp-container-core-columns-is-layout-28f84493 wp-block-columns-is-layout-flex\">\n<div class=\"wp-block-column is-layout-flow wp-block-column-is-layout-flow\" style=\"flex-basis:100%\">\n<div class=\"wp-block-group has-background-color has-text-color has-background has-global-padding is-layout-constrained wp-container-core-group-is-layout-db32e940 wp-block-group-is-layout-constrained\" style=\"border-radius:28px;background-color:#f39b0d;min-height:100%;padding-top:var(--wp--preset--spacing--60);padding-right:var(--wp--preset--spacing--60);padding-bottom:var(--wp--preset--spacing--60);padding-left:var(--wp--preset--spacing--60)\">\n<p class=\"has-x-large-font-size\"><strong>Titulaci\u00f3n<\/strong><\/p>\n\n\n\n<p class=\"has-text-align-justify justificado has-small-font-size\">De acuerdo a nuestro reglamento vigente, entre los requisitos que deber\u00e1s presentar para poder titularte a nivel licenciatura escolarizada, est\u00e1 el certificado de acreditaci\u00f3n del idioma ingl\u00e9s. Actualmente es necesario cursar y aprobar hasta terminar el nivel 6 de nuestro programa.<br><br>*Para personas que completaron alg\u00fan nivel antes de agosto del 2024 se les respetar\u00e1 el requisito anterior, que era de 5 niveles.<\/p>\n\n\n\n<p><\/p>\n\n\n\n<p class=\"has-x-large-font-size\" id=\"u736170-8\"><strong>Cursar los niveles en UQI<\/strong><\/p>\n\n\n\n<p class=\"has-small-font-size\" id=\"u736170-11\">Es la opci\u00f3n m\u00e1s sencilla para aprender el idioma y cumplir con tu requisito de titulaci\u00f3n. Puedes iniciar desde el nivel 1, o bien, hacer un examen de ubicaci\u00f3n para iniciar en un nivel m\u00e1s avanzado si es que ya hab\u00edas estudiado previamente.<\/p>\n\n\n\n<p class=\"has-small-font-size\" id=\"u736170-20\">Los ex\u00e1menes de ubicaci\u00f3n se ofrecen siempre en los d\u00edas previos al periodo de inscripciones de ingl\u00e9s.<\/p>\n\n\n\n<p><\/p>\n\n\n\n<p class=\"has-x-large-font-size\" id=\"u736170-20\"><strong>Acreditaci\u00f3n por ex\u00e1menes de certificaci\u00f3n<\/strong><\/p>\n\n\n\n<p class=\"has-small-font-size\" id=\"u736170-20\">A partir de 2026, los estudiantes que ya tengan conocimientos de ingl\u00e9s, que superen el nivel 6 en el examen de ubicaci\u00f3n, o cursen en otra escuela de idiomas podr\u00e1n acreditar su nivel presentando alguno de los siguientes ex\u00e1menes de certificaci\u00f3n en nuestro plantel Irapuato:<\/p>\n\n\n\n<p class=\"has-small-font-size\" id=\"u736170-20\">-EnglishScore del British Council nivel B1 con puntaje m\u00ednimo de 350 en todas las \u00e1reas.<\/p>\n\n\n\n<p class=\"has-small-font-size\">-Cambridge examinations con resultado B1, y puntaje total m\u00ednimo de 150.<\/p>\n\n\n\n<p class=\"has-small-font-size\">-En caso de contar con una certificaci\u00f3n de otra instituci\u00f3n, solamente se podr\u00e1 revisar para validaci\u00f3n si tiene fecha de aplicaci\u00f3n de 2025 o anterior. Puedes consultarnos para conocer los puntajes requeridos, o solicitar una equivalencia.<\/p>\n\n\n\n<p class=\"has-small-font-size\" id=\"u736170-20\">En breve estaremos publicando el calendario de aplicaciones y los costos.<\/p>\n\n\n\n<p class=\"has-x-large-font-size\" id=\"u736170-20\"><strong><br><\/strong><\/p>\n<\/div>\n<\/div>\n<\/div>\n<\/div>\n\n\n\n<div class=\"wp-block-column is-layout-flow wp-block-column-is-layout-flow\" style=\"flex-basis:50%\">\n<figure class=\"wp-block-image size-large\" style=\"margin-right:var(--wp--preset--spacing--40);margin-left:var(--wp--preset--spacing--40)\"><img loading=\"lazy\" decoding=\"async\" width=\"1024\" height=\"683\" src=\"https:\/\/uqi.edu.mx\/wp-content\/uploads\/2026\/01\/561584709_849868274062795_5835318467482144236_n-1024x683.jpg\" alt=\"\" class=\"wp-image-1360\" srcset=\"https:\/\/uqi.edu.mx\/wp-content\/uploads\/2026\/01\/561584709_849868274062795_5835318467482144236_n-1024x683.jpg 1024w, https:\/\/uqi.edu.mx\/wp-content\/uploads\/2026\/01\/561584709_849868274062795_5835318467482144236_n-300x200.jpg 300w, https:\/\/uqi.edu.mx\/wp-content\/uploads\/2026\/01\/561584709_849868274062795_5835318467482144236_n-768x512.jpg 768w, https:\/\/uqi.edu.mx\/wp-content\/uploads\/2026\/01\/561584709_849868274062795_5835318467482144236_n-1536x1024.jpg 1536w, https:\/\/uqi.edu.mx\/wp-content\/uploads\/2026\/01\/561584709_849868274062795_5835318467482144236_n.jpg 2048w\" sizes=\"auto, (max-width: 1024px) 100vw, 1024px\" \/><\/figure>\n\n\n\n<figure class=\"wp-block-image size-large\" style=\"margin-right:var(--wp--preset--spacing--40);margin-left:var(--wp--preset--spacing--40)\"><img loading=\"lazy\" decoding=\"async\" width=\"1024\" height=\"683\" src=\"https:\/\/uqi.edu.mx\/wp-content\/uploads\/2026\/01\/561628450_849868140729475_4333982272769973850_n-1024x683.jpg\" alt=\"\" class=\"wp-image-1361\" srcset=\"https:\/\/uqi.edu.mx\/wp-content\/uploads\/2026\/01\/561628450_849868140729475_4333982272769973850_n-1024x683.jpg 1024w, https:\/\/uqi.edu.mx\/wp-content\/uploads\/2026\/01\/561628450_849868140729475_4333982272769973850_n-300x200.jpg 300w, https:\/\/uqi.edu.mx\/wp-content\/uploads\/2026\/01\/561628450_849868140729475_4333982272769973850_n-768x512.jpg 768w, https:\/\/uqi.edu.mx\/wp-content\/uploads\/2026\/01\/561628450_849868140729475_4333982272769973850_n-1536x1024.jpg 1536w, https:\/\/uqi.edu.mx\/wp-content\/uploads\/2026\/01\/561628450_849868140729475_4333982272769973850_n.jpg 2048w\" sizes=\"auto, (max-width: 1024px) 100vw, 1024px\" \/><\/figure>\n\n\n\n<figure class=\"wp-block-image size-large\" style=\"margin-right:var(--wp--preset--spacing--40);margin-left:var(--wp--preset--spacing--40)\"><img loading=\"lazy\" decoding=\"async\" width=\"1024\" height=\"683\" src=\"https:\/\/uqi.edu.mx\/wp-content\/uploads\/2026\/01\/561338708_849868564062766_6204734888277524259_n-1024x683.jpg\" alt=\"\" class=\"wp-image-1362\" srcset=\"https:\/\/uqi.edu.mx\/wp-content\/uploads\/2026\/01\/561338708_849868564062766_6204734888277524259_n-1024x683.jpg 1024w, https:\/\/uqi.edu.mx\/wp-content\/uploads\/2026\/01\/561338708_849868564062766_6204734888277524259_n-300x200.jpg 300w, https:\/\/uqi.edu.mx\/wp-content\/uploads\/2026\/01\/561338708_849868564062766_6204734888277524259_n-768x512.jpg 768w, https:\/\/uqi.edu.mx\/wp-content\/uploads\/2026\/01\/561338708_849868564062766_6204734888277524259_n-1536x1024.jpg 1536w, https:\/\/uqi.edu.mx\/wp-content\/uploads\/2026\/01\/561338708_849868564062766_6204734888277524259_n.jpg 2048w\" sizes=\"auto, (max-width: 1024px) 100vw, 1024px\" \/><\/figure>\n\n\n\n<figure class=\"wp-block-image size-large\" style=\"margin-right:var(--wp--preset--spacing--40);margin-left:var(--wp--preset--spacing--40)\"><img loading=\"lazy\" decoding=\"async\" width=\"1024\" height=\"683\" src=\"https:\/\/uqi.edu.mx\/wp-content\/uploads\/2026\/01\/561283932_849868170729472_105927763919464927_n-1024x683.jpg\" alt=\"\" class=\"wp-image-1363\" srcset=\"https:\/\/uqi.edu.mx\/wp-content\/uploads\/2026\/01\/561283932_849868170729472_105927763919464927_n-1024x683.jpg 1024w, https:\/\/uqi.edu.mx\/wp-content\/uploads\/2026\/01\/561283932_849868170729472_105927763919464927_n-300x200.jpg 300w, https:\/\/uqi.edu.mx\/wp-content\/uploads\/2026\/01\/561283932_849868170729472_105927763919464927_n-768x512.jpg 768w, https:\/\/uqi.edu.mx\/wp-content\/uploads\/2026\/01\/561283932_849868170729472_105927763919464927_n-1536x1024.jpg 1536w, https:\/\/uqi.edu.mx\/wp-content\/uploads\/2026\/01\/561283932_849868170729472_105927763919464927_n.jpg 2048w\" sizes=\"auto, (max-width: 1024px) 100vw, 1024px\" \/><\/figure>\n<\/div>\n<\/div>\n<\/div>\n<\/div>\n\n\n\n<p><\/p>\n","protected":false},"excerpt":{"rendered":"<p>Para la Universidad Quetzalc\u00f3atl en Irapuato, es esencial preparar a sus alumnos para los retos del mundo actual, es decir, brindarles las herramientas que los har\u00e1n m\u00e1s competitivos en el mercado laboral, as\u00ed como tener las mejores oportunidades para quienes deseen obtener un posgrado internacional.El ingl\u00e9s es la lengua mundial de negocios y comercio por [&hellip;]<\/p>\n","protected":false},"author":1,"featured_media":0,"parent":0,"menu_order":0,"comment_status":"closed","ping_status":"closed","template":"","meta":{"_coblocks_attr":"","_coblocks_dimensions":"","_coblocks_responsive_height":"","_coblocks_accordion_ie_support":"","footnotes":""},"class_list":["post-115","page","type-page","status-publish","hentry"],"_links":{"self":[{"href":"https:\/\/uqi.edu.mx\/index.php?rest_route=\/wp\/v2\/pages\/115","targetHints":{"allow":["GET"]}}],"collection":[{"href":"https:\/\/uqi.edu.mx\/index.php?rest_route=\/wp\/v2\/pages"}],"about":[{"href":"https:\/\/uqi.edu.mx\/index.php?rest_route=\/wp\/v2\/types\/page"}],"author":[{"embeddable":true,"href":"https:\/\/uqi.edu.mx\/index.php?rest_route=\/wp\/v2\/users\/1"}],"replies":[{"embeddable":true,"href":"https:\/\/uqi.edu.mx\/index.php?rest_route=%2Fwp%2Fv2%2Fcomments&post=115"}],"version-history":[{"count":14,"href":"https:\/\/uqi.edu.mx\/index.php?rest_route=\/wp\/v2\/pages\/115\/revisions"}],"predecessor-version":[{"id":1555,"href":"https:\/\/uqi.edu.mx\/index.php?rest_route=\/wp\/v2\/pages\/115\/revisions\/1555"}],"wp:attachment":[{"href":"https:\/\/uqi.edu.mx\/index.php?rest_route=%2Fwp%2Fv2%2Fmedia&parent=115"}],"curies":[{"name":"wp","href":"https:\/\/api.w.org\/{rel}","templated":true}]}}